{"id":965,"date":"2019-04-22T12:12:49","date_gmt":"2019-04-22T11:12:49","guid":{"rendered":"http:\/\/lssq-consulting.com\/?page_id=965"},"modified":"2021-02-02T20:39:17","modified_gmt":"2021-02-02T19:39:17","slug":"iso-9001","status":"publish","type":"page","link":"https:\/\/lssq-consulting.com\/en\/iso-9001\/","title":{"rendered":"ISO 9001"},"content":{"rendered":"<div class=\"wpb-content-wrapper\"><p>[vc_row full_height=&#8221;yes&#8221; css=&#8221;.vc_custom_1610387695987{background-image: url(http:\/\/lssq-consulting.com\/wp-content\/uploads\/man-working-sunshine-floor-window-home-102078-pxhere.com_-scaled.jpg?id=1713) !important;background-position: center !important;background-repeat: no-repeat !important;background-size: cover !important;}&#8221;][vc_column][vc_row_inner css=&#8221;.vc_custom_1610387576111{background-position: center !important;background-repeat: no-repeat !important;background-size: cover !important;}&#8221;][vc_column_inner width=&#8221;2\/3&#8243;][vc_column_text css=&#8221;.vc_custom_1610386041370{margin-bottom: 0px !important;}&#8221;]<\/p>\n<h1 style=\"text-align: left; padding-left: 40px;\"><span style=\"color: #545151; font-size: 24pt; font-family: arial, helvetica, sans-serif;\"><strong>CONSULTOR\u00cdA ISO<span style=\"font-family: arial, helvetica, sans-serif;\"> 9001<\/span><\/strong><\/span><\/h1>\n<h4><\/h4>\n<p>[\/vc_column_text][vc_empty_space height=&#8221;60px&#8221;][vc_column_text css=&#8221;.vc_custom_1610387019718{margin-bottom: 0px !important;}&#8221;]<\/p>\n<p style=\"text-align: justify; padding-left: 40px;\"><span style=\"color: #545151; font-size: 12pt; font-family: arial, helvetica, sans-serif;\">Llevamos m\u00e1s de 15 a\u00f1os especializados en auditor\u00edas, implantaci\u00f3n y certificaci\u00f3n de sistemas de gesti\u00f3n, especialmente la norma ISO 9001. Gracias a esta experiencia podemos ofrecerle un trato personalizado y adecuado a su modelo de negocio.\u00a0<\/span><\/p>\n<p>[\/vc_column_text][vc_empty_space height=&#8221;60px&#8221;][\/vc_column_inner][vc_column_inner width=&#8221;1\/3&#8243;][\/vc_column_inner][\/vc_row_inner][\/vc_column][\/vc_row][vc_row content_placement=&#8221;middle&#8221;][vc_column width=&#8221;2\/3&#8243;][vc_column_text]<\/p>\n<p style=\"text-align: justify;\"><span style=\"font-family: arial, helvetica, sans-serif;\">Los requisitos de la norma ISO 9001 exigen la identificaci\u00f3n y evaluaci\u00f3n de los riesgos asociados a su organizaci\u00f3n y a los procesos que constituyen la base de su negocio. Con nuestra ayuda, esta etapa decisiva quedar\u00e1 definida de un modo muy pr\u00e1ctico y eficaz, al igual que la identificaci\u00f3n de las expectativas de todas las partes interesadas en su negocio y el contexto en que se enmarca su organizaci\u00f3n.<\/span><\/p>\n<p style=\"text-align: justify;\"><span style=\"font-family: arial, helvetica, sans-serif;\">Otro punto crucial surge de la clara orientaci\u00f3n a procesos presente en la norma ISO 9001, cuya asunci\u00f3n precisa describir los procesos con exactitud, indicando responsables, entradas y salidas, recursos, indicadores, etc. Pero lejos de adoptar un visi\u00f3n burocr\u00e1tica, nuestro objetivo es realizar una implantaci\u00f3n funcional y pragm\u00e1tica donde cada punto exigible por la norma aporte valor a su organizaci\u00f3n.<\/span><\/p>\n<p style=\"text-align: justify;\"><span style=\"font-family: arial, helvetica, sans-serif;\">Por todo ello hemos dise\u00f1ado una consultor\u00eda muy pr\u00e1ctica y pr\u00f3xima, fielmente acomodada al rimo de trabajo de su empresa, eludiendo toda sobrecarga de trabajo para sus empleados y responsables.<\/span><\/p>\n<p>[\/vc_column_text][\/vc_column][vc_column width=&#8221;1\/3&#8243;][vc_single_image image=&#8221;2024&#8243; img_size=&#8221;medium&#8221;][\/vc_column][\/vc_row][vc_row content_placement=&#8221;middle&#8221;][vc_column][vc_column_text]<\/p>\n<p style=\"text-align: justify;\"><span style=\"font-family: arial, helvetica, sans-serif; font-size: 18pt; color: #003366;\">Con la certificaci\u00f3n de la norma ISO 9001 todo son ventajas:<\/span><\/p>\n<p>[\/vc_column_text][\/vc_column][\/vc_row][vc_row gap=&#8221;2&#8243; equal_height=&#8221;yes&#8221; css=&#8221;.vc_custom_1610389342000{padding-top: 20px !important;padding-bottom: 20px !important;}&#8221;][vc_column width=&#8221;1\/6&#8243;][vc_single_image image=&#8221;2030&#8243; img_size=&#8221;50&#215;100&#8243; alignment=&#8221;right&#8221;][\/vc_column][vc_column width=&#8221;2\/3&#8243;][vc_column_text]<\/p>\n<h3 style=\"text-align: justify;\"><span style=\"color: #1e73be; font-family: arial, helvetica, sans-serif;\">Mejora la satisfacci\u00f3n del cliente<\/span><\/h3>\n<p style=\"text-align: justify;\"><span style=\"font-family: arial, helvetica, sans-serif;\">La gesti\u00f3n de c\u00f3mo de satisfechos se encuentran sus clientes y otras partes interesadas en su negocio pasa a pivotar decisivamente la estrategia empresarial. Introducir\u00e1 la administraci\u00f3n de no conformidades internas y externas en un ciclo de mejora continua destinado a hacer crecer la calidad dentro de su organizaci\u00f3n. Y todo desde un punto de vista de ciclo de vida.<\/span><\/p>\n<p>[\/vc_column_text][\/vc_column][vc_column width=&#8221;1\/6&#8243;][\/vc_column][\/vc_row][vc_row gap=&#8221;2&#8243; equal_height=&#8221;yes&#8221; css=&#8221;.vc_custom_1610389342000{padding-top: 20px !important;padding-bottom: 20px !important;}&#8221;][vc_column width=&#8221;1\/6&#8243;][vc_single_image image=&#8221;2029&#8243; img_size=&#8221;50&#215;100&#8243; alignment=&#8221;right&#8221;][\/vc_column][vc_column width=&#8221;2\/3&#8243;][vc_column_text]<\/p>\n<h3 style=\"text-align: justify;\"><span style=\"color: #1e73be; font-family: arial, helvetica, sans-serif;\">Mejora la credibilidad y la imagen de su empresa<\/span><\/h3>\n<p style=\"text-align: justify;\"><span style=\"font-family: arial, helvetica, sans-serif;\">Adquirir\u00e1 m\u00e1s cuota de mercado al cumplir con un requisito demandado por muchos clientes . La existencia de un sistema de gesti\u00f3n de la calidad es un requisito com\u00fan para muchas empresas que buscan proveedores de confianza.<\/span><\/p>\n<p>[\/vc_column_text][\/vc_column][vc_column width=&#8221;1\/6&#8243;][\/vc_column][\/vc_row][vc_row gap=&#8221;2&#8243; equal_height=&#8221;yes&#8221; css=&#8221;.vc_custom_1610389342000{padding-top: 20px !important;padding-bottom: 20px !important;}&#8221;][vc_column width=&#8221;1\/6&#8243;][vc_single_image image=&#8221;2028&#8243; img_size=&#8221;50&#215;100&#8243; alignment=&#8221;right&#8221;][\/vc_column][vc_column width=&#8221;2\/3&#8243;][vc_column_text]<\/p>\n<h3 style=\"text-align: justify;\"><span style=\"color: #1e73be; font-family: arial, helvetica, sans-serif;\">Mejoran las evidencias que ayudan a tomar decisiones<\/span><\/h3>\n<p style=\"text-align: justify;\"><span style=\"font-family: arial, helvetica, sans-serif;\">Los datos analizados dejan de ser datos para pasar a ser informaci\u00f3n, muy \u00fatil y decisiva a la hora de adoptar decisiones tanto empresariales como de calidad. No hay mejora posible sin medici\u00f3n. Una lista de indicadores clave orientar\u00e1 la estrategia de su negocio.<\/span><\/p>\n<p>[\/vc_column_text][\/vc_column][vc_column width=&#8221;1\/6&#8243;][\/vc_column][\/vc_row][vc_row gap=&#8221;2&#8243; equal_height=&#8221;yes&#8221; css=&#8221;.vc_custom_1610389342000{padding-top: 20px !important;padding-bottom: 20px !important;}&#8221;][vc_column width=&#8221;1\/6&#8243;][vc_single_image image=&#8221;2027&#8243; img_size=&#8221;50&#215;100&#8243; alignment=&#8221;right&#8221;][\/vc_column][vc_column width=&#8221;2\/3&#8243;][vc_column_text]<\/p>\n<h3 style=\"text-align: justify;\"><span style=\"color: #1e73be; font-family: arial, helvetica, sans-serif;\">Mejora la integraci\u00f3n de sus procesos<\/span><\/h3>\n<p style=\"text-align: justify;\"><span style=\"font-family: arial, helvetica, sans-serif;\">Su organizaci\u00f3n no solamente se dedicar\u00e1 a fabricar productos o vender servicios, sino que lograr\u00e1 m\u00e1xima eficiencia en unos procesos, independientes entre s\u00ed, orientados a alcanzar ciertos objetivos estrat\u00e9gicos que se mejoran continuamente. La integraci\u00f3n de todos los procesos y la orientaci\u00f3n al cliente aportar\u00e1 a su empresa el eslab\u00f3n definitivo que inicie el camino de la calidad total.<\/span><\/p>\n<p>[\/vc_column_text][\/vc_column][vc_column width=&#8221;1\/6&#8243;][\/vc_column][\/vc_row][vc_row gap=&#8221;2&#8243; equal_height=&#8221;yes&#8221; css=&#8221;.vc_custom_1610389342000{padding-top: 20px !important;padding-bottom: 20px !important;}&#8221;][vc_column width=&#8221;1\/6&#8243;][vc_single_image image=&#8221;2026&#8243; img_size=&#8221;50&#215;100&#8243; alignment=&#8221;right&#8221;][\/vc_column][vc_column width=&#8221;2\/3&#8243;][vc_column_text]<\/p>\n<h3 style=\"text-align: justify;\"><span style=\"color: #1e73be; font-family: arial, helvetica, sans-serif;\">Conseguir\u00e1 empleados comprometidos con la empresa<\/span><\/h3>\n<p style=\"text-align: justify;\"><span style=\"font-family: arial, helvetica, sans-serif;\">Consecutivamente los trabajadores y otras partes interesadas advertir\u00e1n su empoderamiento dentro de la organizaci\u00f3n. La eliminaci\u00f3n paulatina de los costes de no calidad, mejorar\u00e1 los beneficios tangibles o econ\u00f3micos y los beneficios intangibles o de reputaci\u00f3n y compromiso.<\/span><\/p>\n<p>[\/vc_column_text][\/vc_column][vc_column width=&#8221;1\/6&#8243;][\/vc_column][\/vc_row][vc_row gap=&#8221;2&#8243; equal_height=&#8221;yes&#8221; css=&#8221;.vc_custom_1610389342000{padding-top: 20px !important;padding-bottom: 20px !important;}&#8221;][vc_column width=&#8221;1\/6&#8243;][vc_single_image image=&#8221;2025&#8243; img_size=&#8221;50&#215;100&#8243; alignment=&#8221;right&#8221;][\/vc_column][vc_column width=&#8221;2\/3&#8243;][vc_column_text]<\/p>\n<h3 style=\"text-align: justify;\"><span style=\"color: #1e73be; font-family: arial, helvetica, sans-serif;\">Fomenta la creaci\u00f3n de una cultura de mejora continua<\/span><\/h3>\n<p style=\"text-align: justify;\"><span style=\"font-family: arial, helvetica, sans-serif;\">La mejora de la eficiencia de la organizaci\u00f3n es un camino lento y sin interrupciones que exige una modificaci\u00f3n de la cultura de la empresa. La meta es ambiciosa y muy interesante, porque no solo mejorar\u00e1n los resultados empresariales y disminuir\u00e1 la insatisfacci\u00f3n de los clientes: tambi\u00e9n se mejorar\u00e1 en la motivaci\u00f3n del personal trabajador y su implicaci\u00f3n en los asuntos de la organizaci\u00f3n, alcanzando con ello un clima laboral envidiable donde todos los empleados se sienten part\u00edcipes del \u00e9xito y del esfuerzo dedicado.<\/span><\/p>\n<p>[\/vc_column_text][\/vc_column][vc_column width=&#8221;1\/6&#8243;][\/vc_column][\/vc_row][vc_row css=&#8221;.vc_custom_1610379663197{padding-top: 20px !important;padding-bottom: 20px !important;}&#8221;][vc_column width=&#8221;1\/3&#8243;][vc_gallery type=&#8221;image_grid&#8221; images=&#8221;1807,1756,1724,1711,1701,1696,1704,1705&#8243; onclick=&#8221;&#8221;][\/vc_column][vc_column width=&#8221;2\/3&#8243;][vc_cta h2=&#8221;&#8221;]<span style=\"font-family: arial, helvetica, sans-serif; font-size: 14pt; color: #808080;\">Por qu\u00e9 elegir LSSQ CONSULTING<\/span><\/p>\n<ul>\n<li><span style=\"color: #333333;\">Porque nuestros clientes son siempre lo primero.\u00a0<strong>Siempre<\/strong>.<\/span><\/li>\n<li><span style=\"color: #333333;\">Porque en todos los proyectos que realizamos nuestros clientes conocen siempre de antemano los aspectos y el alcance real de nuestra colaboraci\u00f3n profesional.\u00a0<strong>Sin sorpresas<\/strong>.<\/span><\/li>\n<li><span style=\"color: #333333;\">Porque nuestros clientes conocen, desde el inicio, los honorarios profesionales y los gastos que genera nuestra colaboraci\u00f3n.<\/span><\/li>\n<li><span style=\"color: #333333;\">Porque asignamos a la realizaci\u00f3n de los proyectos a profesionales con la m\u00e1s alta cualificaci\u00f3n: Auditores Jefe, Black Belt , Lean Expert, etc.<\/span><\/li>\n<li><span style=\"color: #333333;\">Porque somos una empresa que mejora continuamente y nos interesamos por cualquier sugerencia, cr\u00edtica o quejas que nuestros clientes tengan oportuno hacernos.\u00a0<strong>Ponemos en pr\u00e1ctica lo que ense\u00f1amos<\/strong>.<\/span><\/li>\n<li><span style=\"color: #333333;\">Porque nuestros clientes est\u00e1n permanentemente informados del grado de avance de los proyectos y le dispensamos un trato humano excelente, no solo profesional.<\/span><\/li>\n<li><span style=\"color: #333333;\">Porque mantenemos la m\u00e1s estricta confidencialidad sobre la informaci\u00f3n de nuestros clientes a la que podamos acceder.<\/span><\/li>\n<li><span style=\"color: #333333;\">Porque, siendo una empresa de consultor\u00eda, concedemos una extrema importancia a la transferencia de conocimientos y a compartir nuestras experiencias.<\/span><\/li>\n<li><span style=\"color: #333333;\">Porque nos enorgullece que nuestros clientes nos exijan cumplir por encima de las expectativas que les hayamos podido generar.<\/span><\/li>\n<\/ul>\n<p>[\/vc_cta][\/vc_column][\/vc_row][vc_row][vc_column width=&#8221;1\/3&#8243;][wpforms id=&#8221;1435&#8243; title=&#8221;false&#8221; description=&#8221;false&#8221;][\/vc_column][vc_column width=&#8221;1\/3&#8243;][vc_btn title=&#8221;SOLICITE INFORMACI\u00d3N O PRESUPUESTO&#8221; color=&#8221;white&#8221; link=&#8221;url:http%3A%2F%2Flssq-consulting.com%2Fcontacto%2F|||rel:nofollow&#8221;][vc_column_text]<\/p>\n<h5><span style=\"color: #003366;\">Si le interesa implantar la norma ISO 9001:2015 en su empresa, escr\u00edbanos y le enviaremos un presupuesto sin compromiso.<\/span><\/h5>\n<h5><\/h5>\n<p>[\/vc_column_text][vc_column_text]<\/p>\n<h5><span style=\"color: #003366;\">S<\/span><span style=\"color: #003366;\">i lo prefiere, puede llamarnos 91 827 13 79 o escribirnos a info@lssq-consulting.com<\/span><\/h5>\n<p>[\/vc_column_text][vc_message]<em>Al pulsar el bot\u00f3n de ENVIAR usted acepta expl\u00edcitamente la pol\u00edtica de protecci\u00f3n de datos. Puede consultar informaci\u00f3n adicional y detallada en nuestra\u00a0<a href=\"http:\/\/lssq-consulting.com\/politica-de-privacidad\/\">Pol\u00edtica de Privacidad<\/a>.<\/em>[\/vc_message][\/vc_column][vc_column width=&#8221;1\/3&#8243;][vc_single_image image=&#8221;1874&#8243; img_size=&#8221;medium&#8221;][\/vc_column][\/vc_row]<\/p>\n<\/div>","protected":false},"excerpt":{"rendered":"<p>[vc_row full_height=&#8221;yes&#8221; css=&#8221;.vc_custom_1610387695987{background-image: url(http:\/\/lssq-consulting.com\/wp-content\/uploads\/man-working-sunshine-floor-window-home-102078-pxhere.com_-scaled.jpg?id=1713) !important;background-position: center !important;background-repeat: no-repeat !important;background-size: cover !important;}&#8221;][vc_column][vc_row_inner css=&#8221;.vc_custom_1610387576111{background-position: center !important;background-repeat: no-repeat !important;background-size: cover !important;}&#8221;][vc_column_inner width=&#8221;2\/3&#8243;][vc_column_text css=&#8221;.vc_custom_1610386041370{margin-bottom: 0px !important;}&#8221;] CONSULTOR\u00cdA ISO 9001 [\/vc_column_text][vc_empty_space height=&#8221;60px&#8221;][vc_column_text css=&#8221;.vc_custom_1610387019718{margin-bottom: 0px !important;}&#8221;] Llevamos m\u00e1s de 15 a\u00f1os especializados en auditor\u00edas, implantaci\u00f3n y certificaci\u00f3n de sistemas de gesti\u00f3n, especialmente la norma ISO 9001. Gracias a esta experiencia podemos&hellip;<\/p>\n<p class=\"more-link\"><a href=\"https:\/\/lssq-consulting.com\/en\/iso-9001\/\" class=\"themebutton2\">Read More<\/a><\/p>\n","protected":false},"author":2,"featured_media":0,"parent":0,"menu_order":0,"comment_status":"closed","ping_status":"closed","template":"","meta":{"footnotes":""},"categories":[131,62],"tags":[74,17],"class_list":["post-965","page","type-page","status-publish","hentry","category-consultoria","category-iso-9001","tag-consultoria","tag-iso-9001"],"aioseo_notices":[],"_links":{"self":[{"href":"https:\/\/lssq-consulting.com\/en\/wp-json\/wp\/v2\/pages\/965","targetHints":{"allow":["GET"]}}],"collection":[{"href":"https:\/\/lssq-consulting.com\/en\/wp-json\/wp\/v2\/pages"}],"about":[{"href":"https:\/\/lssq-consulting.com\/en\/wp-json\/wp\/v2\/types\/page"}],"author":[{"embeddable":true,"href":"https:\/\/lssq-consulting.com\/en\/wp-json\/wp\/v2\/users\/2"}],"replies":[{"embeddable":true,"href":"https:\/\/lssq-consulting.com\/en\/wp-json\/wp\/v2\/comments?post=965"}],"version-history":[{"count":0,"href":"https:\/\/lssq-consulting.com\/en\/wp-json\/wp\/v2\/pages\/965\/revisions"}],"wp:attachment":[{"href":"https:\/\/lssq-consulting.com\/en\/wp-json\/wp\/v2\/media?parent=965"}],"wp:term":[{"taxonomy":"category","embeddable":true,"href":"https:\/\/lssq-consulting.com\/en\/wp-json\/wp\/v2\/categories?post=965"},{"taxonomy":"post_tag","embeddable":true,"href":"https:\/\/lssq-consulting.com\/en\/wp-json\/wp\/v2\/tags?post=965"}],"curies":[{"name":"wp","href":"https:\/\/api.w.org\/{rel}","templated":true}]}}