{"id":238,"date":"2018-11-22T10:45:35","date_gmt":"2018-11-22T09:45:35","guid":{"rendered":"http:\/\/lssq-consulting.com\/?page_id=238"},"modified":"2025-03-20T15:55:28","modified_gmt":"2025-03-20T14:55:28","slug":"contacto","status":"publish","type":"page","link":"https:\/\/lssq-consulting.com\/en\/contacto\/","title":{"rendered":"Contacto"},"content":{"rendered":"<div class=\"wpb-content-wrapper\"><p>[vc_row fullwidth=&#8221;true&#8221; equal_columns=&#8221;true&#8221; attached=&#8221;true&#8221; visibility=&#8221;hidden-sm&#8221;][vc_column width=&#8221;1\/4&#8243; css=&#8221;.vc_custom_1610653233494{padding-top: 20px !important;padding-right: 20px !important;padding-bottom: 20px !important;padding-left: 20px !important;}&#8221;][vc_column_text css=&#8221;.vc_custom_1610653367673{margin-bottom: 0px !important;}&#8221; animation=&#8221;bottom-to-top&#8221; el_class=&#8221;texto-blanco&#8221;]<\/p>\n<h4><span style=\"font-family: arial, helvetica, sans-serif;\">Tel\u00e9fono de contacto:<\/span><\/h4>\n<p><span style=\"font-family: arial, helvetica, sans-serif;\">+34 91 827 13 79<\/span><\/p>\n<h4><span style=\"font-family: arial, helvetica, sans-serif;\">Correo electr\u00f3nico:<\/span><\/h4>\n<p><span style=\"font-family: arial, helvetica, sans-serif;\">info@lssq-consulting.com<\/span><\/p>\n<h4><span style=\"font-family: arial, helvetica, sans-serif;\">Direcci\u00f3n postal:<\/span><\/h4>\n<p><span style=\"font-family: arial, helvetica, sans-serif;\">Carretera de Canillas 70,\u00a028043\u00a0Madrid<\/span>[\/vc_column_text][\/vc_column][vc_column width=&#8221;1\/2&#8243; css=&#8221;.vc_custom_1610653279103{padding-top: 20px !important;padding-right: 20px !important;padding-bottom: 20px !important;padding-left: 60px !important;}&#8221;]\n<div class=\"wpcf7 no-js\" id=\"wpcf7-f161-o1\" lang=\"es-ES\" dir=\"ltr\" data-wpcf7-id=\"161\">\n<div class=\"screen-reader-response\"><p role=\"status\" aria-live=\"polite\" aria-atomic=\"true\"><\/p> <ul><\/ul><\/div>\n<form action=\"\/en\/wp-json\/wp\/v2\/pages\/238#wpcf7-f161-o1\" method=\"post\" class=\"wpcf7-form init\" aria-label=\"Formulario de contacto\" novalidate=\"novalidate\" data-status=\"init\">\n<fieldset class=\"hidden-fields-container\"><input type=\"hidden\" name=\"_wpcf7\" value=\"161\" \/><input type=\"hidden\" name=\"_wpcf7_version\" value=\"6.1.5\" \/><input type=\"hidden\" name=\"_wpcf7_locale\" value=\"es_ES\" \/><input type=\"hidden\" name=\"_wpcf7_unit_tag\" value=\"wpcf7-f161-o1\" \/><input type=\"hidden\" name=\"_wpcf7_container_post\" value=\"0\" \/><input type=\"hidden\" name=\"_wpcf7_posted_data_hash\" value=\"\" \/>\n<\/fieldset>\n<p><span class=\"wpcf7-form-control-wrap\" data-name=\"presupuesto\"><select class=\"wpcf7-form-control wpcf7-select wpcf7-validates-as-required\" aria-required=\"true\" aria-invalid=\"false\" name=\"presupuesto\"><option value=\"ISO 9001\">ISO 9001<\/option><option value=\"ISO 14001\">ISO 14001<\/option><option value=\"ISO 45001\">ISO 45001<\/option><option value=\"LEAN SIX SIGMA\">LEAN SIX SIGMA<\/option><option value=\"LEAN GALVANIZING\">LEAN GALVANIZING<\/option><option value=\"OTRAS\">OTRAS<\/option><\/select><\/span>\n<\/p>\n<p><span class=\"wpcf7-form-control-wrap\" data-name=\"nombre\"><input size=\"40\" maxlength=\"400\" class=\"wpcf7-form-control wpcf7-text wpcf7-validates-as-required\" aria-required=\"true\" aria-invalid=\"false\" placeholder=\"Nombre*\" value=\"\" type=\"text\" name=\"nombre\" \/><\/span>\n<\/p>\n<p><span class=\"wpcf7-form-control-wrap\" data-name=\"empresa\"><input size=\"40\" maxlength=\"400\" class=\"wpcf7-form-control wpcf7-text\" aria-invalid=\"false\" placeholder=\"Empresa\" value=\"\" type=\"text\" name=\"empresa\" \/><\/span>\n<\/p>\n<p><span class=\"wpcf7-form-control-wrap\" data-name=\"email\"><input size=\"40\" maxlength=\"400\" class=\"wpcf7-form-control wpcf7-email wpcf7-validates-as-required wpcf7-text wpcf7-validates-as-email\" aria-required=\"true\" aria-invalid=\"false\" placeholder=\"E-mail*\" value=\"\" type=\"email\" name=\"email\" \/><\/span>\n<\/p>\n<p><span class=\"wpcf7-form-control-wrap\" data-name=\"asunto\"><input size=\"40\" maxlength=\"400\" class=\"wpcf7-form-control wpcf7-text\" aria-invalid=\"false\" placeholder=\"Presupuesto\" value=\"\" type=\"text\" name=\"asunto\" \/><\/span>\n<\/p>\n<p><span class=\"wpcf7-form-control-wrap\" data-name=\"Aceptacion\"><span class=\"wpcf7-form-control wpcf7-acceptance\"><span class=\"wpcf7-list-item\"><input type=\"checkbox\" name=\"Aceptacion\" value=\"1\" aria-invalid=\"false\" \/><\/span><\/span><\/span> Acepto la pol\u00edtica de protecci\u00f3n de datos<br \/>\n<span class=\"wpcf7-form-control-wrap\" data-name=\"checkbox-info\"><span class=\"wpcf7-form-control wpcf7-checkbox\"><span class=\"wpcf7-list-item first last\"><input type=\"checkbox\" name=\"checkbox-info[]\" value=\"Acepto recibir informaci\u00f3n sobre los servicios de LSSQ CONSULTING\" \/><span class=\"wpcf7-list-item-label\">Acepto recibir informaci\u00f3n sobre los servicios de LSSQ CONSULTING<\/span><\/span><\/span><\/span><br \/>\n[recaptcha size:compact]\n<\/p>\n<p><input class=\"wpcf7-form-control wpcf7-submit has-spinner\" type=\"submit\" value=\"Enviar\" \/>\n<\/p><div class=\"wpcf7-response-output\" aria-hidden=\"true\"><\/div>\n<\/form>\n<\/div>\n[\/vc_column][vc_column width=&#8221;1\/4&#8243;][vc_single_image image=&#8221;1874&#8243; img_size=&#8221;medium&#8221;][vc_message]<em>Al pulsar el bot\u00f3n de ENVIAR usted acepta expl\u00edcitamente la pol\u00edtica de protecci\u00f3n de datos. Puede consultar informaci\u00f3n adicional y detallada en nuestra\u00a0<a href=\"http:\/\/lssq-consulting.com\/politica-de-privacidad\/\">Pol\u00edtica de Privacidad<\/a>.<\/em>[\/vc_message][\/vc_column][\/vc_row]<\/p>\n<\/div>","protected":false},"excerpt":{"rendered":"<p>[vc_row fullwidth=&#8221;true&#8221; equal_columns=&#8221;true&#8221; attached=&#8221;true&#8221; visibility=&#8221;hidden-sm&#8221;][vc_column width=&#8221;1\/4&#8243; css=&#8221;.vc_custom_1610653233494{padding-top: 20px !important;padding-right: 20px !important;padding-bottom: 20px !important;padding-left: 20px !important;}&#8221;][vc_column_text css=&#8221;.vc_custom_1610653367673{margin-bottom: 0px !important;}&#8221; animation=&#8221;bottom-to-top&#8221; el_class=&#8221;texto-blanco&#8221;] Tel\u00e9fono de contacto: +34 91 827 13 79 Correo electr\u00f3nico: info@lssq-consulting.com Direcci\u00f3n postal: Carretera de Canillas 70,\u00a028043\u00a0Madrid[\/vc_column_text][\/vc_column][vc_column width=&#8221;1\/2&#8243; css=&#8221;.vc_custom_1610653279103{padding-top: 20px !important;padding-right: 20px !important;padding-bottom: 20px !important;padding-left: 60px !important;}&#8221;][\/vc_column][vc_column width=&#8221;1\/4&#8243;][vc_single_image image=&#8221;1874&#8243; img_size=&#8221;medium&#8221;][vc_message]Al pulsar el bot\u00f3n de ENVIAR&hellip;<\/p>\n<p class=\"more-link\"><a href=\"https:\/\/lssq-consulting.com\/en\/contacto\/\" class=\"themebutton2\">Read More<\/a><\/p>\n","protected":false},"author":2,"featured_media":0,"parent":0,"menu_order":0,"comment_status":"closed","ping_status":"closed","template":"","meta":{"footnotes":""},"class_list":["post-238","page","type-page","status-publish","hentry"],"aioseo_notices":[],"_links":{"self":[{"href":"https:\/\/lssq-consulting.com\/en\/wp-json\/wp\/v2\/pages\/238","targetHints":{"allow":["GET"]}}],"collection":[{"href":"https:\/\/lssq-consulting.com\/en\/wp-json\/wp\/v2\/pages"}],"about":[{"href":"https:\/\/lssq-consulting.com\/en\/wp-json\/wp\/v2\/types\/page"}],"author":[{"embeddable":true,"href":"https:\/\/lssq-consulting.com\/en\/wp-json\/wp\/v2\/users\/2"}],"replies":[{"embeddable":true,"href":"https:\/\/lssq-consulting.com\/en\/wp-json\/wp\/v2\/comments?post=238"}],"version-history":[{"count":0,"href":"https:\/\/lssq-consulting.com\/en\/wp-json\/wp\/v2\/pages\/238\/revisions"}],"wp:attachment":[{"href":"https:\/\/lssq-consulting.com\/en\/wp-json\/wp\/v2\/media?parent=238"}],"curies":[{"name":"wp","href":"https:\/\/api.w.org\/{rel}","templated":true}]}}