{"id":2372,"date":"2025-03-19T19:00:44","date_gmt":"2025-03-19T18:00:44","guid":{"rendered":"https:\/\/lssq-consulting.com\/?page_id=2372"},"modified":"2025-03-19T19:00:44","modified_gmt":"2025-03-19T18:00:44","slug":"seguridad-informacion","status":"publish","type":"page","link":"https:\/\/lssq-consulting.com\/en\/seguridad-informacion\/","title":{"rendered":"Seguridad de la Informaci\u00f3n"},"content":{"rendered":"<div class=\"wpb-content-wrapper\"><p>[vc_row css=&#8221;.vc_custom_1610395288917{background-image: url(http:\/\/lssq-consulting.com\/wp-content\/uploads\/notebook-writing-table-leather-pen-notepad-889564-pxhere.com_-scaled.jpg?id=1721) !important;background-position: center !important;background-repeat: no-repeat !important;background-size: cover !important;}&#8221;][vc_column width=&#8221;2\/3&#8243;][vc_empty_space height=&#8221;120px&#8221;][vc_column_text css=&#8221;.vc_custom_1742406703467{margin-bottom: 0px !important;}&#8221;]<\/p>\n<h1 style=\"text-align: left; padding-left: 40px;\"><span style=\"color: #ffffff; font-size: 24pt; font-family: arial, helvetica, sans-serif;\"><strong>SEGURIDAD DE LA INFORMACI\u00d3N<\/strong><\/span><\/h1>\n<p>&nbsp;<\/p>\n<p>&nbsp;<\/p>\n<p>&nbsp;<\/p>\n<p>&nbsp;<\/p>\n<p>&nbsp;<\/p>\n<p>&nbsp;<\/p>\n<p>&nbsp;<\/p>\n<p>&nbsp;<\/p>\n<p>&nbsp;<\/p>\n<p>&nbsp;<\/p>\n<p>&nbsp;<\/p>\n<p>&nbsp;<\/p>\n<p>&nbsp;<\/p>\n<p>&nbsp;<\/p>\n<p>&nbsp;<\/p>\n<p>&nbsp;<\/p>\n<p>[\/vc_column_text][vc_column_text css=&#8221;.vc_custom_1742406726114{margin-bottom: 0px !important;}&#8221;][\/vc_column_text][\/vc_column][vc_column width=&#8221;1\/3&#8243;][\/vc_column][\/vc_row][vc_row][vc_column][vc_column_text]En LSSQ CONSULTING, somos expertos en la implementaci\u00f3n de sistemas de gesti\u00f3n de seguridad de la informaci\u00f3n, continuidad de negocio, Esquema Nacional de Seguridad y la directiva NIS2. Nuestra amplia experiencia nos permite ofrecerle un servicio personalizado y adaptado a las necesidades espec\u00edficas de su modelo de negocio.<\/p>\n<p>Con LSSQ CONSULTING, no solo cumplir\u00e1 con las normativas m\u00e1s exigentes, sino que tambi\u00e9n estar\u00e1 preparado para enfrentar los desaf\u00edos actuales en ciberseguridad y gesti\u00f3n de riesgos. Conf\u00ede en nosotros para proteger su empresa y asegurar su continuidad operativa.[\/vc_column_text][\/vc_column][\/vc_row][vc_row][vc_column][vc_empty_space][\/vc_column][\/vc_row][vc_row gap=&#8221;2&#8243; equal_height=&#8221;yes&#8221; css=&#8221;.vc_custom_1610379080879{padding-top: 0px !important;padding-bottom: 0px !important;}&#8221;][vc_column width=&#8221;1\/4&#8243;][vc_message icon_type=&#8221;openiconic&#8221; icon_openiconic=&#8221;vc-oi vc-oi-play&#8221; css=&#8221;.vc_custom_1610395774230{background-color: #cad37c !important;}&#8221;]<\/p>\n<p style=\"text-align: center;\"><span style=\"font-family: arial, helvetica, sans-serif; font-size: 14pt;\"><a href=\"http:\/\/lssq-consulting.com\/iso-27001\/\"><span style=\"color: #000080;\"><strong>ISO 27001<\/strong><\/span><\/a><\/span><\/p>\n<p>[\/vc_message][\/vc_column][vc_column width=&#8221;1\/4&#8243;][vc_message icon_type=&#8221;openiconic&#8221; icon_openiconic=&#8221;vc-oi vc-oi-play&#8221; css=&#8221;.vc_custom_1742406908809{background-color: #cad37c !important;}&#8221;]<\/p>\n<p style=\"text-align: center;\"><a href=\"https:\/\/lssq-consulting.com\/iso-22301\/\"><span style=\"color: #000080; font-family: arial, helvetica, sans-serif; font-size: 14pt;\"><strong>ISO 22301<\/strong><\/span><\/a><\/p>\n<p>[\/vc_message][\/vc_column][vc_column width=&#8221;1\/4&#8243;][vc_message icon_type=&#8221;openiconic&#8221; icon_openiconic=&#8221;vc-oi vc-oi-play&#8221; css=&#8221;.vc_custom_1742406928411{background-color: #cad37c !important;}&#8221;]<\/p>\n<p style=\"text-align: center;\"><a href=\"https:\/\/lssq-consulting.com\/ens2\/\"><span style=\"color: #000080; font-family: arial, helvetica, sans-serif;\"><span style=\"font-size: 18.6667px;\"><b>ENS<\/b><\/span><\/span><\/a><\/p>\n<p>[\/vc_message][\/vc_column][vc_column width=&#8221;1\/4&#8243;][vc_message icon_type=&#8221;openiconic&#8221; icon_openiconic=&#8221;vc-oi vc-oi-play&#8221; css=&#8221;.vc_custom_1742406948628{background-color: #cad37c !important;}&#8221;]<\/p>\n<p style=\"text-align: center;\"><a href=\"https:\/\/lssq-consulting.com\/nis2\/\"><span style=\"color: #000080; font-family: arial, helvetica, sans-serif;\"><span style=\"font-size: 18.6667px;\"><b>NIS2<\/b><\/span><\/span><\/a><\/p>\n<p>[\/vc_message][\/vc_column][\/vc_row][vc_row gap=&#8221;2&#8243;][vc_column width=&#8221;1\/3&#8243;][vc_cta h2=&#8221;Consultor\u00eda&#8221;]<\/p>\n<p style=\"text-align: justify;\"><span style=\"font-family: arial, helvetica, sans-serif;\"><span style=\"color: #003366;\"><strong>LSSQ CONSULTING<\/strong><\/span> se especializa en ayudar a las empresas a lograr la certificaci\u00f3n ISO o esquema de seguridad que necesite (ENS, NIS2).<\/span><\/p>\n<p style=\"text-align: justify;\"><span style=\"font-family: arial, helvetica, sans-serif;\">El verdadero valor de nuestro trabajo es el consultor experto, dedicado a culminar con \u00e9xito el proceso de certificaci\u00f3n.\u00a0<\/span><\/p>\n<p>[\/vc_cta][\/vc_column][vc_column width=&#8221;1\/3&#8243;][vc_cta h2=&#8221;Auditor\u00eda&#8221;]<\/p>\n<p style=\"text-align: justify;\"><span style=\"font-family: arial, helvetica, sans-serif;\">Con el desafiante entorno empresarial actual, l<\/span><span style=\"font-family: arial, helvetica, sans-serif;\">a subcontrataci\u00f3n de <span style=\"color: #003366;\"><strong>LSSQ CONSULTING<\/strong> <\/span>para la realizaci\u00f3n de auditor\u00edas internas, an\u00e1lisis de brecha (gap) o auditor\u00edas de controles, le permite concentrarse en su negocio, sin distraerse o dedicar tiempo a capacitarse para ser auditor.<\/span><\/p>\n<p>[\/vc_cta][\/vc_column][vc_column width=&#8221;1\/3&#8243;][vc_cta h2=&#8221;Mantenimiento&#8221;]<\/p>\n<p style=\"text-align: justify;\"><span style=\"font-family: arial, helvetica, sans-serif;\">Nuestros clientes <\/span><span style=\"font-family: arial, helvetica, sans-serif;\">pueden solicitar la ayuda de <span style=\"color: #003366;\"><strong>LSSQ CONSULTING<\/strong> <\/span>cuando sea necesario para la creaci\u00f3n, actualizaci\u00f3n y publicaci\u00f3n de documentos. <\/span><\/p>\n<p style=\"text-align: justify;\"><span style=\"font-family: arial, helvetica, sans-serif;\">Nuestros consultores est\u00e1n capacitados para procesar cambios de manera integral, sabiendo que un cambio en un procedimiento central puede generar actualizaciones en formularios, procedimientos, instrucciones de trabajo o simplemente en los registros.<\/span><\/p>\n<p>[\/vc_cta][\/vc_column][\/vc_row][vc_row gap=&#8221;2&#8243; content_placement=&#8221;middle&#8221; css=&#8221;.vc_custom_1610379053574{padding-top: 20px !important;padding-bottom: 10px !important;}&#8221;][vc_column][vc_cta h2=&#8221;Nuestra experiencia y enfoque de consultor\u00eda se puede demostrar con el historial de 100% de clientes certificados a la primera&#8221; txt_align=&#8221;justify&#8221; style=&#8221;outline&#8221; color=&#8221;mulled-wine&#8221;][\/vc_cta][\/vc_column][\/vc_row][vc_row css=&#8221;.vc_custom_1610379106482{padding-top: 20px !important;padding-bottom: 20px !important;}&#8221;][vc_column width=&#8221;1\/3&#8243;][vc_gallery type=&#8221;image_grid&#8221; images=&#8221;1807,1756,1724,1711,1701,1696,1704,1705&#8243; onclick=&#8221;&#8221;][\/vc_column][vc_column width=&#8221;2\/3&#8243;][vc_cta h2=&#8221;&#8221;]<\/p>\n<p style=\"text-align: left;\"><span style=\"font-family: arial, helvetica, sans-serif; color: #808080; font-size: 14pt;\">Por qu\u00e9 elegir LSSQ CONSULTING<\/span><\/p>\n<ul>\n<li><span style=\"font-family: arial, helvetica, sans-serif; color: #808080;\">Porque nuestros clientes son siempre lo primero.\u00a0<strong>Siempre<\/strong>.<\/span><\/li>\n<li><span style=\"font-family: arial, helvetica, sans-serif; color: #808080;\">Porque en todos los proyectos que realizamos nuestros clientes conocen siempre de antemano los aspectos y el alcance real de nuestra colaboraci\u00f3n profesional.\u00a0<strong>Sin sorpresas<\/strong>.<\/span><\/li>\n<li><span style=\"font-family: arial, helvetica, sans-serif; color: #808080;\">Porque nuestros clientes conocen, desde el inicio, los honorarios profesionales y los gastos que genera nuestra colaboraci\u00f3n.<\/span><\/li>\n<li><span style=\"font-family: arial, helvetica, sans-serif; color: #808080;\">Porque asignamos a la realizaci\u00f3n de los proyectos a profesionales con la m\u00e1s alta cualificaci\u00f3n: Auditores Jefe, Black Belt , Lean Expert, etc.<\/span><\/li>\n<li><span style=\"font-family: arial, helvetica, sans-serif; color: #808080;\">Porque somos una empresa que mejora continuamente y nos interesamos por cualquier sugerencia, cr\u00edtica o quejas que nuestros clientes tengan oportuno hacernos.\u00a0<strong>Ponemos en pr\u00e1ctica lo que ense\u00f1amos<\/strong>.<\/span><\/li>\n<li><span style=\"font-family: arial, helvetica, sans-serif; color: #808080;\">Porque nuestros clientes est\u00e1n permanentemente informados del grado de avance de los proyectos y le dispensamos un trato humano excelente, no solo profesional.<\/span><\/li>\n<li><span style=\"font-family: arial, helvetica, sans-serif; color: #808080;\">Porque mantenemos la m\u00e1s estricta confidencialidad sobre la informaci\u00f3n de nuestros clientes a la que podamos acceder.<\/span><\/li>\n<li><span style=\"font-family: arial, helvetica, sans-serif; color: #808080;\">Porque, siendo una empresa de consultor\u00eda, concedemos una extrema importancia a la transferencia de conocimientos y a compartir nuestras experiencias.<\/span><\/li>\n<li><span style=\"font-family: arial, helvetica, sans-serif; color: #808080;\">Porque nos enorgullece que nuestros clientes nos exijan cumplir por encima de las expectativas que les hayamos podido generar.<\/span><\/li>\n<\/ul>\n<p>[\/vc_cta][\/vc_column][\/vc_row][vc_row][vc_column width=&#8221;1\/2&#8243;][vc_btn title=&#8221;SOLICITE INFORMACI\u00d3N O PRESUPUESTO&#8221; color=&#8221;white&#8221;][vc_column_text]<\/p>\n<h5><span style=\"color: #003366;\">Si le interesa implantar un esquema o sistema de gesti\u00f3n en Seguridad de la Informaci\u00f3n, escr\u00edbanos y le enviaremos un presupuesto sin compromiso.<\/span><\/h5>\n<h5><\/h5>\n<p>[\/vc_column_text][vc_column_text]<\/p>\n<h5><span style=\"color: #003366;\">S<\/span><span style=\"color: #003366;\">i lo prefiere, puede llamarnos 91 827 13 79 o escribirnos a info@lssq-consulting.com<\/span><\/h5>\n<p>[\/vc_column_text][vc_message]<em>Al pulsar el bot\u00f3n de ENVIAR usted acepta expl\u00edcitamente la pol\u00edtica de protecci\u00f3n de datos. Puede consultar informaci\u00f3n adicional y detallada en nuestra\u00a0<a href=\"http:\/\/lssq-consulting.com\/politica-de-privacidad\/\">Pol\u00edtica de Privacidad<\/a>.<\/em>[\/vc_message][\/vc_column][vc_column width=&#8221;1\/2&#8243;][vc_single_image image=&#8221;1874&#8243; img_size=&#8221;medium&#8221;][\/vc_column][\/vc_row]<\/p>\n<\/div>","protected":false},"excerpt":{"rendered":"<p>[vc_row css=&#8221;.vc_custom_1610395288917{background-image: url(http:\/\/lssq-consulting.com\/wp-content\/uploads\/notebook-writing-table-leather-pen-notepad-889564-pxhere.com_-scaled.jpg?id=1721) !important;background-position: center !important;background-repeat: no-repeat !important;background-size: cover !important;}&#8221;][vc_column width=&#8221;2\/3&#8243;][vc_empty_space height=&#8221;120px&#8221;][vc_column_text css=&#8221;.vc_custom_1742406703467{margin-bottom: 0px !important;}&#8221;] SEGURIDAD DE LA INFORMACI\u00d3N &nbsp; &nbsp; &nbsp; &nbsp; &nbsp; &nbsp; &nbsp; &nbsp; &nbsp; &nbsp; &nbsp; &nbsp; &nbsp; &nbsp; &nbsp; &nbsp; [\/vc_column_text][vc_column_text css=&#8221;.vc_custom_1742406726114{margin-bottom: 0px !important;}&#8221;][\/vc_column_text][\/vc_column][vc_column width=&#8221;1\/3&#8243;][\/vc_column][\/vc_row][vc_row][vc_column][vc_column_text]En LSSQ CONSULTING, somos expertos en la implementaci\u00f3n de sistemas de gesti\u00f3n de seguridad de la&hellip;<\/p>\n<p class=\"more-link\"><a href=\"https:\/\/lssq-consulting.com\/en\/seguridad-informacion\/\" class=\"themebutton2\">Read More<\/a><\/p>\n","protected":false},"author":2,"featured_media":0,"parent":0,"menu_order":0,"comment_status":"closed","ping_status":"closed","template":"","meta":{"footnotes":""},"categories":[157,131,61,155,63,62],"tags":[74,15],"class_list":["post-2372","page","type-page","status-publish","hentry","category-certificaciones-iso","category-consultoria","category-iso-14001","category-iso-27001","category-iso-45001","category-iso-9001","tag-consultoria","tag-normas-iso"],"aioseo_notices":[],"_links":{"self":[{"href":"https:\/\/lssq-consulting.com\/en\/wp-json\/wp\/v2\/pages\/2372","targetHints":{"allow":["GET"]}}],"collection":[{"href":"https:\/\/lssq-consulting.com\/en\/wp-json\/wp\/v2\/pages"}],"about":[{"href":"https:\/\/lssq-consulting.com\/en\/wp-json\/wp\/v2\/types\/page"}],"author":[{"embeddable":true,"href":"https:\/\/lssq-consulting.com\/en\/wp-json\/wp\/v2\/users\/2"}],"replies":[{"embeddable":true,"href":"https:\/\/lssq-consulting.com\/en\/wp-json\/wp\/v2\/comments?post=2372"}],"version-history":[{"count":0,"href":"https:\/\/lssq-consulting.com\/en\/wp-json\/wp\/v2\/pages\/2372\/revisions"}],"wp:attachment":[{"href":"https:\/\/lssq-consulting.com\/en\/wp-json\/wp\/v2\/media?parent=2372"}],"wp:term":[{"taxonomy":"category","embeddable":true,"href":"https:\/\/lssq-consulting.com\/en\/wp-json\/wp\/v2\/categories?post=2372"},{"taxonomy":"post_tag","embeddable":true,"href":"https:\/\/lssq-consulting.com\/en\/wp-json\/wp\/v2\/tags?post=2372"}],"curies":[{"name":"wp","href":"https:\/\/api.w.org\/{rel}","templated":true}]}}