{"id":2319,"date":"2024-09-25T19:10:03","date_gmt":"2024-09-25T18:10:03","guid":{"rendered":"https:\/\/lssq-consulting.com\/?page_id=2319"},"modified":"2025-03-19T18:31:08","modified_gmt":"2025-03-19T17:31:08","slug":"iso-22301","status":"publish","type":"page","link":"https:\/\/lssq-consulting.com\/en\/iso-22301\/","title":{"rendered":"ISO 22301"},"content":{"rendered":"<div class=\"wpb-content-wrapper\"><p>[vc_row full_height=&#8221;yes&#8221; css=&#8221;.vc_custom_1610393891087{background-image: url(http:\/\/lssq-consulting.com\/wp-content\/uploads\/desk-writing-work-hand-man-working-596254-pxhere.com_-scaled.jpg?id=1757) !important;background-position: center !important;background-repeat: no-repeat !important;background-size: cover !important;}&#8221;][vc_column][vc_row_inner css=&#8221;.vc_custom_1610387576111{background-position: center !important;background-repeat: no-repeat !important;background-size: cover !important;}&#8221;][vc_column_inner width=&#8221;2\/3&#8243;][vc_empty_space height=&#8221;120px&#8221;][vc_column_text css=&#8221;.vc_custom_1742405351211{margin-bottom: 0px !important;}&#8221;]<\/p>\n<h1 style=\"text-align: left; padding-left: 40px;\"><span style=\"color: #ffffff; font-size: 36pt; font-family: arial, helvetica, sans-serif;\"><strong>CONSULTOR\u00cdA ISO<span style=\"font-family: arial, helvetica, sans-serif;\"> 22301<\/span><\/strong><\/span><\/h1>\n<p>&nbsp;<\/p>\n<p>&nbsp;<\/p>\n<p>&nbsp;<\/p>\n<p>&nbsp;<\/p>\n<p>&nbsp;<\/p>\n<p>&nbsp;<\/p>\n<p>&nbsp;<\/p>\n<p>&nbsp;<\/p>\n<p>&nbsp;<\/p>\n<p>&nbsp;<\/p>\n<h4><\/h4>\n<p>[\/vc_column_text][vc_empty_space height=&#8221;60px&#8221;][vc_column_text css=&#8221;.vc_custom_1742405021363{margin-bottom: 0px !important;}&#8221;][\/vc_column_text][vc_empty_space height=&#8221;120px&#8221;][\/vc_column_inner][vc_column_inner width=&#8221;1\/3&#8243;][\/vc_column_inner][\/vc_row_inner][\/vc_column][\/vc_row][vc_row content_placement=&#8221;middle&#8221;][vc_column width=&#8221;2\/3&#8243;][vc_column_text]<span style=\"color: #000000; font-size: 12pt; font-family: arial, helvetica, sans-serif;\"><strong>Nos enorgullecemos de ser una de las empresas m\u00e1s especializadas en ISO 22301<\/strong>, lo que nos permite ofrecer un trato personalizado y perfectamente ajustado al modelo de negocio de cada cliente. <\/span><\/p>\n<p><span style=\"color: #000000; font-size: 12pt; font-family: arial, helvetica, sans-serif;\">Los espec\u00edficos requerimientos de esta norma requieren la intervenci\u00f3n de consultores expertos y con una s\u00f3lida trayectoria profesional.<\/span><\/p>\n<p><span style=\"color: #000000; font-size: 12pt; font-family: arial, helvetica, sans-serif;\">Confiar en LSSQ CONSULTING es una garant\u00eda de \u00e9xito para obtener la certificaci\u00f3n ISO 22301 y fortalecer la continuidad de su negocio.<\/span>[\/vc_column_text][\/vc_column][vc_column width=&#8221;1\/3&#8243;][vc_single_image image=&#8221;2031&#8243; img_size=&#8221;medium&#8221;][\/vc_column][\/vc_row][vc_row content_placement=&#8221;middle&#8221;][vc_column][vc_column_text]<\/p>\n<p style=\"text-align: justify;\"><span style=\"font-family: arial, helvetica, sans-serif; font-size: 18pt; color: #003366;\">Con la certificaci\u00f3n de la norma ISO 22301 todo son ventajas:<\/span><\/p>\n<p>[\/vc_column_text][\/vc_column][\/vc_row][vc_row gap=&#8221;2&#8243; equal_height=&#8221;yes&#8221; css=&#8221;.vc_custom_1610389342000{padding-top: 20px !important;padding-bottom: 20px !important;}&#8221;][vc_column width=&#8221;1\/6&#8243;][vc_single_image image=&#8221;2030&#8243; img_size=&#8221;25&#215;50&#8243; alignment=&#8221;center&#8221;][vc_column_text]<\/p>\n<h4 style=\"text-align: left;\"><span style=\"color: #1e73be; font-family: arial, helvetica, sans-serif;\">Mejora la seguridad de la informaci\u00f3n en su empresa\u00a0<\/span><\/h4>\n<p>[\/vc_column_text][\/vc_column][vc_column width=&#8221;1\/6&#8243;][vc_single_image image=&#8221;2029&#8243; img_size=&#8221;25&#215;50&#8243; alignment=&#8221;center&#8221;][vc_column_text]<\/p>\n<h4 style=\"text-align: left;\"><span style=\"color: #1e73be; font-family: arial, helvetica, sans-serif;\">Mejoran las evidencias que ayudan a tomar decisiones<\/span><\/h4>\n<p>[\/vc_column_text][\/vc_column][vc_column width=&#8221;1\/6&#8243;][vc_single_image image=&#8221;2028&#8243; img_size=&#8221;25&#215;50&#8243; alignment=&#8221;center&#8221;][vc_column_text]<\/p>\n<h4 style=\"text-align: left;\"><span style=\"color: #1e73be; font-family: arial, helvetica, sans-serif;\">Reduce el riesgo de incidentes<\/span><\/h4>\n<p>[\/vc_column_text][\/vc_column][vc_column width=&#8221;1\/6&#8243;][vc_single_image image=&#8221;2027&#8243; img_size=&#8221;25&#215;50&#8243; alignment=&#8221;center&#8221;][vc_column_text]<\/p>\n<h4 style=\"text-align: left;\"><span style=\"color: #1e73be; font-family: arial, helvetica, sans-serif;\">Mejora la imagen como empresa<\/span><\/h4>\n<p>[\/vc_column_text][\/vc_column][vc_column width=&#8221;1\/6&#8243;][vc_single_image image=&#8221;2026&#8243; img_size=&#8221;25&#215;50&#8243; alignment=&#8221;center&#8221;][vc_column_text]<\/p>\n<h4 style=\"text-align: left;\"><span style=\"color: #1e73be; font-family: arial, helvetica, sans-serif;\">Facilita cumplir con la legislaci\u00f3n vigente<\/span><\/h4>\n<p>[\/vc_column_text][\/vc_column][vc_column width=&#8221;1\/6&#8243;][vc_single_image image=&#8221;2025&#8243; img_size=&#8221;25&#215;50&#8243; alignment=&#8221;center&#8221;][vc_column_text]<\/p>\n<h4 style=\"text-align: left;\"><span style=\"color: #1e73be; font-family: arial, helvetica, sans-serif;\">Fomenta la creaci\u00f3n de una cultura de mejora continua<\/span><\/h4>\n<p>[\/vc_column_text][\/vc_column][\/vc_row][vc_row css=&#8221;.vc_custom_1610379663197{padding-top: 20px !important;padding-bottom: 20px !important;}&#8221;][vc_column width=&#8221;1\/3&#8243;][vc_gallery type=&#8221;image_grid&#8221; images=&#8221;1807,1756,1724,1711,1701,1696,1704,1705&#8243; onclick=&#8221;&#8221;][\/vc_column][vc_column width=&#8221;2\/3&#8243;][vc_cta h2=&#8221;&#8221;]<span style=\"font-family: arial, helvetica, sans-serif; font-size: 14pt; color: #808080;\">Por qu\u00e9 elegir LSSQ CONSULTING<\/span><\/p>\n<ul>\n<li><span style=\"font-family: arial, helvetica, sans-serif; color: #808080;\">Porque nuestros clientes son siempre lo primero.\u00a0<strong>Siempre<\/strong>.<\/span><\/li>\n<li><span style=\"font-family: arial, helvetica, sans-serif; color: #808080;\">Porque en todos los proyectos que realizamos nuestros clientes conocen siempre de antemano los aspectos y el alcance real de nuestra colaboraci\u00f3n profesional.\u00a0<strong>Sin sorpresas<\/strong>.<\/span><\/li>\n<li><span style=\"font-family: arial, helvetica, sans-serif; color: #808080;\">Porque nuestros clientes conocen, desde el inicio, los honorarios profesionales y los gastos que genera nuestra colaboraci\u00f3n.<\/span><\/li>\n<li><span style=\"font-family: arial, helvetica, sans-serif; color: #808080;\">Porque asignamos a la realizaci\u00f3n de los proyectos a profesionales con la m\u00e1s alta cualificaci\u00f3n: Auditores Jefe, Black Belt , Lean Expert, etc.<\/span><\/li>\n<li><span style=\"font-family: arial, helvetica, sans-serif; color: #808080;\">Porque somos una empresa que mejora continuamente y nos interesamos por cualquier sugerencia, cr\u00edtica o quejas que nuestros clientes tengan oportuno hacernos.\u00a0<strong>Ponemos en pr\u00e1ctica lo que ense\u00f1amos<\/strong>.<\/span><\/li>\n<li><span style=\"font-family: arial, helvetica, sans-serif; color: #808080;\">Porque nuestros clientes est\u00e1n permanentemente informados del grado de avance de los proyectos y le dispensamos un trato humano excelente, no solo profesional.<\/span><\/li>\n<li><span style=\"font-family: arial, helvetica, sans-serif; color: #808080;\">Porque mantenemos la m\u00e1s estricta confidencialidad sobre la informaci\u00f3n de nuestros clientes a la que podamos acceder.<\/span><\/li>\n<li><span style=\"font-family: arial, helvetica, sans-serif; color: #808080;\">Porque, siendo una empresa de consultor\u00eda, concedemos una extrema importancia a la transferencia de conocimientos y a compartir nuestras experiencias.<\/span><\/li>\n<li><span style=\"font-family: arial, helvetica, sans-serif; color: #808080;\">Porque nos enorgullece que nuestros clientes nos exijan cumplir por encima de las expectativas que les hayamos podido generar.<\/span><\/li>\n<\/ul>\n<p>[\/vc_cta][\/vc_column][\/vc_row][vc_row][vc_column width=&#8221;1\/2&#8243;][vc_btn title=&#8221;SOLICITE INFORMACI\u00d3N O PRESUPUESTO&#8221; color=&#8221;white&#8221; link=&#8221;url:http%3A%2F%2Flssq-consulting.com%2Fcontacto%2F|||rel:nofollow&#8221;][vc_column_text]<\/p>\n<h5><span style=\"color: #003366;\">Si le interesa implantar la norma ISO 22301 en su empresa, escr\u00edbanos y le enviaremos un presupuesto sin compromiso.<\/span><\/h5>\n<h5><\/h5>\n<p>[\/vc_column_text][vc_column_text]<\/p>\n<h5><span style=\"color: #003366;\">S<\/span><span style=\"color: #003366;\">i lo prefiere, puede llamarnos 91 827 13 79 o escribirnos a info@lssq-consulting.com<\/span><\/h5>\n<p>[\/vc_column_text][vc_message]<em>Al pulsar el bot\u00f3n de ENVIAR usted acepta expl\u00edcitamente la pol\u00edtica de protecci\u00f3n de datos. Puede consultar informaci\u00f3n adicional y detallada en nuestra\u00a0<a href=\"http:\/\/lssq-consulting.com\/politica-de-privacidad\/\">Pol\u00edtica de Privacidad<\/a>.<\/em>[\/vc_message][\/vc_column][vc_column width=&#8221;1\/2&#8243;][vc_single_image image=&#8221;1874&#8243; img_size=&#8221;medium&#8221;][\/vc_column][\/vc_row]<\/p>\n<\/div>","protected":false},"excerpt":{"rendered":"<p>[vc_row full_height=&#8221;yes&#8221; css=&#8221;.vc_custom_1610393891087{background-image: url(http:\/\/lssq-consulting.com\/wp-content\/uploads\/desk-writing-work-hand-man-working-596254-pxhere.com_-scaled.jpg?id=1757) !important;background-position: center !important;background-repeat: no-repeat !important;background-size: cover !important;}&#8221;][vc_column][vc_row_inner css=&#8221;.vc_custom_1610387576111{background-position: center !important;background-repeat: no-repeat !important;background-size: cover !important;}&#8221;][vc_column_inner width=&#8221;2\/3&#8243;][vc_empty_space height=&#8221;120px&#8221;][vc_column_text css=&#8221;.vc_custom_1742405351211{margin-bottom: 0px !important;}&#8221;] CONSULTOR\u00cdA ISO 22301 &nbsp; &nbsp; &nbsp; &nbsp; &nbsp; &nbsp; &nbsp; &nbsp; &nbsp; &nbsp; [\/vc_column_text][vc_empty_space height=&#8221;60px&#8221;][vc_column_text css=&#8221;.vc_custom_1742405021363{margin-bottom: 0px !important;}&#8221;][\/vc_column_text][vc_empty_space height=&#8221;120px&#8221;][\/vc_column_inner][vc_column_inner width=&#8221;1\/3&#8243;][\/vc_column_inner][\/vc_row_inner][\/vc_column][\/vc_row][vc_row content_placement=&#8221;middle&#8221;][vc_column width=&#8221;2\/3&#8243;][vc_column_text]Nos enorgullecemos de ser una de las empresas m\u00e1s especializadas en&hellip;<\/p>\n<p class=\"more-link\"><a href=\"https:\/\/lssq-consulting.com\/en\/iso-22301\/\" class=\"themebutton2\">Read More<\/a><\/p>\n","protected":false},"author":2,"featured_media":0,"parent":0,"menu_order":0,"comment_status":"closed","ping_status":"closed","template":"","meta":{"footnotes":""},"categories":[157,131,288],"tags":[74,156],"class_list":["post-2319","page","type-page","status-publish","hentry","category-certificaciones-iso","category-consultoria","category-iso-22301","tag-consultoria","tag-iso-27001"],"aioseo_notices":[],"_links":{"self":[{"href":"https:\/\/lssq-consulting.com\/en\/wp-json\/wp\/v2\/pages\/2319","targetHints":{"allow":["GET"]}}],"collection":[{"href":"https:\/\/lssq-consulting.com\/en\/wp-json\/wp\/v2\/pages"}],"about":[{"href":"https:\/\/lssq-consulting.com\/en\/wp-json\/wp\/v2\/types\/page"}],"author":[{"embeddable":true,"href":"https:\/\/lssq-consulting.com\/en\/wp-json\/wp\/v2\/users\/2"}],"replies":[{"embeddable":true,"href":"https:\/\/lssq-consulting.com\/en\/wp-json\/wp\/v2\/comments?post=2319"}],"version-history":[{"count":0,"href":"https:\/\/lssq-consulting.com\/en\/wp-json\/wp\/v2\/pages\/2319\/revisions"}],"wp:attachment":[{"href":"https:\/\/lssq-consulting.com\/en\/wp-json\/wp\/v2\/media?parent=2319"}],"wp:term":[{"taxonomy":"category","embeddable":true,"href":"https:\/\/lssq-consulting.com\/en\/wp-json\/wp\/v2\/categories?post=2319"},{"taxonomy":"post_tag","embeddable":true,"href":"https:\/\/lssq-consulting.com\/en\/wp-json\/wp\/v2\/tags?post=2319"}],"curies":[{"name":"wp","href":"https:\/\/api.w.org\/{rel}","templated":true}]}}