{"id":2210,"date":"2021-01-14T21:48:19","date_gmt":"2021-01-14T20:48:19","guid":{"rendered":"http:\/\/lssq-consulting.com\/?page_id=2210"},"modified":"2021-01-14T21:48:19","modified_gmt":"2021-01-14T20:48:19","slug":"formacion-en-smejora-continua","status":"publish","type":"page","link":"https:\/\/lssq-consulting.com\/en\/formacion-en-smejora-continua\/","title":{"rendered":"Formaci\u00f3n en Mejora Continua"},"content":{"rendered":"<div class=\"wpb-content-wrapper\"><p>[vc_row][vc_column][vc_cta h2=&#8221;&#8221;]<span style=\"font-family: arial, helvetica, sans-serif; font-size: 24pt; color: #808080;\">CURSOS EN MEJORA CONTINUA<\/span>[\/vc_cta][\/vc_column][\/vc_row][vc_row][vc_column width=&#8221;2\/3&#8243;][vc_column_text]<\/p>\n<div class=\"vc_row wpb_row vc_row-fluid\">\n<div class=\"wpb_column vc_column_container vc_col-sm-12\">\n<div class=\"vc_column-inner \">\n<div class=\"wpb_wrapper\">\n<div class=\"wpb_text_column wpb_content_element vc_custom_1570876425896\">\n<div class=\"wpb_wrapper\">\n<p style=\"text-align: justify;\"><span style=\"color: #808080; font-family: arial, helvetica, sans-serif;\">Son las\u00a0<strong>personas\u00a0<\/strong>quienes protagonizan las\u00a0<strong>mejoras\u00a0<\/strong>organizativas y productivas. En una etapa en que la b\u00fasqueda de eficiencia se caracteriza por el reemplazo de la mano de obra humana por sofisticadas m\u00e1quinas, parece un contrasentido esta afirmaci\u00f3n. Pero las m\u00e1quinas no aprenden. Las personas, s\u00ed.<\/span><\/p>\n<p style=\"text-align: justify;\"><span style=\"color: #808080; font-family: arial, helvetica, sans-serif;\"><strong>Lean Six Sigma<\/strong>\u00a0enfatiza en la participaci\u00f3n de las personas. Una implantaci\u00f3n Lean no garantiza los objetivos. Cultivar una\u00a0<strong>mentalidad de mejora continua<\/strong> en los empleados, s\u00ed.\u00a0<\/span><span style=\"color: #808080; font-family: arial, helvetica, sans-serif;\">Por eso en nuestras actividades de formaci\u00f3n Lean Manufacturing o Six Sigma (o ambos combinados), concedemos prioridad al <strong>desarrollo de individuos y equipos<\/strong>.\u00a0 Formamos a las personas para que sean capaces de entender qu\u00e9 es lo que valora el cliente, para que aprendan a detectar lo que no aporta valor y, por supuesto, a aplicar las herramientas de un modo aut\u00f3nomo.<\/span><\/p>\n<\/div>\n<\/div>\n<\/div>\n<\/div>\n<\/div>\n<\/div>\n<p>[\/vc_column_text][\/vc_column][vc_column width=&#8221;1\/3&#8243;][vc_single_image image=&#8221;1799&#8243; img_size=&#8221;medium&#8221; alignment=&#8221;center&#8221;][\/vc_column][\/vc_row][vc_row][vc_column][vc_message]<\/p>\n<h4 style=\"text-align: justify;\"><span style=\"font-family: arial, helvetica, sans-serif;\">Nuestro Curso Especializado en Mejora Continua est\u00e1 dirigido a directivos, mandos intermedios o t\u00e9cnicos, as\u00ed como a todos aquellos profesionales que quieran adquirir los conocimientos necesarios para efectuar mejora continua y optimizaci\u00f3n de procesos en una empresa, ya sea esta peque\u00f1a, mediana o gran empresa.<\/span><\/h4>\n<p>[\/vc_message][\/vc_column][\/vc_row][vc_row][vc_column width=&#8221;1\/3&#8243;][vc_single_image image=&#8221;1793&#8243; img_size=&#8221;large&#8221; alignment=&#8221;center&#8221;][\/vc_column][vc_column width=&#8221;2\/3&#8243;][vc_column_text]<\/p>\n<div class=\"vc_row wpb_row vc_row-fluid\">\n<div class=\"wpb_column vc_column_container vc_col-sm-12\">\n<div class=\"vc_column-inner \">\n<div class=\"wpb_wrapper\">\n<div class=\"wpb_text_column wpb_content_element vc_custom_1570876425896\"><\/div>\n<\/div>\n<\/div>\n<\/div>\n<\/div>\n<div class=\"vc_row wpb_row vc_row-fluid\">\n<div class=\"wpb_column vc_column_container vc_col-sm-12\">\n<div class=\"vc_column-inner \">\n<div class=\"wpb_wrapper\">\n<div class=\"wpb_text_column wpb_content_element vc_custom_1570877416229\">\n<div class=\"wpb_wrapper\">\n<ul>\n<li style=\"text-align: justify;\"><span style=\"font-family: arial, helvetica, sans-serif; color: #808080;\">El desarrollo de competencias es una\u00a0<strong>inversi\u00f3n estrat\u00e9gica<\/strong>\u00a0y ha de estar alineada con los objetivos de seguridad, calidad, servicio y costes de la empresa.<\/span><\/li>\n<li style=\"text-align: justify;\"><span style=\"font-family: arial, helvetica, sans-serif; color: #808080;\">Las acciones formativas se disen\u0303an a medida de las necesidades de la empresa, de sus requisitos, legislacio\u0301n aplicable, duracio\u0301n, horarios y grupos de asistencia.<\/span><\/li>\n<li style=\"text-align: justify;\"><span style=\"font-family: arial, helvetica, sans-serif; color: #808080;\">Esta formacio\u0301n \u201c<em>100% a medida<\/em>\u201d permite optimizar su imparticio\u0301n y aplicacio\u0301n a los puestos de trabajo.<\/span><\/li>\n<li style=\"text-align: justify;\"><span style=\"font-family: arial, helvetica, sans-serif; color: #808080;\">La formacio\u0301n esta\u0301 disen\u0303ada y dirigida a la aplicacio\u0301n pra\u0301ctica de los conocimientos en los puestos y funciones con el objetivo de la mejora del desempen\u0303o de los trabajadores.<\/span><\/li>\n<li style=\"text-align: justify;\"><span style=\"font-family: arial, helvetica, sans-serif; color: #808080;\">Los formadores cuentan con abundante experiencia tanto en la imparticio\u0301n de acciones formativas como en la implantaci\u00f3n real a trave\u0301s de su experiencia como consultores y auditores.<\/span><\/li>\n<\/ul>\n<\/div>\n<\/div>\n<\/div>\n<\/div>\n<\/div>\n<\/div>\n<p>[\/vc_column_text][\/vc_column][\/vc_row][vc_row][vc_column width=&#8221;1\/3&#8243;][vc_cta h2=&#8221;&#8221;]<\/p>\n<p style=\"text-align: center;\"><span style=\"font-family: arial, helvetica, sans-serif; font-size: 18pt;\"><b>CURSO DE LEAN\u00a0<\/b><\/span><\/p>\n<p>[\/vc_cta][vc_single_image image=&#8221;1795&#8243; img_size=&#8221;500&#215;300&#8243;][vc_column_text]<\/p>\n<p style=\"text-align: justify;\"><span style=\"font-family: arial, helvetica, sans-serif; color: #003366;\">Lean Manufacturing busca, ante todo, eliminar desperdicio (actividades sin valor a\u00f1adido) de los procesos y reestructurarlos para hacerlos m\u00e1s eficientes, r\u00e1pidos y \u00e1giles. Con ello se persigue crear un flujo continuo de valor en el proceso productivo de la empresa, siempre con el enfoque de responder a las necesidades de los clientes. Las herramientas que emplea son, en muchos casos, visuales y la implantaci\u00f3n se estructura normalmente en forma de eventos de mejora siguiendo la metodolog\u00eda PDCA o ciclo de Deming..<\/span><\/p>\n<p style=\"text-align: justify;\"><span style=\"font-family: arial, helvetica, sans-serif; color: #003366;\">Este curso a trabajadores que deseen entender en profundidad c\u00f3mo funcionan los sistemas productivos e introducir la filosof\u00eda Lean Manufacturing. Se orienta a adquirir competencia a la hora de aplicar las herramientas b\u00e1sicas para mejorar y optimizar los procesos productivos, as\u00ed como gestionarlos y controlarlos de manera eficiente.<\/span><\/p>\n<p>[\/vc_column_text][\/vc_column][vc_column width=&#8221;1\/3&#8243;][vc_cta h2=&#8221;&#8221;]<\/p>\n<p style=\"text-align: center;\"><span style=\"font-family: arial, helvetica, sans-serif; font-size: 18pt;\"><b>CURSO DE SIX SIGMA<\/b><\/span><\/p>\n<p>[\/vc_cta][vc_single_image image=&#8221;1792&#8243; img_size=&#8221;500&#215;300&#8243;][vc_column_text]<\/p>\n<p style=\"text-align: justify;\"><span style=\"font-family: arial, helvetica, sans-serif; color: #003366;\"><b>Six<\/b><b> Sigma <\/b>busca tambi\u00e9n mejorar los procesos, pero en un sentido m\u00e1s amplio: se orienta a encontrar y reducir su variabilidad, es decir, las causas que conducen a defectos y errores. Six Sigma es m\u00e1s cient\u00edfico que Lean y hace uso de los datos en un sentido estad\u00edstico para medir y analizar el comportamiento de los procesos e identificar oportunidades de mejoras. No obstante, ambas comparten una misma filosof\u00eda. Su uni\u00f3n se conoce como <b>Lean <\/b><b>Six<\/b><b> Sigma<\/b>, que combina la estructura y herramientas de Six Sigma junto con las herramientas y principios de Lean Manufacturing.<\/span><\/p>\n<p style=\"text-align: justify;\"><span style=\"font-family: arial, helvetica, sans-serif; color: #003366;\">Este curso <b>Six<\/b><b> Sigma <\/b>capacita en el conocimiento de las distintas herramientas y conceptos que rigen la filosof\u00eda <b>Six<\/b><b> Sigma<\/b>. Est\u00e1 dirigido a todas las \u00e1reas y personal con responsabilidad en mejora y optimizaci\u00f3n de procesos de una empresa.<\/span><\/p>\n<p>[\/vc_column_text][\/vc_column][vc_column width=&#8221;1\/3&#8243;][vc_cta h2=&#8221;&#8221;]<\/p>\n<p style=\"text-align: center;\"><span style=\"font-family: arial, helvetica, sans-serif; font-size: 18pt;\"><b>CURSO ISO 9001 + L6S<\/b><\/span><\/p>\n<p>[\/vc_cta][vc_single_image image=&#8221;1027&#8243; img_size=&#8221;500&#215;300&#8243;][vc_column_text]<\/p>\n<p style=\"text-align: justify;\"><span style=\"font-family: arial, helvetica, sans-serif; color: #003366;\">Las herramientas <b>Lean <\/b><b>Six<\/b><b> Sigma (L6S) <\/b>son id\u00f3neas para que una empresa con Sistema de Gesti\u00f3n de Calidad que cumpla con los requisitos de la <b>ISO 9001<\/b>. Y viceversa. <b>Lean <\/b><b>Six<\/b><b> Sigma <\/b>no viene con una herramienta de evaluaci\u00f3n, que se debe agregar tras un cierto marco de tiempo. <b>ISO 9001 <\/b>est\u00e1 dise\u00f1ado para evaluar las empresas de forma tanto externa como interna y sus requisitos ayudan a cerrar las brechas a medio plazo y largo plazo.<\/span><\/p>\n<p style=\"text-align: justify;\"><span style=\"font-family: arial, helvetica, sans-serif; color: #003366;\">Mediante la adici\u00f3n de <b>Lean <\/b><b>Six<\/b><b> Sigma <\/b>a la norma <b>ISO 9001<\/b>, una compa\u00f1\u00eda puede hacer <b>Lean <\/b><b>Six<\/b><b> Sigma <\/b>parte de su sistema de gesti\u00f3n de la calidad y mejorar la eficacia y la eficiencia de manera significativa.<\/span><\/p>\n<p style=\"text-align: justify;\"><span style=\"font-family: arial, helvetica, sans-serif; color: #003366;\">Este curso habilita a responsables y directivos a establecer las herramientas, an\u00e1lisis y diagn\u00f3sticos de <b>Lean <\/b><b>Six<\/b><b> Sigma <\/b>como parte del <b>Sistema de Gesti\u00f3n de Calidad<\/b>. Est\u00e1 destinado a t\u00e9cnicos y profesionales que requieran\u00a0<b>competencia <\/b>a la hora de efectuar una integraci\u00f3n de ambas metodolog\u00edas.<\/span><\/p>\n<p>[\/vc_column_text][\/vc_column][\/vc_row][vc_row][vc_column][vc_message]<\/p>\n<p style=\"text-align: center;\"><span style=\"color: #003366; font-family: arial, helvetica, sans-serif;\"><strong>SOLICITE M\u00c1S INFORMACI\u00d3N<\/strong><\/span><\/p>\n<p style=\"text-align: center;\"><span style=\"font-family: arial, helvetica, sans-serif;\">Temario, condiciones, precio<\/span><\/p>\n<p>[\/vc_message][\/vc_column][\/vc_row][vc_row][vc_column width=&#8221;1\/3&#8243;][vc_column_text]<\/p>\n<h6>Si le interesa nuestra capacitaci\u00f3n en Mejora Continua, escr\u00edbanos y le enviaremos informaci\u00f3n y un presupuesto sin compromiso.<\/h6>\n<h6><span style=\"color: #3366ff;\">O si lo prefiere ll\u00e1menos al 91 827 13 79 <\/span><\/h6>\n<p>[\/vc_column_text][vc_message]<em>Al pulsar el bot\u00f3n de ENVIAR usted acepta expl\u00edcitamente la pol\u00edtica de protecci\u00f3n de datos. Puede consultar informaci\u00f3n adicional y detallada en nuestra\u00a0<a href=\"http:\/\/lssq-consulting.com\/politica-de-privacidad\/\">Pol\u00edtica de Privacidad<\/a>.<\/em>[\/vc_message][\/vc_column][vc_column width=&#8221;1\/3&#8243;][vc_single_image image=&#8221;1874&#8243; img_size=&#8221;medium&#8221; alignment=&#8221;center&#8221; style=&#8221;vc_box_shadow&#8221;][\/vc_column][vc_column width=&#8221;1\/3&#8243;][wpforms id=&#8221;1435&#8243; title=&#8221;false&#8221; description=&#8221;false&#8221;][\/vc_column][\/vc_row][vc_row][vc_column][vc_column_text]<\/p>\n<h2 style=\"text-align: center;\"><span style=\"color: #000080;\">Visite nuestra p\u00e1gina sobre <a href=\"http:\/\/lssq-consulting.com\/mejora-continua\/\">Implantaci\u00f3n de Mejora Continua<\/a><\/span><\/h2>\n<p>[\/vc_column_text][\/vc_column][\/vc_row]<\/p>\n<\/div>","protected":false},"excerpt":{"rendered":"<p>[vc_row][vc_column][vc_cta h2=&#8221;&#8221;]CURSOS EN MEJORA CONTINUA[\/vc_cta][\/vc_column][\/vc_row][vc_row][vc_column width=&#8221;2\/3&#8243;][vc_column_text] Son las\u00a0personas\u00a0quienes protagonizan las\u00a0mejoras\u00a0organizativas y productivas. En una etapa en que la b\u00fasqueda de eficiencia se caracteriza por el reemplazo de la mano de obra humana por sofisticadas m\u00e1quinas, parece un contrasentido esta afirmaci\u00f3n. Pero las m\u00e1quinas no aprenden. Las personas, s\u00ed. Lean Six Sigma\u00a0enfatiza en la participaci\u00f3n de&hellip;<\/p>\n<p class=\"more-link\"><a href=\"https:\/\/lssq-consulting.com\/en\/formacion-en-smejora-continua\/\" class=\"themebutton2\">Read More<\/a><\/p>\n","protected":false},"author":2,"featured_media":0,"parent":0,"menu_order":0,"comment_status":"closed","ping_status":"closed","template":"","meta":{"footnotes":""},"categories":[160,158,65,66,64,67],"tags":[74,77,78,79,17],"class_list":["post-2210","page","type-page","status-publish","hentry","category-calidad","category-formacion","category-lean-manufacturing","category-lean-six-sigma","category-mejora-continua","category-six-sigma","tag-consultoria","tag-formacion","tag-iso-14001","tag-iso-45001","tag-iso-9001"],"aioseo_notices":[],"_links":{"self":[{"href":"https:\/\/lssq-consulting.com\/en\/wp-json\/wp\/v2\/pages\/2210","targetHints":{"allow":["GET"]}}],"collection":[{"href":"https:\/\/lssq-consulting.com\/en\/wp-json\/wp\/v2\/pages"}],"about":[{"href":"https:\/\/lssq-consulting.com\/en\/wp-json\/wp\/v2\/types\/page"}],"author":[{"embeddable":true,"href":"https:\/\/lssq-consulting.com\/en\/wp-json\/wp\/v2\/users\/2"}],"replies":[{"embeddable":true,"href":"https:\/\/lssq-consulting.com\/en\/wp-json\/wp\/v2\/comments?post=2210"}],"version-history":[{"count":0,"href":"https:\/\/lssq-consulting.com\/en\/wp-json\/wp\/v2\/pages\/2210\/revisions"}],"wp:attachment":[{"href":"https:\/\/lssq-consulting.com\/en\/wp-json\/wp\/v2\/media?parent=2210"}],"wp:term":[{"taxonomy":"category","embeddable":true,"href":"https:\/\/lssq-consulting.com\/en\/wp-json\/wp\/v2\/categories?post=2210"},{"taxonomy":"post_tag","embeddable":true,"href":"https:\/\/lssq-consulting.com\/en\/wp-json\/wp\/v2\/tags?post=2210"}],"curies":[{"name":"wp","href":"https:\/\/api.w.org\/{rel}","templated":true}]}}