{"id":2169,"date":"2021-01-12T21:56:21","date_gmt":"2021-01-12T20:56:21","guid":{"rendered":"http:\/\/lssq-consulting.com\/?page_id=2169"},"modified":"2021-02-02T20:49:46","modified_gmt":"2021-02-02T19:49:46","slug":"lean-six-sigma","status":"publish","type":"page","link":"https:\/\/lssq-consulting.com\/en\/lean-six-sigma\/","title":{"rendered":"Lean Six Sigma"},"content":{"rendered":"<div class=\"wpb-content-wrapper\"><p>[vc_row full_height=&#8221;yes&#8221; css=&#8221;.vc_custom_1610482855249{background-image: url(http:\/\/lssq-consulting.com\/wp-content\/uploads\/2021\/01\/track-railway-train-steel-transport-ice-1084135-pxhere.com_-scaled.jpg?id=1919) !important;background-position: center !important;background-repeat: no-repeat !important;background-size: cover !important;}&#8221;][vc_column][vc_row_inner css=&#8221;.vc_custom_1610387576111{background-position: center !important;background-repeat: no-repeat !important;background-size: cover !important;}&#8221;][vc_column_inner width=&#8221;2\/3&#8243;][vc_empty_space height=&#8221;300px&#8221;][vc_empty_space height=&#8221;60px&#8221;][vc_column_text css=&#8221;.vc_custom_1610482822697{margin-bottom: 0px !important;}&#8221;]<\/p>\n<h1 style=\"text-align: left; padding-left: 40px;\"><span style=\"color: #ffffff; font-size: 24pt; font-family: arial, helvetica, sans-serif;\"><strong>LEAN SIX SIGMA<\/strong><\/span><\/h1>\n<h4><\/h4>\n<p>[\/vc_column_text][\/vc_column_inner][vc_column_inner width=&#8221;1\/3&#8243;][\/vc_column_inner][\/vc_row_inner][\/vc_column][\/vc_row][vc_row content_placement=&#8221;middle&#8221;][vc_column][vc_column_text]<\/p>\n<p style=\"text-align: justify;\"><span style=\"font-family: arial, helvetica, sans-serif; color: #808080; font-size: 14pt;\">La metodolog\u00eda\u00a0<strong>Lean Six Sigma<\/strong> unifica dos metodolog\u00edas de mejora de procesos para que su empresa alcance la excelencia operativa: <a style=\"color: #808080;\" href=\"http:\/\/lssq-consulting.com\/six-sigma\/\"><strong>Six Sigma<\/strong><\/a>, orientada al aumento de la calidad; y\u00a0<a style=\"color: #808080;\" href=\"http:\/\/lssq-consulting.com\/lean-manufacturing\/\"><strong>Lean Manufacturing<\/strong><\/a>, que persigue aumentar la velocidad de los procesos y la reducci\u00f3n de actividades que no generan valor.<\/span><\/p>\n<p>[\/vc_column_text][vc_empty_space height=&#8221;20px&#8221;][\/vc_column][\/vc_row][vc_row equal_height=&#8221;yes&#8221; content_placement=&#8221;top&#8221;][vc_column width=&#8221;1\/2&#8243;][vc_column_text css=&#8221;.vc_custom_1610483073572{margin-bottom: 0px !important;}&#8221;]<\/p>\n<p style=\"text-align: justify;\"><span style=\"font-family: arial, helvetica, sans-serif; color: #808080;\">La mejora de los productos, servicios y procesos de una empresa con objeto de subsanar errores y mejorar su deber\u00eda ser uno de los pilares fundamentales. Tambi\u00e9n una obligaci\u00f3n y un objetivo. La b\u00fasqueda y el af\u00e1n por seguir mejorando es la \u00fanica manera de conseguir alcanzar la m\u00e1xima calidad y la excelencia.<\/span><\/p>\n<p style=\"text-align: justify;\"><span style=\"font-family: arial, helvetica, sans-serif; color: #808080;\">La filosof\u00eda de trabajo Kaizen (dar peque\u00f1os pasos de mejora de forma continua, sin detenci\u00f3n) con origen en Jap\u00f3n y popularizada por Toyota, ha acabado por convertirse en una filosof\u00eda de empresa desarrollada y ampliada con las metodolog\u00edas <a href=\"http:\/\/lssq-consulting.com\/lean-manufacturing\/\">Lean Manufacturing<\/a> o <a href=\"http:\/\/lssq-consulting.com\/six-sigma\/\">Six Sigma<\/a>. Para llevarla a cabo, se constituyen equipos multidisciplinares de las diferentes \u00e1reas de la empresa (no solo la productiva) y con distinta jerarqu\u00eda con el fin de disponer de diferentes puntos de vista. Este grupo de trabajo se encarga de analizar los procesos e identificar las fortalezas y debilidades y las medidas para paliar estas y reforzar aquellas. Una vez hecho esto, se llevan a cabo las acciones necesarias para implantarlas.<\/span><\/p>\n<p style=\"text-align: justify;\"><span style=\"font-family: arial, helvetica, sans-serif; color: #808080;\">Muchas de las herramientas disponibles en Six Sigma, por ejemplo, est\u00e1n pensadas para recoger datos y ofrecer informaci\u00f3n \u00fatil de cara a identificar los puntos de mejora y si los cambios son eficientes. Como complemento, las herramientas que ofrece Lean Manufacturing permiten articular metodolog\u00edas de trabajo eficaces. Tanto unas como otras, e incluso los sistemas 8D del sector automoci\u00f3n, se basan en la filosof\u00eda Kaizen y establecen el an\u00e1lisis de la causa ra\u00edz de los fallos como puntal para acometer las mejoras.<\/span><\/p>\n<p style=\"text-align: justify;\"><span style=\"font-family: arial, helvetica, sans-serif; color: #808080;\">V\u00e1lido para cualquier sector productivo, tanto industrial como de servicios, con\u00a0<strong>Lean Six Sigma<\/strong>\u00a0las empresas mejoran la rentabilidad obteniendo beneficios directos en todos los \u00e1mbitos: personas, rendimiento, productividad, costes, eficiencia, servicio, calidad, seguridad, flexibilidad, innovaci\u00f3n, inventarios\u2026<\/span><\/p>\n<p style=\"text-align: justify;\"><span style=\"font-family: arial, helvetica, sans-serif; color: #808080;\">Lean Six Sigma fomenta el trabajo en equipo, la capacitaci\u00f3n de los empleados y la colaboraci\u00f3n entre ellos. Mejora tanto los procesos como el ambiente laboral de la empresa, estrechando las relaciones entre los distintos niveles jer\u00e1rquicos.<\/span><\/p>\n<p>[\/vc_column_text][\/vc_column][vc_column width=&#8221;1\/2&#8243;][vc_single_image image=&#8221;2172&#8243; img_size=&#8221;500&#215;700&#8243;][\/vc_column][\/vc_row][vc_row content_placement=&#8221;middle&#8221;][vc_column][vc_empty_space height=&#8221;20px&#8221;][vc_column_text css=&#8221;.vc_custom_1610483968131{margin-bottom: 0px !important;}&#8221;]<\/p>\n<p style=\"text-align: center;\"><span style=\"font-family: arial, helvetica, sans-serif; color: #808080; font-size: 18pt;\">Casos de estudio Lean Six Sigma de LSSQ CONSULTING<\/span><\/p>\n<p>[\/vc_column_text][vc_empty_space height=&#8221;60px&#8221;][\/vc_column][\/vc_row][vc_row content_placement=&#8221;middle&#8221;][vc_column width=&#8221;1\/3&#8243;][vc_cta h2=&#8221;&#8221;]<\/p>\n<p style=\"text-align: justify;\"><span style=\"font-family: arial, helvetica, sans-serif; color: #808080;\">SIX SIGMA EN UNA <a style=\"color: #808080;\" href=\"https:\/\/lssq-consulting.com\/six-sigma-distribucion\/\">DISTRIBUIDORA<\/a><\/span><\/p>\n<p>[\/vc_cta][vc_single_image image=&#8221;509&#8243; img_size=&#8221;400&#215;100&#8243; alignment=&#8221;center&#8221;][vc_cta h2=&#8221;&#8221;]<\/p>\n<p style=\"text-align: justify;\"><span style=\"font-family: arial, helvetica, sans-serif; color: #808080;\">MEJORANDO LA <a href=\"https:\/\/lssq-consulting.com\/erratico-cambio-de-gestion-del-decapado\/\">GESTI\u00d3N DEL DECAPADO<\/a><\/span><\/p>\n<p>[\/vc_cta][\/vc_column][vc_column width=&#8221;1\/3&#8243;][vc_cta h2=&#8221;&#8221;]<\/p>\n<p style=\"text-align: justify;\"><span style=\"font-family: arial, helvetica, sans-serif; color: #808080;\">REDUCCI\u00d3N DE\u00a0<a href=\"https:\/\/lssq-consulting.com\/reduccion-consumos-zinc-galvanizado\/\">MATERIA PRIMA<\/a><\/span><\/p>\n<p>[\/vc_cta][vc_single_image image=&#8221;89&#8243; img_size=&#8221;400&#215;100&#8243; alignment=&#8221;center&#8221;][vc_cta h2=&#8221;&#8221;]<\/p>\n<p style=\"text-align: justify;\"><span style=\"font-family: arial, helvetica, sans-serif; color: #808080;\">REDUCCI\u00d3N DE LA <a href=\"https:\/\/lssq-consulting.com\/reduccion-de-la-variabilidad-en-una-empresa-de-alimentacion\/\">VARIABILIDAD<\/a><\/span><\/p>\n<p>[\/vc_cta][\/vc_column][vc_column width=&#8221;1\/3&#8243;][vc_cta h2=&#8221;&#8221;]<\/p>\n<p style=\"text-align: justify;\"><span style=\"font-family: arial, helvetica, sans-serif; color: #808080;\">SIX SIGMA EN UNA\u00a0<a href=\"https:\/\/lssq-consulting.com\/seis-sigma-informatica\/\">EMPRESA DE INFORM\u00c1TICA<\/a>\u00a0<\/span><\/p>\n<p>[\/vc_cta][vc_single_image image=&#8221;598&#8243; img_size=&#8221;400&#215;100&#8243; alignment=&#8221;center&#8221;][vc_cta h2=&#8221;&#8221;]<\/p>\n<p style=\"text-align: justify;\"><span style=\"font-family: arial, helvetica, sans-serif; color: #808080;\">EVALUACI\u00d3N DE LAS\u00a0<a href=\"https:\/\/lssq-consulting.com\/evaluacion-cargas-de-trabajo\/\">CARGAS DE TRABAJO<\/a><\/span><\/p>\n<p>[\/vc_cta][\/vc_column][\/vc_row][vc_row equal_height=&#8221;yes&#8221; content_placement=&#8221;middle&#8221;][vc_column width=&#8221;1\/2&#8243;][vc_message]<\/p>\n<h4 style=\"text-align: justify;\"><span style=\"font-family: arial, helvetica, sans-serif; color: #808080; font-size: 14pt;\">Implantamos Lean Six Sigma para aumentar la productividad de su empresa, reducir costes y aumentar la calidad, volvi\u00e9ndola m\u00e1s competitiva, siempre con una inequ\u00edvoca orientaci\u00f3n a resultados que reflejen la mejora econ\u00f3mica de la empresa\u00a0<\/span><\/h4>\n<p>[\/vc_message][\/vc_column][vc_column width=&#8221;1\/2&#8243;][vc_single_image image=&#8221;1714&#8243; img_size=&#8221;500&#215;180&#8243;][\/vc_column][\/vc_row][vc_row css=&#8221;.vc_custom_1610379663197{padding-top: 20px !important;padding-bottom: 20px !important;}&#8221;][vc_column width=&#8221;1\/3&#8243;][vc_gallery type=&#8221;image_grid&#8221; images=&#8221;1807,1756,1724,1711,1701,1696,1704,1705&#8243; onclick=&#8221;&#8221;][\/vc_column][vc_column width=&#8221;2\/3&#8243;][vc_cta h2=&#8221;&#8221;]<span style=\"font-family: arial, helvetica, sans-serif; font-size: 14pt; color: #808080;\">Por qu\u00e9 elegir LSSQ CONSULTING<\/span><\/p>\n<ul>\n<li><span style=\"font-family: arial, helvetica, sans-serif; color: #808080;\">Porque nuestros clientes son siempre lo primero.\u00a0<strong>Siempre<\/strong>.<\/span><\/li>\n<li><span style=\"font-family: arial, helvetica, sans-serif; color: #808080;\">Porque en todos los proyectos que realizamos nuestros clientes conocen siempre de antemano los aspectos y el alcance real de nuestra colaboraci\u00f3n profesional.\u00a0<strong>Sin sorpresas<\/strong>.<\/span><\/li>\n<li><span style=\"font-family: arial, helvetica, sans-serif; color: #808080;\">Porque nuestros clientes conocen, desde el inicio, los honorarios profesionales y los gastos que genera nuestra colaboraci\u00f3n.<\/span><\/li>\n<li><span style=\"font-family: arial, helvetica, sans-serif; color: #808080;\">Porque asignamos a la realizaci\u00f3n de los proyectos a profesionales con la m\u00e1s alta cualificaci\u00f3n: Auditores Jefe, Black Belt , Lean Expert, etc.<\/span><\/li>\n<li><span style=\"font-family: arial, helvetica, sans-serif; color: #808080;\">Porque somos una empresa que mejora continuamente y nos interesamos por cualquier sugerencia, cr\u00edtica o quejas que nuestros clientes tengan oportuno hacernos.\u00a0<strong>Ponemos en pr\u00e1ctica lo que ense\u00f1amos<\/strong>.<\/span><\/li>\n<li><span style=\"font-family: arial, helvetica, sans-serif; color: #808080;\">Porque nuestros clientes est\u00e1n permanentemente informados del grado de avance de los proyectos y le dispensamos un trato humano excelente, no solo profesional.<\/span><\/li>\n<li><span style=\"font-family: arial, helvetica, sans-serif; color: #808080;\">Porque mantenemos la m\u00e1s estricta confidencialidad sobre la informaci\u00f3n de nuestros clientes a la que podamos acceder.<\/span><\/li>\n<li><span style=\"font-family: arial, helvetica, sans-serif; color: #808080;\">Porque, siendo una empresa de consultor\u00eda, concedemos una extrema importancia a la transferencia de conocimientos y a compartir nuestras experiencias.<\/span><\/li>\n<li><span style=\"font-family: arial, helvetica, sans-serif; color: #808080;\">Porque nos enorgullece que nuestros clientes nos exijan cumplir por encima de las expectativas que les hayamos podido generar.<\/span><\/li>\n<\/ul>\n<p>[\/vc_cta][\/vc_column][\/vc_row][vc_row][vc_column width=&#8221;1\/3&#8243;][wpforms id=&#8221;1435&#8243; title=&#8221;false&#8221; description=&#8221;false&#8221;][\/vc_column][vc_column width=&#8221;1\/3&#8243;][vc_btn title=&#8221;SOLICITE INFORMACI\u00d3N O PRESUPUESTO&#8221; color=&#8221;white&#8221; link=&#8221;url:http%3A%2F%2Flssq-consulting.com%2Fcontacto%2F|||rel:nofollow&#8221;][vc_column_text]<\/p>\n<h5><span style=\"color: #003366;\">Si le interesa implantar Lean Six Sigma en su empresa, escr\u00edbanos y le enviaremos un presupuesto sin compromiso.<\/span><\/h5>\n<h5><\/h5>\n<p>[\/vc_column_text][vc_column_text]<\/p>\n<h5><span style=\"color: #003366;\">S<\/span><span style=\"color: #003366;\">i lo prefiere, puede llamarnos 91 827 13 79 o escribirnos a info@lssq-consulting.com<\/span><\/h5>\n<p>[\/vc_column_text][vc_message]<em>Al pulsar el bot\u00f3n de ENVIAR usted acepta expl\u00edcitamente la pol\u00edtica de protecci\u00f3n de datos. Puede consultar informaci\u00f3n adicional y detallada en nuestra\u00a0<a href=\"http:\/\/lssq-consulting.com\/politica-de-privacidad\/\">Pol\u00edtica de Privacidad<\/a>.<\/em>[\/vc_message][\/vc_column][vc_column width=&#8221;1\/3&#8243;][vc_single_image image=&#8221;1874&#8243; img_size=&#8221;medium&#8221;][\/vc_column][\/vc_row]<\/p>\n<\/div>","protected":false},"excerpt":{"rendered":"<p>[vc_row full_height=&#8221;yes&#8221; css=&#8221;.vc_custom_1610482855249{background-image: url(http:\/\/lssq-consulting.com\/wp-content\/uploads\/2021\/01\/track-railway-train-steel-transport-ice-1084135-pxhere.com_-scaled.jpg?id=1919) !important;background-position: center !important;background-repeat: no-repeat !important;background-size: cover !important;}&#8221;][vc_column][vc_row_inner css=&#8221;.vc_custom_1610387576111{background-position: center !important;background-repeat: no-repeat !important;background-size: cover !important;}&#8221;][vc_column_inner width=&#8221;2\/3&#8243;][vc_empty_space height=&#8221;300px&#8221;][vc_empty_space height=&#8221;60px&#8221;][vc_column_text css=&#8221;.vc_custom_1610482822697{margin-bottom: 0px !important;}&#8221;] LEAN SIX SIGMA [\/vc_column_text][\/vc_column_inner][vc_column_inner width=&#8221;1\/3&#8243;][\/vc_column_inner][\/vc_row_inner][\/vc_column][\/vc_row][vc_row content_placement=&#8221;middle&#8221;][vc_column][vc_column_text] La metodolog\u00eda\u00a0Lean Six Sigma unifica dos metodolog\u00edas de mejora de procesos para que su empresa alcance la excelencia operativa: Six Sigma, orientada al aumento de&hellip;<\/p>\n<p class=\"more-link\"><a href=\"https:\/\/lssq-consulting.com\/en\/lean-six-sigma\/\" class=\"themebutton2\">Read More<\/a><\/p>\n","protected":false},"author":2,"featured_media":0,"parent":0,"menu_order":0,"comment_status":"closed","ping_status":"closed","template":"","meta":{"footnotes":""},"categories":[131,65,66,64,67],"tags":[74,12,84,14],"class_list":["post-2169","page","type-page","status-publish","hentry","category-consultoria","category-lean-manufacturing","category-lean-six-sigma","category-mejora-continua","category-six-sigma","tag-consultoria","tag-lean-manufacturing","tag-mejora-continua","tag-six-sigma"],"aioseo_notices":[],"_links":{"self":[{"href":"https:\/\/lssq-consulting.com\/en\/wp-json\/wp\/v2\/pages\/2169","targetHints":{"allow":["GET"]}}],"collection":[{"href":"https:\/\/lssq-consulting.com\/en\/wp-json\/wp\/v2\/pages"}],"about":[{"href":"https:\/\/lssq-consulting.com\/en\/wp-json\/wp\/v2\/types\/page"}],"author":[{"embeddable":true,"href":"https:\/\/lssq-consulting.com\/en\/wp-json\/wp\/v2\/users\/2"}],"replies":[{"embeddable":true,"href":"https:\/\/lssq-consulting.com\/en\/wp-json\/wp\/v2\/comments?post=2169"}],"version-history":[{"count":0,"href":"https:\/\/lssq-consulting.com\/en\/wp-json\/wp\/v2\/pages\/2169\/revisions"}],"wp:attachment":[{"href":"https:\/\/lssq-consulting.com\/en\/wp-json\/wp\/v2\/media?parent=2169"}],"wp:term":[{"taxonomy":"category","embeddable":true,"href":"https:\/\/lssq-consulting.com\/en\/wp-json\/wp\/v2\/categories?post=2169"},{"taxonomy":"post_tag","embeddable":true,"href":"https:\/\/lssq-consulting.com\/en\/wp-json\/wp\/v2\/tags?post=2169"}],"curies":[{"name":"wp","href":"https:\/\/api.w.org\/{rel}","templated":true}]}}