{"id":2153,"date":"2021-01-12T21:04:02","date_gmt":"2021-01-12T20:04:02","guid":{"rendered":"http:\/\/lssq-consulting.com\/?page_id=2153"},"modified":"2025-03-20T12:30:11","modified_gmt":"2025-03-20T11:30:11","slug":"six-sigma","status":"publish","type":"page","link":"https:\/\/lssq-consulting.com\/en\/six-sigma\/","title":{"rendered":"Six Sigma"},"content":{"rendered":"<div class=\"wpb-content-wrapper\"><p>[vc_row full_height=&#8221;yes&#8221; css=&#8221;.vc_custom_1610479334259{background-image: url(http:\/\/lssq-consulting.com\/wp-content\/uploads\/2021\/01\/light-night-sunlight-pot-spray-metal-819368-pxhere.com_-scaled.jpg?id=1806) !important;background-position: center !important;background-repeat: no-repeat !important;background-size: cover !important;}&#8221;][vc_column][vc_row_inner css=&#8221;.vc_custom_1610387576111{background-position: center !important;background-repeat: no-repeat !important;background-size: cover !important;}&#8221;][vc_column_inner width=&#8221;2\/3&#8243;][vc_empty_space height=&#8221;300px&#8221;][vc_empty_space height=&#8221;60px&#8221;][vc_column_text css=&#8221;.vc_custom_1610479278237{margin-bottom: 0px !important;}&#8221;]<\/p>\n<h1 style=\"text-align: left; padding-left: 40px;\"><span style=\"color: #ffffff; font-family: arial, helvetica, sans-serif;\">SIX SIGMA<\/span><\/h1>\n<p>[\/vc_column_text][\/vc_column_inner][vc_column_inner width=&#8221;1\/3&#8243;][\/vc_column_inner][\/vc_row_inner][\/vc_column][\/vc_row][vc_row content_placement=&#8221;middle&#8221;][vc_column][vc_empty_space height=&#8221;20px&#8221;][vc_column_text css=&#8221;.vc_custom_1610479396503{margin-bottom: 0px !important;}&#8221;]<\/p>\n<p style=\"text-align: center;\"><span style=\"font-family: arial, helvetica, sans-serif; color: #808080; font-size: 24pt;\">\u00bfQu\u00e9 hacen los consultores Six Sigma de LSSQ CONSULTING?<\/span><\/p>\n<p>[\/vc_column_text][vc_empty_space height=&#8221;60px&#8221;][\/vc_column][\/vc_row][vc_row equal_height=&#8221;yes&#8221; content_placement=&#8221;top&#8221;][vc_column width=&#8221;1\/2&#8243;][vc_column_text css=&#8221;.vc_custom_1742469985236{margin-bottom: 0px !important;}&#8221;]<\/p>\n<h3>Lean Manufacturing y Six Sigma<\/h3>\n<p>Es posible que su empresa ya est\u00e9 trabajando bajo un sistema de producci\u00f3n basado en Lean Manufacturing. Aunque eliminar el desperdicio puede ser un proceso lento y prolongado, su empresa puede lograrlo con solvencia una vez que haya terminado el trabajo del consultor.<\/p>\n<h3>Implementaci\u00f3n de Six Sigma<\/h3>\n<p>Implementar Six Sigma, en cambio, requiere de un consultor experimentado capaz de sortear los obst\u00e1culos y desaf\u00edos. Las empresas necesitan definir, medir, analizar, mejorar y controlar los procesos de producci\u00f3n para reducir o eliminar todas las fuentes de variaci\u00f3n que causan defectos, rechazos internos e incluso reclamaciones de clientes.<\/p>\n<h3>Beneficios de la Consultor\u00eda Six Sigma<\/h3>\n<p>Un consultor de Six Sigma ofrece un enfoque innovador para implementar medidas de control de calidad que mejoran los procesos mediante variaciones en los mismos o un cambio total de proceso. La consultor\u00eda Six Sigma se enf[\/vc_column_text][\/vc_column][vc_column width=&#8221;1\/2&#8243;][vc_single_image image=&#8221;2156&#8243; img_size=&#8221;500&#215;360&#8243; add_caption=&#8221;yes&#8221;][\/vc_column][\/vc_row][vc_row content_placement=&#8221;middle&#8221;][vc_column][vc_empty_space height=&#8221;20px&#8221;][vc_column_text css=&#8221;.vc_custom_1610480000827{margin-bottom: 0px !important;}&#8221;]<\/p>\n<p style=\"text-align: center;\"><span style=\"font-family: arial, helvetica, sans-serif; color: #808080; font-size: 18pt;\">Servicios m\u00e1s demandados a los consultores Six Sigma de LSSQ CONSULTING<\/span><\/p>\n<p>[\/vc_column_text][vc_empty_space height=&#8221;60px&#8221;][\/vc_column][\/vc_row][vc_row content_placement=&#8221;middle&#8221;][vc_column width=&#8221;1\/3&#8243;][vc_single_image image=&#8221;2159&#8243; alignment=&#8221;center&#8221;][vc_cta h2=&#8221;An\u00e1lisis de fabricaci\u00f3n&#8221;]<\/p>\n<p style=\"text-align: justify;\"><span style=\"font-family: arial, helvetica, sans-serif; color: #808080;\">Descubrir informaci\u00f3n clave sobre el rendimiento de la fabricaci\u00f3n con recomendaciones pr\u00e1cticas para mejorar<\/span><\/p>\n<p>[\/vc_cta][\/vc_column][vc_column width=&#8221;1\/3&#8243;][vc_single_image image=&#8221;2160&#8243; alignment=&#8221;center&#8221;][vc_cta h2=&#8221;Tiempos y medidas&#8221;]<\/p>\n<p style=\"text-align: justify;\"><span style=\"font-family: arial, helvetica, sans-serif; color: #808080;\">Recopilaci\u00f3n de datos de producci\u00f3n, no solo de tiempos sino de cualesquier variables involucradas en los procesos<\/span><\/p>\n<p>[\/vc_cta][\/vc_column][vc_column width=&#8221;1\/3&#8243;][vc_single_image image=&#8221;2129&#8243; alignment=&#8221;center&#8221;][vc_cta h2=&#8221;Control estad\u00edstico&#8221;]<\/p>\n<p style=\"text-align: justify;\"><span style=\"font-family: arial, helvetica, sans-serif; color: #808080;\">Uso de criterios estad\u00edsticos objetivos para distinguir y eliminar variaciones de fondo en los procesos\u00a0<\/span><\/p>\n<p>[\/vc_cta][\/vc_column][\/vc_row][vc_row content_placement=&#8221;middle&#8221;][vc_column][vc_empty_space height=&#8221;20px&#8221;][vc_column_text css=&#8221;.vc_custom_1610480979086{margin-bottom: 0px !important;}&#8221;]<\/p>\n<p style=\"text-align: center;\"><span style=\"font-family: arial, helvetica, sans-serif; color: #808080; font-size: 18pt;\">Por qu\u00e9 contratar los servicios de consultor\u00eda Six Sigma<\/span><\/p>\n<p>[\/vc_column_text][vc_empty_space height=&#8221;60px&#8221;][\/vc_column][\/vc_row][vc_row gap=&#8221;2&#8243; equal_height=&#8221;yes&#8221; css=&#8221;.vc_custom_1610389342000{padding-top: 20px !important;padding-bottom: 20px !important;}&#8221;][vc_column width=&#8221;1\/3&#8243;][vc_single_image image=&#8221;2030&#8243; img_size=&#8221;25&#215;50&#8243; css=&#8221;&#8221;][vc_column_text css=&#8221;&#8221;]<\/p>\n<h3 style=\"text-align: justify;\"><span style=\"color: #1e73be; font-family: arial, helvetica, sans-serif;\">Para que usted pueda centrarse en lo importante<\/span><\/h3>\n<p>[\/vc_column_text][\/vc_column][vc_column width=&#8221;1\/3&#8243;][vc_single_image image=&#8221;2029&#8243; img_size=&#8221;25&#215;50&#8243; css=&#8221;&#8221;][vc_column_text css=&#8221;&#8221;]<\/p>\n<h3 style=\"text-align: justify;\"><span style=\"color: #1e73be; font-family: arial, helvetica, sans-serif;\">S\u00f3lidas habilidades anal\u00edticas y de resoluci\u00f3n de problemas<\/span><\/h3>\n<p>[\/vc_column_text][\/vc_column][vc_column width=&#8221;1\/3&#8243;][vc_single_image image=&#8221;2028&#8243; img_size=&#8221;25&#215;50&#8243; css=&#8221;&#8221;][vc_column_text css=&#8221;&#8221;]<\/p>\n<h3 style=\"text-align: justify;\"><span style=\"color: #1e73be; font-family: arial, helvetica, sans-serif;\">Para proporcionar un an\u00e1lisis objetivo y veraz, sin sesgos<\/span><\/h3>\n<p>[\/vc_column_text][\/vc_column][\/vc_row][vc_row equal_height=&#8221;yes&#8221; content_placement=&#8221;middle&#8221;][vc_column width=&#8221;1\/2&#8243;][vc_message]<span style=\"font-family: arial, helvetica, sans-serif; color: #808080; font-size: 18pt;\">Un consultor Six Sigma competente generalmente ha visto e implementado mejoras en muchas empresas, lo que suele otorgarle m\u00e1s peso e influencia a sus opiniones.\u00a0<\/span>[\/vc_message][\/vc_column][vc_column width=&#8221;1\/2&#8243;][vc_single_image image=&#8221;185&#8243; img_size=&#8221;500&#215;200&#8243;][\/vc_column][\/vc_row][vc_row css=&#8221;.vc_custom_1610379663197{padding-top: 20px !important;padding-bottom: 20px !important;}&#8221;][vc_column width=&#8221;1\/3&#8243;][vc_gallery type=&#8221;image_grid&#8221; images=&#8221;1807,1756,1724,1711,1701,1696,1704,1705&#8243; onclick=&#8221;&#8221;][\/vc_column][vc_column width=&#8221;2\/3&#8243;][vc_cta h2=&#8221;&#8221;]<span style=\"font-family: arial, helvetica, sans-serif; font-size: 14pt; color: #808080;\">Por qu\u00e9 elegir LSSQ CONSULTING<\/span><\/p>\n<ul>\n<li><span style=\"font-family: arial, helvetica, sans-serif; color: #808080;\">Porque nuestros clientes son siempre lo primero.\u00a0<strong>Siempre<\/strong>.<\/span><\/li>\n<li><span style=\"font-family: arial, helvetica, sans-serif; color: #808080;\">Porque en todos los proyectos que realizamos nuestros clientes conocen siempre de antemano los aspectos y el alcance real de nuestra colaboraci\u00f3n profesional.\u00a0<strong>Sin sorpresas<\/strong>.<\/span><\/li>\n<li><span style=\"font-family: arial, helvetica, sans-serif; color: #808080;\">Porque nuestros clientes conocen, desde el inicio, los honorarios profesionales y los gastos que genera nuestra colaboraci\u00f3n.<\/span><\/li>\n<li><span style=\"font-family: arial, helvetica, sans-serif; color: #808080;\">Porque asignamos a la realizaci\u00f3n de los proyectos a profesionales con la m\u00e1s alta cualificaci\u00f3n: Auditores Jefe, Black Belt , Lean Expert, etc.<\/span><\/li>\n<li><span style=\"font-family: arial, helvetica, sans-serif; color: #808080;\">Porque somos una empresa que mejora continuamente y nos interesamos por cualquier sugerencia, cr\u00edtica o quejas que nuestros clientes tengan oportuno hacernos.\u00a0<strong>Ponemos en pr\u00e1ctica lo que ense\u00f1amos<\/strong>.<\/span><\/li>\n<li><span style=\"font-family: arial, helvetica, sans-serif; color: #808080;\">Porque nuestros clientes est\u00e1n permanentemente informados del grado de avance de los proyectos y le dispensamos un trato humano excelente, no solo profesional.<\/span><\/li>\n<li><span style=\"font-family: arial, helvetica, sans-serif; color: #808080;\">Porque mantenemos la m\u00e1s estricta confidencialidad sobre la informaci\u00f3n de nuestros clientes a la que podamos acceder.<\/span><\/li>\n<li><span style=\"font-family: arial, helvetica, sans-serif; color: #808080;\">Porque, siendo una empresa de consultor\u00eda, concedemos una extrema importancia a la transferencia de conocimientos y a compartir nuestras experiencias.<\/span><\/li>\n<li><span style=\"font-family: arial, helvetica, sans-serif; color: #808080;\">Porque nos enorgullece que nuestros clientes nos exijan cumplir por encima de las expectativas que les hayamos podido generar.<\/span><\/li>\n<\/ul>\n<p>[\/vc_cta][\/vc_column][\/vc_row][vc_row][vc_column width=&#8221;1\/2&#8243;][vc_btn title=&#8221;SOLICITE INFORMACI\u00d3N O PRESUPUESTO&#8221; color=&#8221;white&#8221; link=&#8221;url:http%3A%2F%2Flssq-consulting.com%2Fcontacto%2F|||rel:nofollow&#8221;][vc_column_text]<\/p>\n<h5><span style=\"color: #003366;\">Si le interesa implantar Six Sigma en su empresa, escr\u00edbanos y le enviaremos un presupuesto sin compromiso.<\/span><\/h5>\n<h5><\/h5>\n<p>[\/vc_column_text][vc_column_text]<\/p>\n<h5><span style=\"color: #003366;\">S<\/span><span style=\"color: #003366;\">i lo prefiere, puede llamarnos 91 827 13 79 o escribirnos a info@lssq-consulting.com<\/span><\/h5>\n<p>[\/vc_column_text][vc_message]<em>Al pulsar el bot\u00f3n de ENVIAR usted acepta expl\u00edcitamente la pol\u00edtica de protecci\u00f3n de datos. Puede consultar informaci\u00f3n adicional y detallada en nuestra\u00a0<a href=\"http:\/\/lssq-consulting.com\/politica-de-privacidad\/\">Pol\u00edtica de Privacidad<\/a>.<\/em>[\/vc_message][\/vc_column][vc_column width=&#8221;1\/2&#8243;][vc_single_image image=&#8221;1874&#8243; img_size=&#8221;medium&#8221;][\/vc_column][\/vc_row]<\/p>\n<\/div>","protected":false},"excerpt":{"rendered":"<p>[vc_row full_height=&#8221;yes&#8221; css=&#8221;.vc_custom_1610479334259{background-image: url(http:\/\/lssq-consulting.com\/wp-content\/uploads\/2021\/01\/light-night-sunlight-pot-spray-metal-819368-pxhere.com_-scaled.jpg?id=1806) !important;background-position: center !important;background-repeat: no-repeat !important;background-size: cover !important;}&#8221;][vc_column][vc_row_inner css=&#8221;.vc_custom_1610387576111{background-position: center !important;background-repeat: no-repeat !important;background-size: cover !important;}&#8221;][vc_column_inner width=&#8221;2\/3&#8243;][vc_empty_space height=&#8221;300px&#8221;][vc_empty_space height=&#8221;60px&#8221;][vc_column_text css=&#8221;.vc_custom_1610479278237{margin-bottom: 0px !important;}&#8221;] SIX SIGMA [\/vc_column_text][\/vc_column_inner][vc_column_inner width=&#8221;1\/3&#8243;][\/vc_column_inner][\/vc_row_inner][\/vc_column][\/vc_row][vc_row content_placement=&#8221;middle&#8221;][vc_column][vc_empty_space height=&#8221;20px&#8221;][vc_column_text css=&#8221;.vc_custom_1610479396503{margin-bottom: 0px !important;}&#8221;] \u00bfQu\u00e9 hacen los consultores Six Sigma de LSSQ CONSULTING? [\/vc_column_text][vc_empty_space height=&#8221;60px&#8221;][\/vc_column][\/vc_row][vc_row equal_height=&#8221;yes&#8221; content_placement=&#8221;top&#8221;][vc_column width=&#8221;1\/2&#8243;][vc_column_text css=&#8221;.vc_custom_1742469985236{margin-bottom: 0px !important;}&#8221;] Lean Manufacturing y Six Sigma&hellip;<\/p>\n<p class=\"more-link\"><a href=\"https:\/\/lssq-consulting.com\/en\/six-sigma\/\" class=\"themebutton2\">Read More<\/a><\/p>\n","protected":false},"author":2,"featured_media":0,"parent":0,"menu_order":0,"comment_status":"closed","ping_status":"closed","template":"","meta":{"footnotes":""},"categories":[131,64,67],"tags":[74,84,14],"class_list":["post-2153","page","type-page","status-publish","hentry","category-consultoria","category-mejora-continua","category-six-sigma","tag-consultoria","tag-mejora-continua","tag-six-sigma"],"aioseo_notices":[],"_links":{"self":[{"href":"https:\/\/lssq-consulting.com\/en\/wp-json\/wp\/v2\/pages\/2153","targetHints":{"allow":["GET"]}}],"collection":[{"href":"https:\/\/lssq-consulting.com\/en\/wp-json\/wp\/v2\/pages"}],"about":[{"href":"https:\/\/lssq-consulting.com\/en\/wp-json\/wp\/v2\/types\/page"}],"author":[{"embeddable":true,"href":"https:\/\/lssq-consulting.com\/en\/wp-json\/wp\/v2\/users\/2"}],"replies":[{"embeddable":true,"href":"https:\/\/lssq-consulting.com\/en\/wp-json\/wp\/v2\/comments?post=2153"}],"version-history":[{"count":0,"href":"https:\/\/lssq-consulting.com\/en\/wp-json\/wp\/v2\/pages\/2153\/revisions"}],"wp:attachment":[{"href":"https:\/\/lssq-consulting.com\/en\/wp-json\/wp\/v2\/media?parent=2153"}],"wp:term":[{"taxonomy":"category","embeddable":true,"href":"https:\/\/lssq-consulting.com\/en\/wp-json\/wp\/v2\/categories?post=2153"},{"taxonomy":"post_tag","embeddable":true,"href":"https:\/\/lssq-consulting.com\/en\/wp-json\/wp\/v2\/tags?post=2153"}],"curies":[{"name":"wp","href":"https:\/\/api.w.org\/{rel}","templated":true}]}}