{"id":2104,"date":"2021-01-12T20:08:53","date_gmt":"2021-01-12T19:08:53","guid":{"rendered":"http:\/\/lssq-consulting.com\/?page_id=2104"},"modified":"2025-03-20T12:23:47","modified_gmt":"2025-03-20T11:23:47","slug":"lean-manufacturing","status":"publish","type":"page","link":"https:\/\/lssq-consulting.com\/en\/lean-manufacturing\/","title":{"rendered":"Lean Manufacturing"},"content":{"rendered":"<div class=\"wpb-content-wrapper\"><p>[vc_row full_height=&#8221;yes&#8221; css=&#8221;.vc_custom_1610473673019{background-image: url(http:\/\/lssq-consulting.com\/wp-content\/uploads\/otros.jpg?id=90) !important;background-position: center !important;background-repeat: no-repeat !important;background-size: cover !important;}&#8221;][vc_column][vc_row_inner css=&#8221;.vc_custom_1610387576111{background-position: center !important;background-repeat: no-repeat !important;background-size: cover !important;}&#8221;][vc_column_inner width=&#8221;2\/3&#8243;][vc_empty_space height=&#8221;300px&#8221;][vc_empty_space height=&#8221;60px&#8221;][vc_column_text css=&#8221;.vc_custom_1610473939815{margin-bottom: 0px !important;}&#8221;]<\/p>\n<h1 style=\"text-align: left; padding-left: 40px;\"><span style=\"color: #ffffff; font-size: 24pt; font-family: arial, helvetica, sans-serif;\"><strong>LEAN MANUFACTURING<\/strong><\/span><\/h1>\n<h4><\/h4>\n<p>[\/vc_column_text][\/vc_column_inner][vc_column_inner width=&#8221;1\/3&#8243;][\/vc_column_inner][\/vc_row_inner][\/vc_column][\/vc_row][vc_row content_placement=&#8221;middle&#8221;][vc_column][vc_empty_space height=&#8221;20px&#8221;][vc_column_text css=&#8221;.vc_custom_1610474736738{margin-bottom: 0px !important;}&#8221;]<\/p>\n<p style=\"text-align: center;\"><span style=\"font-family: arial, helvetica, sans-serif; color: #808080; font-size: 24pt;\">\u00bfQu\u00e9 hacen los consultores Lean de LSSQ CONSULTING?<\/span><\/p>\n<p>[\/vc_column_text][vc_empty_space height=&#8221;60px&#8221;][\/vc_column][\/vc_row][vc_row equal_height=&#8221;yes&#8221; content_placement=&#8221;top&#8221;][vc_column width=&#8221;1\/2&#8243;][vc_column_text css=&#8221;.vc_custom_1742469231837{margin-bottom: 0px !important;}&#8221;]<\/p>\n<h3>Nuestro Enfoque<\/h3>\n<p>En nuestra consultor\u00eda, nos adaptamos completamente a cada organizaci\u00f3n con la que trabajamos, asegurando una intervenci\u00f3n sostenible y duradera. Transferimos nuestras habilidades y conocimientos para arraigar una cultura y filosof\u00eda de trabajo Lean y de mejora continua.<\/p>\n<h3>\u00bfC\u00f3mo lo Hacemos?<\/h3>\n<p><strong>Identificaci\u00f3n y Eliminaci\u00f3n de Desperdicios<\/strong>: Ayudamos a identificar y eliminar los desperdicios (todo aquello que no aporta valor) cuando se producen cambios en la demanda. Ya sea que var\u00eden las necesidades del cliente o que la empresa decida a\u00f1adir o quitar l\u00edneas de producci\u00f3n, estamos aqu\u00ed para ofrecer el apoyo necesario.<\/p>\n<p><strong>Adaptaci\u00f3n a Cambios<\/strong>: En ocasiones, el exceso de trabajo puede requerir tiempo para que se produzca una transici\u00f3n entre las tareas antiguas y las nuevas. Mientras que algunas actividades pueden generar valor, otros procesos no agregan ninguno.<\/p>\n<p><strong>Monitoreo y Control<\/strong>: Nuestros consultores de Lean Manufacturing ayudan a monitorear y controlar los procesos que satisfacen las fluctuaciones de la demanda, minimizan el desperdicio necesario y, al mismo tiempo, trabajan para eliminar el desperdicio innecesario.[\/vc_column_text][\/vc_column][vc_column width=&#8221;1\/2&#8243;][vc_single_image image=&#8221;652&#8243; img_size=&#8221;500&#215;330&#8243; add_caption=&#8221;yes&#8221;][\/vc_column][\/vc_row][vc_row content_placement=&#8221;middle&#8221;][vc_column][vc_empty_space height=&#8221;20px&#8221;][vc_column_text css=&#8221;.vc_custom_1610475353457{margin-bottom: 0px !important;}&#8221;]<\/p>\n<p style=\"text-align: center;\"><span style=\"font-family: arial, helvetica, sans-serif; color: #808080; font-size: 18pt;\">Servicios m\u00e1s demandados a los consultores Lean de LSSQ CONSULTING<\/span><\/p>\n<p>[\/vc_column_text][vc_empty_space height=&#8221;60px&#8221;][\/vc_column][\/vc_row][vc_row content_placement=&#8221;middle&#8221;][vc_column width=&#8221;1\/3&#8243;][vc_single_image image=&#8221;2127&#8243; alignment=&#8221;center&#8221;][vc_cta h2=&#8221;Estrategia&#8221;]<\/p>\n<p style=\"text-align: justify;\"><span style=\"font-family: arial, helvetica, sans-serif; color: #808080;\">Determinar y establecer las metas, misi\u00f3n y objetivos a alcanzar para lograr implantar las actividades y herramientas de Lean Manufacturing<\/span><\/p>\n<p>[\/vc_cta][\/vc_column][vc_column width=&#8221;1\/3&#8243;][vc_single_image image=&#8221;2128&#8243; alignment=&#8221;center&#8221;][vc_cta h2=&#8221;Cuellos de botella&#8221;]<\/p>\n<p style=\"text-align: justify;\"><span style=\"font-family: arial, helvetica, sans-serif; color: #808080;\">Identificar todos los cuellos de botella del proceso de fabricaci\u00f3n, cuantificar su impacto y hallar c\u00f3mo resolverlos<\/span><\/p>\n<p>[\/vc_cta][\/vc_column][vc_column width=&#8221;1\/3&#8243;][vc_single_image image=&#8221;2129&#8243; alignment=&#8221;center&#8221;][vc_cta h2=&#8221;Estandarizaci\u00f3n&#8221;]<\/p>\n<p style=\"text-align: justify;\"><span style=\"font-family: arial, helvetica, sans-serif; color: #808080;\">Reducir la complejidad del proceso, economizar y contribuir a una forma de trabajo est\u00e1ndar y homog\u00e9nea\u00a0<\/span><\/p>\n<p>[\/vc_cta][\/vc_column][\/vc_row][vc_row content_placement=&#8221;middle&#8221;][vc_column width=&#8221;1\/3&#8243;][vc_single_image image=&#8221;2130&#8243; alignment=&#8221;center&#8221;][vc_cta h2=&#8221;Evaluaci\u00f3n de cargas de trabajo&#8221; css=&#8221;&#8221;]<\/p>\n<p style=\"text-align: justify;\"><span style=\"font-family: arial, helvetica, sans-serif; color: #808080;\">Evaluar las cargas de trabajo y recomendar mejoras en los perfiles de puesto y en la distribuci\u00f3n de tareas.<\/span><\/p>\n<p>[\/vc_cta][\/vc_column][vc_column width=&#8221;1\/3&#8243;][vc_single_image image=&#8221;2131&#8243; alignment=&#8221;center&#8221;][vc_cta h2=&#8221;VSM&#8221;]<\/p>\n<p style=\"text-align: justify;\"><span style=\"font-family: arial, helvetica, sans-serif; color: #808080;\">Visualizar paso a paso todos los procesos necesarios desde la creaci\u00f3n del producto hasta la entrega final para evaluar mejoras.<\/span><\/p>\n<p>[\/vc_cta][\/vc_column][vc_column width=&#8221;1\/3&#8243;][vc_single_image image=&#8221;2132&#8243; alignment=&#8221;center&#8221;][vc_cta h2=&#8221;Kanban \/ Heijunka&#8221;]<\/p>\n<p style=\"text-align: justify;\"><span style=\"font-family: arial, helvetica, sans-serif; color: #808080;\">Integrar la gesti\u00f3n por Kanban (supemercados) con la planificaci\u00f3n Heijunka (nivelaci\u00f3n de la producci\u00f3n) para acelerar al m\u00e1ximo los procesos.<\/span><\/p>\n<p>[\/vc_cta][\/vc_column][\/vc_row][vc_row content_placement=&#8221;middle&#8221;][vc_column][vc_empty_space height=&#8221;20px&#8221;][vc_column_text css=&#8221;.vc_custom_1610477055089{margin-bottom: 0px !important;}&#8221;]<\/p>\n<p style=\"text-align: center;\"><span style=\"font-family: arial, helvetica, sans-serif; color: #808080; font-size: 18pt;\">Por qu\u00e9 contratar los servicios de consultor\u00eda Lean<\/span><\/p>\n<p>[\/vc_column_text][vc_empty_space height=&#8221;60px&#8221;][\/vc_column][\/vc_row][vc_row gap=&#8221;2&#8243; equal_height=&#8221;yes&#8221; css=&#8221;.vc_custom_1610389342000{padding-top: 20px !important;padding-bottom: 20px !important;}&#8221;][vc_column width=&#8221;1\/6&#8243;][vc_single_image image=&#8221;2030&#8243; img_size=&#8221;25&#215;50&#8243; css=&#8221;&#8221;][vc_column_text css=&#8221;&#8221;]<\/p>\n<h3 style=\"text-align: left;\"><span style=\"color: #1e73be; font-family: arial, helvetica, sans-serif;\">Ejecuci\u00f3n del proyecto de mejora\u00a0<\/span><span style=\"color: #1e73be; font-family: arial, helvetica, sans-serif;\">Lean <\/span><\/h3>\n<p>[\/vc_column_text][\/vc_column][vc_column width=&#8221;1\/6&#8243;][vc_single_image image=&#8221;2029&#8243; img_size=&#8221;25&#215;50&#8243; css=&#8221;&#8221;][vc_column_text css=&#8221;&#8221;]<\/p>\n<h3 style=\"text-align: left;\"><span style=\"color: #1e73be; font-family: arial, helvetica, sans-serif;\">Cambio cultural<\/span><\/h3>\n<p>[\/vc_column_text][\/vc_column][vc_column width=&#8221;1\/6&#8243;][vc_single_image image=&#8221;2028&#8243; img_size=&#8221;25&#215;50&#8243; css=&#8221;&#8221;][vc_column_text css=&#8221;&#8221;]<\/p>\n<h3 style=\"text-align: left;\"><span style=\"color: #1e73be; font-family: arial, helvetica, sans-serif;\">Reorganizaci\u00f3n de los procesos<\/span><\/h3>\n<p>[\/vc_column_text][\/vc_column][vc_column width=&#8221;1\/6&#8243;][vc_single_image image=&#8221;2027&#8243; img_size=&#8221;25&#215;50&#8243; css=&#8221;&#8221;][vc_column_text css=&#8221;&#8221;]<\/p>\n<h3 style=\"text-align: left;\"><span style=\"color: #1e73be; font-family: arial, helvetica, sans-serif;\"><span style=\"font-family: arial, helvetica, sans-serif;\">Gesti\u00f3n del tiempo<\/span><\/span><\/h3>\n<p>[\/vc_column_text][\/vc_column][vc_column width=&#8221;1\/6&#8243;][vc_single_image image=&#8221;2026&#8243; img_size=&#8221;25&#215;50&#8243; css=&#8221;&#8221;][vc_column_text css=&#8221;&#8221;]<\/p>\n<h3 style=\"text-align: left;\"><span style=\"color: #1e73be; font-family: arial, helvetica, sans-serif;\"><span style=\"font-family: arial, helvetica, sans-serif;\">Reducci\u00f3n de desperdicios<\/span><\/span><\/h3>\n<p>[\/vc_column_text][\/vc_column][vc_column width=&#8221;1\/6&#8243;][vc_single_image image=&#8221;2025&#8243; img_size=&#8221;25&#215;50&#8243; css=&#8221;&#8221;][vc_column_text css=&#8221;&#8221;]<\/p>\n<h3 style=\"text-align: left;\"><span style=\"color: #1e73be; font-family: arial, helvetica, sans-serif;\"><span style=\"font-family: arial, helvetica, sans-serif;\">Mejorar la calidad y la eficiencia<\/span><\/span><\/h3>\n<p>[\/vc_column_text][\/vc_column][\/vc_row][vc_row equal_height=&#8221;yes&#8221; content_placement=&#8221;middle&#8221;][vc_column width=&#8221;1\/2&#8243;][vc_message]<span style=\"font-family: arial, helvetica, sans-serif; color: #808080; font-size: 18pt;\">La contrataci\u00f3n de un consultor con experiencia en Lean Manufacturing le ahorra a la empresa p\u00e9rdidas de tiempo y materiales, y mejorar\u00e1 sus resultados.\u00a0<\/span>[\/vc_message][\/vc_column][vc_column width=&#8221;1\/2&#8243;][vc_single_image image=&#8221;78&#8243; img_size=&#8221;500&#215;200&#8243;][\/vc_column][\/vc_row][vc_row css=&#8221;.vc_custom_1610379663197{padding-top: 20px !important;padding-bottom: 20px !important;}&#8221;][vc_column width=&#8221;1\/3&#8243;][vc_gallery type=&#8221;image_grid&#8221; images=&#8221;1807,1756,1724,1711,1701,1696,1704,1705&#8243; onclick=&#8221;&#8221;][\/vc_column][vc_column width=&#8221;2\/3&#8243;][vc_cta h2=&#8221;&#8221;]<span style=\"font-family: arial, helvetica, sans-serif; font-size: 14pt; color: #808080;\">Por qu\u00e9 elegir LSSQ CONSULTING<\/span><\/p>\n<ul>\n<li><span style=\"font-family: arial, helvetica, sans-serif; color: #808080;\">Porque nuestros clientes son siempre lo primero.\u00a0<strong>Siempre<\/strong>.<\/span><\/li>\n<li><span style=\"font-family: arial, helvetica, sans-serif; color: #808080;\">Porque en todos los proyectos que realizamos nuestros clientes conocen siempre de antemano los aspectos y el alcance real de nuestra colaboraci\u00f3n profesional.\u00a0<strong>Sin sorpresas<\/strong>.<\/span><\/li>\n<li><span style=\"font-family: arial, helvetica, sans-serif; color: #808080;\">Porque nuestros clientes conocen, desde el inicio, los honorarios profesionales y los gastos que genera nuestra colaboraci\u00f3n.<\/span><\/li>\n<li><span style=\"font-family: arial, helvetica, sans-serif; color: #808080;\">Porque asignamos a la realizaci\u00f3n de los proyectos a profesionales con la m\u00e1s alta cualificaci\u00f3n: Auditores Jefe, Black Belt , Lean Expert, etc.<\/span><\/li>\n<li><span style=\"font-family: arial, helvetica, sans-serif; color: #808080;\">Porque somos una empresa que mejora continuamente y nos interesamos por cualquier sugerencia, cr\u00edtica o quejas que nuestros clientes tengan oportuno hacernos.\u00a0<strong>Ponemos en pr\u00e1ctica lo que ense\u00f1amos<\/strong>.<\/span><\/li>\n<li><span style=\"font-family: arial, helvetica, sans-serif; color: #808080;\">Porque nuestros clientes est\u00e1n permanentemente informados del grado de avance de los proyectos y le dispensamos un trato humano excelente, no solo profesional.<\/span><\/li>\n<li><span style=\"font-family: arial, helvetica, sans-serif; color: #808080;\">Porque mantenemos la m\u00e1s estricta confidencialidad sobre la informaci\u00f3n de nuestros clientes a la que podamos acceder.<\/span><\/li>\n<li><span style=\"font-family: arial, helvetica, sans-serif; color: #808080;\">Porque, siendo una empresa de consultor\u00eda, concedemos una extrema importancia a la transferencia de conocimientos y a compartir nuestras experiencias.<\/span><\/li>\n<li><span style=\"font-family: arial, helvetica, sans-serif; color: #808080;\">Porque nos enorgullece que nuestros clientes nos exijan cumplir por encima de las expectativas que les hayamos podido generar.<\/span><\/li>\n<\/ul>\n<p>[\/vc_cta][\/vc_column][\/vc_row][vc_row][vc_column width=&#8221;1\/2&#8243;][vc_btn title=&#8221;SOLICITE INFORMACI\u00d3N O PRESUPUESTO&#8221; color=&#8221;white&#8221; link=&#8221;url:http%3A%2F%2Flssq-consulting.com%2Fcontacto%2F|||rel:nofollow&#8221;][vc_column_text]<\/p>\n<h5><span style=\"color: #003366;\">Si le interesa implantar Lean Manufacturing en su empresa, escr\u00edbanos y le enviaremos un presupuesto sin compromiso.<\/span><\/h5>\n<h5><\/h5>\n<p>[\/vc_column_text][vc_column_text]<\/p>\n<h5><span style=\"color: #003366;\">S<\/span><span style=\"color: #003366;\">i lo prefiere, puede llamarnos 91 827 13 79 o escribirnos a info@lssq-consulting.com<\/span><\/h5>\n<p>[\/vc_column_text][vc_message]<em>Al pulsar el bot\u00f3n de ENVIAR usted acepta expl\u00edcitamente la pol\u00edtica de protecci\u00f3n de datos. Puede consultar informaci\u00f3n adicional y detallada en nuestra\u00a0<a href=\"http:\/\/lssq-consulting.com\/politica-de-privacidad\/\">Pol\u00edtica de Privacidad<\/a>.<\/em>[\/vc_message][\/vc_column][vc_column width=&#8221;1\/2&#8243;][vc_single_image image=&#8221;1874&#8243; img_size=&#8221;medium&#8221;][\/vc_column][\/vc_row]<\/p>\n<\/div>","protected":false},"excerpt":{"rendered":"<p>[vc_row full_height=&#8221;yes&#8221; css=&#8221;.vc_custom_1610473673019{background-image: url(http:\/\/lssq-consulting.com\/wp-content\/uploads\/otros.jpg?id=90) !important;background-position: center !important;background-repeat: no-repeat !important;background-size: cover !important;}&#8221;][vc_column][vc_row_inner css=&#8221;.vc_custom_1610387576111{background-position: center !important;background-repeat: no-repeat !important;background-size: cover !important;}&#8221;][vc_column_inner width=&#8221;2\/3&#8243;][vc_empty_space height=&#8221;300px&#8221;][vc_empty_space height=&#8221;60px&#8221;][vc_column_text css=&#8221;.vc_custom_1610473939815{margin-bottom: 0px !important;}&#8221;] LEAN MANUFACTURING [\/vc_column_text][\/vc_column_inner][vc_column_inner width=&#8221;1\/3&#8243;][\/vc_column_inner][\/vc_row_inner][\/vc_column][\/vc_row][vc_row content_placement=&#8221;middle&#8221;][vc_column][vc_empty_space height=&#8221;20px&#8221;][vc_column_text css=&#8221;.vc_custom_1610474736738{margin-bottom: 0px !important;}&#8221;] \u00bfQu\u00e9 hacen los consultores Lean de LSSQ CONSULTING? [\/vc_column_text][vc_empty_space height=&#8221;60px&#8221;][\/vc_column][\/vc_row][vc_row equal_height=&#8221;yes&#8221; content_placement=&#8221;top&#8221;][vc_column width=&#8221;1\/2&#8243;][vc_column_text css=&#8221;.vc_custom_1742469231837{margin-bottom: 0px !important;}&#8221;] Nuestro Enfoque En nuestra consultor\u00eda, nos&hellip;<\/p>\n<p class=\"more-link\"><a href=\"https:\/\/lssq-consulting.com\/en\/lean-manufacturing\/\" class=\"themebutton2\">Read More<\/a><\/p>\n","protected":false},"author":2,"featured_media":0,"parent":0,"menu_order":0,"comment_status":"closed","ping_status":"closed","template":"","meta":{"footnotes":""},"categories":[131,65,64],"tags":[74,12,84],"class_list":["post-2104","page","type-page","status-publish","hentry","category-consultoria","category-lean-manufacturing","category-mejora-continua","tag-consultoria","tag-lean-manufacturing","tag-mejora-continua"],"aioseo_notices":[],"_links":{"self":[{"href":"https:\/\/lssq-consulting.com\/en\/wp-json\/wp\/v2\/pages\/2104","targetHints":{"allow":["GET"]}}],"collection":[{"href":"https:\/\/lssq-consulting.com\/en\/wp-json\/wp\/v2\/pages"}],"about":[{"href":"https:\/\/lssq-consulting.com\/en\/wp-json\/wp\/v2\/types\/page"}],"author":[{"embeddable":true,"href":"https:\/\/lssq-consulting.com\/en\/wp-json\/wp\/v2\/users\/2"}],"replies":[{"embeddable":true,"href":"https:\/\/lssq-consulting.com\/en\/wp-json\/wp\/v2\/comments?post=2104"}],"version-history":[{"count":0,"href":"https:\/\/lssq-consulting.com\/en\/wp-json\/wp\/v2\/pages\/2104\/revisions"}],"wp:attachment":[{"href":"https:\/\/lssq-consulting.com\/en\/wp-json\/wp\/v2\/media?parent=2104"}],"wp:term":[{"taxonomy":"category","embeddable":true,"href":"https:\/\/lssq-consulting.com\/en\/wp-json\/wp\/v2\/categories?post=2104"},{"taxonomy":"post_tag","embeddable":true,"href":"https:\/\/lssq-consulting.com\/en\/wp-json\/wp\/v2\/tags?post=2104"}],"curies":[{"name":"wp","href":"https:\/\/api.w.org\/{rel}","templated":true}]}}