{"id":2078,"date":"2021-01-11T22:04:57","date_gmt":"2021-01-11T21:04:57","guid":{"rendered":"http:\/\/lssq-consulting.com\/?page_id=2078"},"modified":"2021-02-02T20:46:34","modified_gmt":"2021-02-02T19:46:34","slug":"mejora-continua","status":"publish","type":"page","link":"https:\/\/lssq-consulting.com\/en\/mejora-continua\/","title":{"rendered":"Mejora Continua"},"content":{"rendered":"<div class=\"wpb-content-wrapper\"><p>[vc_row css=&#8221;.vc_custom_1610396848018{background-image: url(http:\/\/lssq-consulting.com\/wp-content\/uploads\/2021\/01\/machine-cloth-sewing-manufacturing-art-production-959681-pxhere.com_-scaled.jpg?id=1805) !important;background-position: center !important;background-repeat: no-repeat !important;background-size: cover !important;}&#8221;][vc_column width=&#8221;5\/6&#8243;][vc_empty_space height=&#8221;120px&#8221;][vc_empty_space height=&#8221;120px&#8221;][vc_column_text css=&#8221;.vc_custom_1610396964647{margin-bottom: 0px !important;}&#8221;]<\/p>\n<h1 style=\"text-align: left; padding-left: 40px;\"><span style=\"color: #ffffff; font-size: 24pt; font-family: arial, helvetica, sans-serif;\"><strong>MEJORA CONTINUA Y OPTIMIZACI\u00d3N DE PROCESOS<\/strong><\/span><\/h1>\n<p>[\/vc_column_text][\/vc_column][vc_column width=&#8221;1\/6&#8243;][\/vc_column][\/vc_row][vc_row][vc_column][vc_empty_space][\/vc_column][\/vc_row][vc_row gap=&#8221;2&#8243;][vc_column width=&#8221;1\/3&#8243;][vc_cta h2=&#8221;Lean Manufacturing&#8221; h4=&#8221;Herramientas de optimizaci\u00f3n de procesos&#8221;]<\/p>\n<p style=\"text-align: justify;\"><span style=\"font-family: arial, helvetica, sans-serif; color: #808080;\">Lean Manufacturing se refiere a la aplicaci\u00f3n de pr\u00e1cticas, principios y herramientas que aumentan la velocidad de los procesos de fabricaci\u00f3n o de servicios, mediante la reducci\u00f3n continua de desperdicio, esto es, cualquier cosa o actividad que no genere valor. Est\u00e1 basado en los principios de facturaci\u00f3n desarrollados por Toyota en los 50.<\/span><\/p>\n<p>[\/vc_cta][vc_single_image image=&#8221;1795&#8243; img_size=&#8221;400&#215;200&#8243;][vc_btn title=&#8221;Haga click aqu\u00ed para obtener informaci\u00f3n sobre Lean Manufacturing&#8221; link=&#8221;url:http%3A%2F%2Flssq-consulting.com%2Flean-manufacturing%2F|title:Lean%20Manufacturing||&#8221;][\/vc_column][vc_column width=&#8221;1\/3&#8243;][vc_cta h2=&#8221;Six Sigma&#8221; h4=&#8221;Reducci\u00f3n de la variabilidad de los procesos&#8221;]<\/p>\n<p style=\"text-align: justify;\"><span style=\"font-family: arial, helvetica, sans-serif; color: #808080;\">Six Sigma es un m\u00e9todo que proporciona a las organizaciones herramientas para mejorar la capacidad de sus procesos de negocio. Este aumento en el rendimiento y la disminuci\u00f3n en la variaci\u00f3n del proceso ayuda a reducir los defectos y mejorar las ganancias, aumentar la moral de los empleados y la calidad de los productos o servicios.<\/span><\/p>\n<p>[\/vc_cta][vc_single_image image=&#8221;1598&#8243; img_size=&#8221;400&#215;200&#8243;][vc_btn title=&#8221;Haga click aqu\u00ed para obtener informaci\u00f3n sobre Six Sigma&#8221; link=&#8221;url:http%3A%2F%2Flssq-consulting.com%2Flean-six-sigma%2F|title:Lean%20Manufacturing||&#8221;][\/vc_column][vc_column width=&#8221;1\/3&#8243;][vc_cta h2=&#8221;Lean Six Sigma&#8221; h4=&#8221;Lean Manufacturing + Six Sigma&#8221;]<\/p>\n<p style=\"text-align: justify;\"><span style=\"font-family: arial, helvetica, sans-serif; color: #808080;\">Los principales beneficios de Lean Six Sigma son la mejora de la satisfacci\u00f3n del cliente y la reducci\u00f3n de costos. Al reducir tanto las actividades que no generan valor a\u00f1adido como la variabilidad de los procesos, Lean Six Sigma conduce a un crecimiento de los ingresos y a importantes mejoras en la productividad.\u00a0<\/span><\/p>\n<p>[\/vc_cta][vc_single_image image=&#8221;190&#8243; img_size=&#8221;400&#215;200&#8243;][vc_btn title=&#8221;Haga click aqu\u00ed para obtener informaci\u00f3n sobre Lean Six Sigma&#8221; link=&#8221;url:http%3A%2F%2Flssq-consulting.com%2Flean-six-sigma%2F|title:Lean%20Manufacturing||&#8221;][\/vc_column][\/vc_row][vc_row gap=&#8221;2&#8243; content_placement=&#8221;middle&#8221; css=&#8221;.vc_custom_1610379053574{padding-top: 20px !important;padding-bottom: 10px !important;}&#8221;][vc_column][vc_cta h2=&#8221;Lean Galvanizing\u2122&#8221; h4=&#8221;El Lean Six Sigma del sector de los recubrimientos met\u00e1licos&#8221; txt_align=&#8221;justify&#8221; style=&#8221;flat&#8221; color=&#8221;peacoc&#8221;]<\/p>\n<p style=\"text-align: left;\"><span style=\"font-size: 12pt; color: #003366;\"><span style=\"font-family: arial, helvetica, sans-serif;\"><a style=\"color: #003366;\" href=\"http:\/\/lssq-consulting.com\/lean-galvanizing\/\">Pulse sobre este enlace para recabar informaci\u00f3n sobre nuestra implantaci\u00f3n Lean Six Sigma espec\u00edfica para el sector de los recubrimientos met\u00e1licos<\/a>\u00a0<\/span><\/span><\/p>\n<p>[\/vc_cta][\/vc_column][\/vc_row][vc_row css=&#8221;.vc_custom_1610379106482{padding-top: 20px !important;padding-bottom: 20px !important;}&#8221;][vc_column width=&#8221;1\/3&#8243;][vc_gallery type=&#8221;image_grid&#8221; images=&#8221;1807,1756,1724,1711,1701,1696,1704,1705&#8243; onclick=&#8221;&#8221;][\/vc_column][vc_column width=&#8221;2\/3&#8243;][vc_cta h2=&#8221;&#8221;]<\/p>\n<p style=\"text-align: left;\"><span style=\"font-family: arial, helvetica, sans-serif; color: #808080; font-size: 14pt;\">Por qu\u00e9 elegir LSSQ CONSULTING<\/span><\/p>\n<ul>\n<li style=\"text-align: justify;\"><span style=\"color: #808080;\">Porque nuestros clientes son siempre lo primero.\u00a0<strong>Siempre<\/strong>.<\/span><\/li>\n<li style=\"text-align: justify;\"><span style=\"color: #808080;\">Porque en todos los proyectos que realizamos nuestros clientes conocen siempre de antemano los aspectos y el alcance real de nuestra colaboraci\u00f3n profesional.\u00a0<strong>Sin sorpresas<\/strong>.<\/span><\/li>\n<li style=\"text-align: justify;\"><span style=\"color: #808080;\">Porque nuestros clientes conocen, desde el inicio, los honorarios profesionales y los gastos que genera nuestra colaboraci\u00f3n.<\/span><\/li>\n<li style=\"text-align: justify;\"><span style=\"color: #808080;\">Porque asignamos a la realizaci\u00f3n de los proyectos a profesionales con la m\u00e1s alta cualificaci\u00f3n: Auditores Jefe, Black Belt , Lean Expert, etc.<\/span><\/li>\n<li style=\"text-align: justify;\"><span style=\"color: #808080;\">Porque somos una empresa que mejora continuamente y nos interesamos por cualquier sugerencia, cr\u00edtica o quejas que nuestros clientes tengan oportuno hacernos.\u00a0<strong>Ponemos en pr\u00e1ctica lo que ense\u00f1amos<\/strong>.<\/span><\/li>\n<li style=\"text-align: justify;\"><span style=\"color: #808080;\">Porque nuestros clientes est\u00e1n permanentemente informados del grado de avance de los proyectos y le dispensamos un trato humano excelente, no solo profesional.<\/span><\/li>\n<li style=\"text-align: justify;\"><span style=\"color: #808080;\">Porque mantenemos la m\u00e1s estricta confidencialidad sobre la informaci\u00f3n de nuestros clientes a la que podamos acceder.<\/span><\/li>\n<li style=\"text-align: justify;\"><span style=\"color: #808080;\">Porque, siendo una empresa de consultor\u00eda, concedemos una extrema importancia a la transferencia de conocimientos y a compartir nuestras experiencias.<\/span><\/li>\n<li style=\"text-align: justify;\"><span style=\"color: #808080;\">Porque nos enorgullece que nuestros clientes nos exijan cumplir por encima de las expectativas que les hayamos podido generar.<\/span><\/li>\n<\/ul>\n<p>[\/vc_cta][\/vc_column][\/vc_row][vc_row][vc_column width=&#8221;1\/3&#8243;][wpforms id=&#8221;1435&#8243; title=&#8221;false&#8221; description=&#8221;false&#8221;][\/vc_column][vc_column width=&#8221;1\/3&#8243;][vc_btn title=&#8221;SOLICITE INFORMACI\u00d3N O PRESUPUESTO&#8221; color=&#8221;white&#8221;][vc_column_text]<\/p>\n<h5><span style=\"color: #003366;\">Si le interesa implantar mejora continua en su empresa, escr\u00edbanos y le enviaremos un presupuesto sin compromiso.<\/span><\/h5>\n<h5><\/h5>\n<p>[\/vc_column_text][vc_column_text]<\/p>\n<h5><span style=\"color: #003366;\">S<\/span><span style=\"color: #003366;\">i lo prefiere, puede llamarnos 91 827 13 79 o escribirnos a info@lssq-consulting.com<\/span><\/h5>\n<p>[\/vc_column_text][vc_message]<em>Al pulsar el bot\u00f3n de ENVIAR usted acepta expl\u00edcitamente la pol\u00edtica de protecci\u00f3n de datos. Puede consultar informaci\u00f3n adicional y detallada en nuestra\u00a0<a href=\"http:\/\/lssq-consulting.com\/politica-de-privacidad\/\">Pol\u00edtica de Privacidad<\/a>.<\/em>[\/vc_message][\/vc_column][vc_column width=&#8221;1\/3&#8243;][vc_single_image image=&#8221;1874&#8243; img_size=&#8221;medium&#8221;][\/vc_column][\/vc_row]<\/p>\n<\/div>","protected":false},"excerpt":{"rendered":"<p>[vc_row css=&#8221;.vc_custom_1610396848018{background-image: url(http:\/\/lssq-consulting.com\/wp-content\/uploads\/2021\/01\/machine-cloth-sewing-manufacturing-art-production-959681-pxhere.com_-scaled.jpg?id=1805) !important;background-position: center !important;background-repeat: no-repeat !important;background-size: cover !important;}&#8221;][vc_column width=&#8221;5\/6&#8243;][vc_empty_space height=&#8221;120px&#8221;][vc_empty_space height=&#8221;120px&#8221;][vc_column_text css=&#8221;.vc_custom_1610396964647{margin-bottom: 0px !important;}&#8221;] MEJORA CONTINUA Y OPTIMIZACI\u00d3N DE PROCESOS [\/vc_column_text][\/vc_column][vc_column width=&#8221;1\/6&#8243;][\/vc_column][\/vc_row][vc_row][vc_column][vc_empty_space][\/vc_column][\/vc_row][vc_row gap=&#8221;2&#8243;][vc_column width=&#8221;1\/3&#8243;][vc_cta h2=&#8221;Lean Manufacturing&#8221; h4=&#8221;Herramientas de optimizaci\u00f3n de procesos&#8221;] Lean Manufacturing se refiere a la aplicaci\u00f3n de pr\u00e1cticas, principios y herramientas que aumentan la velocidad de los procesos de fabricaci\u00f3n o&hellip;<\/p>\n<p class=\"more-link\"><a href=\"https:\/\/lssq-consulting.com\/en\/mejora-continua\/\" class=\"themebutton2\">Read More<\/a><\/p>\n","protected":false},"author":2,"featured_media":0,"parent":0,"menu_order":0,"comment_status":"closed","ping_status":"closed","template":"","meta":{"footnotes":""},"categories":[131,65,66,64,67],"tags":[74,84],"class_list":["post-2078","page","type-page","status-publish","hentry","category-consultoria","category-lean-manufacturing","category-lean-six-sigma","category-mejora-continua","category-six-sigma","tag-consultoria","tag-mejora-continua"],"aioseo_notices":[],"_links":{"self":[{"href":"https:\/\/lssq-consulting.com\/en\/wp-json\/wp\/v2\/pages\/2078","targetHints":{"allow":["GET"]}}],"collection":[{"href":"https:\/\/lssq-consulting.com\/en\/wp-json\/wp\/v2\/pages"}],"about":[{"href":"https:\/\/lssq-consulting.com\/en\/wp-json\/wp\/v2\/types\/page"}],"author":[{"embeddable":true,"href":"https:\/\/lssq-consulting.com\/en\/wp-json\/wp\/v2\/users\/2"}],"replies":[{"embeddable":true,"href":"https:\/\/lssq-consulting.com\/en\/wp-json\/wp\/v2\/comments?post=2078"}],"version-history":[{"count":0,"href":"https:\/\/lssq-consulting.com\/en\/wp-json\/wp\/v2\/pages\/2078\/revisions"}],"wp:attachment":[{"href":"https:\/\/lssq-consulting.com\/en\/wp-json\/wp\/v2\/media?parent=2078"}],"wp:term":[{"taxonomy":"category","embeddable":true,"href":"https:\/\/lssq-consulting.com\/en\/wp-json\/wp\/v2\/categories?post=2078"},{"taxonomy":"post_tag","embeddable":true,"href":"https:\/\/lssq-consulting.com\/en\/wp-json\/wp\/v2\/tags?post=2078"}],"curies":[{"name":"wp","href":"https:\/\/api.w.org\/{rel}","templated":true}]}}