{"id":2052,"date":"2021-01-11T20:27:54","date_gmt":"2021-01-11T19:27:54","guid":{"rendered":"http:\/\/lssq-consulting.com\/?page_id=2052"},"modified":"2021-02-02T20:41:48","modified_gmt":"2021-02-02T19:41:48","slug":"iso-45001","status":"publish","type":"page","link":"https:\/\/lssq-consulting.com\/en\/iso-45001\/","title":{"rendered":"ISO 45001"},"content":{"rendered":"<div class=\"wpb-content-wrapper\"><p>[vc_row full_height=&#8221;yes&#8221; css=&#8221;.vc_custom_1610392736684{background-image: url(http:\/\/lssq-consulting.com\/wp-content\/uploads\/2021\/01\/water-smoke-orange-portrait-equipment-training-879682-pxhere.com_.jpg?id=1798) !important;background-position: center !important;background-repeat: no-repeat !important;background-size: cover !important;}&#8221;][vc_column][vc_row_inner css=&#8221;.vc_custom_1610387576111{background-position: center !important;background-repeat: no-repeat !important;background-size: cover !important;}&#8221;][vc_column_inner width=&#8221;2\/3&#8243;][vc_empty_space height=&#8221;60px&#8221;][vc_column_text css=&#8221;.vc_custom_1610392807764{margin-bottom: 0px !important;}&#8221;]<\/p>\n<h1 style=\"text-align: left; padding-left: 40px;\"><span style=\"color: #ccffcc; font-size: 24pt; font-family: arial, helvetica, sans-serif;\"><strong>CONSULTOR\u00cdA ISO<span style=\"font-family: arial, helvetica, sans-serif;\"> 45001<\/span><\/strong><\/span><\/h1>\n<h4><\/h4>\n<p>[\/vc_column_text][vc_empty_space height=&#8221;120px&#8221;][\/vc_column_inner][vc_column_inner width=&#8221;1\/3&#8243;][\/vc_column_inner][\/vc_row_inner][\/vc_column][\/vc_row][vc_row content_placement=&#8221;middle&#8221;][vc_column width=&#8221;2\/3&#8243;][vc_column_text]<\/p>\n<p style=\"text-align: justify;\"><span style=\"font-family: arial, helvetica, sans-serif;\">Un lugar de trabajo poco saludable y poco seguro, adem\u00e1s de no ser muy atractivo para todos los involucrados, tiene un gran impacto en la rentabilidad de la empresa a trav\u00e9s de ausencias de personal, jubilaciones anticipadas, bajas por enfermedad\u2026<\/span><\/p>\n<p style=\"text-align: justify;\"><span style=\"font-family: arial, helvetica, sans-serif;\">El Sistema de Gesti\u00f3n de la Seguridad y la Salud en el Trabajo (SGSST) basado en ISO 45001 aborda el problema y trae consigo muchos beneficios. ISO desarroll\u00f3 en 2018 este nuevo est\u00e1ndar que proporciona un marco para mejorar la seguridad de los empleados, reducir el riesgo en el lugar de trabajo y crear condiciones de trabajo mejores y m\u00e1s seguras.<\/span><\/p>\n<p style=\"text-align: justify;\"><span style=\"font-family: arial, helvetica, sans-serif;\">La ISO 45001 es una norma internacional que especifica los requisitos para un sistema de gesti\u00f3n de salud y de seguridad en el trabajo, con orientaci\u00f3n para su uso, para permitir que una organizaci\u00f3n mejore de manera proactiva su desempe\u00f1o de prevenci\u00f3n de riesgos laborales y en la prevenci\u00f3n de lesiones y enfermedades. De hecho, la ISO 45001 est\u00e1 destinada a ser aplicable a cualquier organizaci\u00f3n, independientemente de su tama\u00f1o, tipo y naturaleza.<\/span><\/p>\n<p>[\/vc_column_text][\/vc_column][vc_column width=&#8221;1\/3&#8243;][vc_single_image image=&#8221;2032&#8243; img_size=&#8221;medium&#8221;][\/vc_column][\/vc_row][vc_row content_placement=&#8221;middle&#8221;][vc_column][vc_column_text]<\/p>\n<p style=\"text-align: justify;\"><span style=\"font-family: arial, helvetica, sans-serif; font-size: 18pt; color: #003366;\">Con la certificaci\u00f3n de la norma ISO 45001 todo son ventajas:<\/span><\/p>\n<p>[\/vc_column_text][\/vc_column][\/vc_row][vc_row gap=&#8221;2&#8243; equal_height=&#8221;yes&#8221; css=&#8221;.vc_custom_1610389342000{padding-top: 20px !important;padding-bottom: 20px !important;}&#8221;][vc_column width=&#8221;1\/6&#8243;][vc_single_image image=&#8221;2030&#8243; img_size=&#8221;50&#215;100&#8243; alignment=&#8221;right&#8221;][\/vc_column][vc_column width=&#8221;2\/3&#8243;][vc_column_text]<\/p>\n<h3 style=\"text-align: justify;\"><span style=\"color: #1e73be; font-family: arial, helvetica, sans-serif;\">Se integra f\u00e1cilmente con el resto de normas ISO<\/span><\/h3>\n<p style=\"text-align: justify;\"><span style=\"font-family: arial, helvetica, sans-serif;\">La norma ISO 45001 incorpora la misma estructura de alto nivel de requisitos, t\u00e9rminos y definiciones comunes a todas las normas de gesti\u00f3n (9001, 14001, 27001, etc.), lo que se convierte en un elemento integrador para su implantaci\u00f3n.<\/span><\/p>\n<p>[\/vc_column_text][\/vc_column][vc_column width=&#8221;1\/6&#8243;][\/vc_column][\/vc_row][vc_row gap=&#8221;2&#8243; equal_height=&#8221;yes&#8221; css=&#8221;.vc_custom_1610389342000{padding-top: 20px !important;padding-bottom: 20px !important;}&#8221;][vc_column width=&#8221;1\/6&#8243;][vc_single_image image=&#8221;2029&#8243; img_size=&#8221;50&#215;100&#8243; alignment=&#8221;right&#8221;][\/vc_column][vc_column width=&#8221;2\/3&#8243;][vc_column_text]<\/p>\n<h3 style=\"text-align: justify;\"><span style=\"color: #1e73be; font-family: arial, helvetica, sans-serif;\">Elimina confusi\u00f3n<\/span><\/h3>\n<p style=\"text-align: justify;\"><span style=\"font-family: arial, helvetica, sans-serif;\">La ISO 45001 no genera confusi\u00f3n con los t\u00e9rminos. As\u00ed, define qu\u00e9 es lesi\u00f3n o deterioro de la salud, diferencia entre consulta y participaci\u00f3n de los trabajadores, y ampl\u00eda el concepto de trabajador.<\/span><\/p>\n<p>[\/vc_column_text][\/vc_column][vc_column width=&#8221;1\/6&#8243;][\/vc_column][\/vc_row][vc_row gap=&#8221;2&#8243; equal_height=&#8221;yes&#8221; css=&#8221;.vc_custom_1610389342000{padding-top: 20px !important;padding-bottom: 20px !important;}&#8221;][vc_column width=&#8221;1\/6&#8243;][vc_single_image image=&#8221;2028&#8243; img_size=&#8221;50&#215;100&#8243; alignment=&#8221;right&#8221;][\/vc_column][vc_column width=&#8221;2\/3&#8243;][vc_column_text]<\/p>\n<h3 style=\"text-align: justify;\"><span style=\"color: #1e73be; font-family: arial, helvetica, sans-serif;\">Proporciona un enfoque proactivo en materia de seguridad y salud<\/span><\/h3>\n<p style=\"text-align: justify;\"><span style=\"font-family: arial, helvetica, sans-serif;\">Una cultura de seguridad proactiva es ampliamente reconocida como un principio esencial en la sostenibilidad. A diferencia de su antecesora, la OHSAS 18001, que se preocupaba por controlar los riesgos conocidos, ISO 45001 pide a las organizaciones identificar de manera proactiva las fuentes de riesgos y los elementos y factores que tienen la posibilidad de causar da\u00f1o a los empleados. Por lo que, a largo plazo, permite crear entornos organizativos seguros y sostenibles. Adem\u00e1s, la participaci\u00f3n de los empleados pasa a ser un elemento clave: ISO 45001 solicita que se promueva la consulta y participaci\u00f3n de los empleados, con lo cual estos se comprometen con la Gesti\u00f3n en Seguridad y Salud en el Trabajo.<\/span><\/p>\n<p>[\/vc_column_text][\/vc_column][vc_column width=&#8221;1\/6&#8243;][\/vc_column][\/vc_row][vc_row gap=&#8221;2&#8243; equal_height=&#8221;yes&#8221; css=&#8221;.vc_custom_1610389342000{padding-top: 20px !important;padding-bottom: 20px !important;}&#8221;][vc_column width=&#8221;1\/6&#8243;][vc_single_image image=&#8221;2027&#8243; img_size=&#8221;50&#215;100&#8243; alignment=&#8221;right&#8221;][\/vc_column][vc_column width=&#8221;2\/3&#8243;][vc_column_text]<\/p>\n<h3 style=\"text-align: justify;\"><span style=\"color: #1e73be; font-family: arial, helvetica, sans-serif;\">Mejora la imagen y la confianza en la empresa<\/span><\/h3>\n<p style=\"text-align: justify;\"><span style=\"font-family: arial, helvetica, sans-serif;\">Implementar la ISO 45001 permite a la organizaci\u00f3n posicionarse frente a clientes y empleados a la vanguardia en pol\u00edticas y procedimientos que garantizan la seguridad en el lugar de trabajo. Esta norma supone un nivel de excelencia con reconocimiento global que ayuda a las organizaciones a diferenciarse de sus competidores. Al demostrar que se facilita de forma activa la mejora continua de la moral, la seguridad y el rendimiento de los empleados, permite que las personas conf\u00eden en la organizaci\u00f3n y su responsabilidad por el bienestar. Ser transparente y promover los esfuerzos de responsabilidad social corporativa puede tener un gran impacto en c\u00f3mo el p\u00fablico, los futuros empleados y posibles clientes perciben el negocio.<\/span><\/p>\n<p>[\/vc_column_text][\/vc_column][vc_column width=&#8221;1\/6&#8243;][\/vc_column][\/vc_row][vc_row gap=&#8221;2&#8243; equal_height=&#8221;yes&#8221; css=&#8221;.vc_custom_1610389342000{padding-top: 20px !important;padding-bottom: 20px !important;}&#8221;][vc_column width=&#8221;1\/6&#8243;][vc_single_image image=&#8221;2026&#8243; img_size=&#8221;50&#215;100&#8243; alignment=&#8221;right&#8221;][\/vc_column][vc_column width=&#8221;2\/3&#8243;][vc_column_text]<\/p>\n<h3 style=\"text-align: justify;\"><span style=\"color: #1e73be; font-family: arial, helvetica, sans-serif;\">Reduce costes manteniendo la confianza del trabajador<\/span><\/h3>\n<p style=\"text-align: justify;\"><span style=\"font-family: arial, helvetica, sans-serif;\">Tan solo implementando ISO 45001 se proporciona una plataforma para atraer primas de seguro m\u00e1s bajas, ya que demuestra que la organizaci\u00f3n est\u00e1 realizando una debida diligencia en la seguridad y protecci\u00f3n de sus empleados. La ISO 45001 ha sido ampliamente promocionada por la comunidad empresarial porque aborda los riesgo de salud y seguridad personal para el empleado que ejecute cualquier proceso o utilice cualquier maquinaria dentro de una organizaci\u00f3n. Esto se relaciona tanto con su salud mental como con su seguridad f\u00edsica dentro de su lugar de trabajo. Al reducirse los incidentes, se reducen los costes debido a lesiones, bajas laborales, etc.<\/span><\/p>\n<p>[\/vc_column_text][\/vc_column][vc_column width=&#8221;1\/6&#8243;][\/vc_column][\/vc_row][vc_row gap=&#8221;2&#8243; equal_height=&#8221;yes&#8221; css=&#8221;.vc_custom_1610389342000{padding-top: 20px !important;padding-bottom: 20px !important;}&#8221;][vc_column width=&#8221;1\/6&#8243;][vc_single_image image=&#8221;2025&#8243; img_size=&#8221;50&#215;100&#8243; alignment=&#8221;right&#8221;][\/vc_column][vc_column width=&#8221;2\/3&#8243;][vc_column_text]<\/p>\n<h3 style=\"text-align: justify;\"><span style=\"color: #1e73be; font-family: arial, helvetica, sans-serif;\">Analiza todas las cuestiones que conciernen a la seguridad y la salud<\/span><\/h3>\n<p style=\"text-align: justify;\"><span style=\"font-family: arial, helvetica, sans-serif;\">En la ISO 45001 se establece un nuevo requisito de evaluaci\u00f3n de los riesgos y oportunidades en materia de SST, adicional a la identificaci\u00f3n de peligros. Adem\u00e1s, dentro del Control Operacional se establece la diferenciaci\u00f3n entre Contratistas y Contrataci\u00f3n Externa. Se incorpora un nuevo aspecto sobre la selecci\u00f3n de contratistas en los documentos contractuales. Incidentes, no conformidades y acciones correctivas pasan a ser parte de la actuaci\u00f3n del sistema.<\/span><\/p>\n<p>[\/vc_column_text][\/vc_column][vc_column width=&#8221;1\/6&#8243;][\/vc_column][\/vc_row][vc_row css=&#8221;.vc_custom_1610379663197{padding-top: 20px !important;padding-bottom: 20px !important;}&#8221;][vc_column width=&#8221;1\/3&#8243;][vc_gallery type=&#8221;image_grid&#8221; images=&#8221;1807,1756,1724,1711,1701,1696,1704,1705&#8243; onclick=&#8221;&#8221;][\/vc_column][vc_column width=&#8221;2\/3&#8243;][vc_cta h2=&#8221;&#8221;]<span style=\"font-family: arial, helvetica, sans-serif; font-size: 14pt; color: #808080;\">Por qu\u00e9 elegir LSSQ CONSULTING<\/span><\/p>\n<ul>\n<li><span style=\"font-family: arial, helvetica, sans-serif; color: #808080;\">Porque nuestros clientes son siempre lo primero.\u00a0<strong>Siempre<\/strong>.<\/span><\/li>\n<li><span style=\"font-family: arial, helvetica, sans-serif; color: #808080;\">Porque en todos los proyectos que realizamos nuestros clientes conocen siempre de antemano los aspectos y el alcance real de nuestra colaboraci\u00f3n profesional.\u00a0<strong>Sin sorpresas<\/strong>.<\/span><\/li>\n<li><span style=\"font-family: arial, helvetica, sans-serif; color: #808080;\">Porque nuestros clientes conocen, desde el inicio, los honorarios profesionales y los gastos que genera nuestra colaboraci\u00f3n.<\/span><\/li>\n<li><span style=\"font-family: arial, helvetica, sans-serif; color: #808080;\">Porque asignamos a la realizaci\u00f3n de los proyectos a profesionales con la m\u00e1s alta cualificaci\u00f3n: Auditores Jefe, Black Belt , Lean Expert, etc.<\/span><\/li>\n<li><span style=\"font-family: arial, helvetica, sans-serif; color: #808080;\">Porque somos una empresa que mejora continuamente y nos interesamos por cualquier sugerencia, cr\u00edtica o quejas que nuestros clientes tengan oportuno hacernos.\u00a0<strong>Ponemos en pr\u00e1ctica lo que ense\u00f1amos<\/strong>.<\/span><\/li>\n<li><span style=\"font-family: arial, helvetica, sans-serif; color: #808080;\">Porque nuestros clientes est\u00e1n permanentemente informados del grado de avance de los proyectos y le dispensamos un trato humano excelente, no solo profesional.<\/span><\/li>\n<li><span style=\"font-family: arial, helvetica, sans-serif; color: #808080;\">Porque mantenemos la m\u00e1s estricta confidencialidad sobre la informaci\u00f3n de nuestros clientes a la que podamos acceder.<\/span><\/li>\n<li><span style=\"font-family: arial, helvetica, sans-serif; color: #808080;\">Porque, siendo una empresa de consultor\u00eda, concedemos una extrema importancia a la transferencia de conocimientos y a compartir nuestras experiencias.<\/span><\/li>\n<li><span style=\"font-family: arial, helvetica, sans-serif; color: #808080;\">Porque nos enorgullece que nuestros clientes nos exijan cumplir por encima de las expectativas que les hayamos podido generar.<\/span><\/li>\n<\/ul>\n<p>[\/vc_cta][\/vc_column][\/vc_row][vc_row][vc_column width=&#8221;1\/3&#8243;][wpforms id=&#8221;1435&#8243; title=&#8221;false&#8221; description=&#8221;false&#8221;][\/vc_column][vc_column width=&#8221;1\/3&#8243;][vc_btn title=&#8221;SOLICITE INFORMACI\u00d3N O PRESUPUESTO&#8221; color=&#8221;white&#8221; link=&#8221;url:http%3A%2F%2Flssq-consulting.com%2Fcontacto%2F|||rel:nofollow&#8221;][vc_column_text]<\/p>\n<h5><span style=\"color: #003366;\">Si le interesa implantar la norma ISO 45001:2018 en su empresa, escr\u00edbanos y le enviaremos un presupuesto sin compromiso.<\/span><\/h5>\n<h5><\/h5>\n<p>[\/vc_column_text][vc_column_text]<\/p>\n<h5><span style=\"color: #003366;\">S<\/span><span style=\"color: #003366;\">i lo prefiere, puede llamarnos 91 827 13 79 o escribirnos a info@lssq-consulting.com<\/span><\/h5>\n<p>[\/vc_column_text][vc_message]<em>Al pulsar el bot\u00f3n de ENVIAR usted acepta expl\u00edcitamente la pol\u00edtica de protecci\u00f3n de datos. Puede consultar informaci\u00f3n adicional y detallada en nuestra\u00a0<a href=\"http:\/\/lssq-consulting.com\/politica-de-privacidad\/\">Pol\u00edtica de Privacidad<\/a>.<\/em>[\/vc_message][\/vc_column][vc_column width=&#8221;1\/3&#8243;][vc_single_image image=&#8221;1874&#8243; img_size=&#8221;medium&#8221;][\/vc_column][\/vc_row]<\/p>\n<\/div>","protected":false},"excerpt":{"rendered":"<p>[vc_row full_height=&#8221;yes&#8221; css=&#8221;.vc_custom_1610392736684{background-image: url(http:\/\/lssq-consulting.com\/wp-content\/uploads\/2021\/01\/water-smoke-orange-portrait-equipment-training-879682-pxhere.com_.jpg?id=1798) !important;background-position: center !important;background-repeat: no-repeat !important;background-size: cover !important;}&#8221;][vc_column][vc_row_inner css=&#8221;.vc_custom_1610387576111{background-position: center !important;background-repeat: no-repeat !important;background-size: cover !important;}&#8221;][vc_column_inner width=&#8221;2\/3&#8243;][vc_empty_space height=&#8221;60px&#8221;][vc_column_text css=&#8221;.vc_custom_1610392807764{margin-bottom: 0px !important;}&#8221;] CONSULTOR\u00cdA ISO 45001 [\/vc_column_text][vc_empty_space height=&#8221;120px&#8221;][\/vc_column_inner][vc_column_inner width=&#8221;1\/3&#8243;][\/vc_column_inner][\/vc_row_inner][\/vc_column][\/vc_row][vc_row content_placement=&#8221;middle&#8221;][vc_column width=&#8221;2\/3&#8243;][vc_column_text] Un lugar de trabajo poco saludable y poco seguro, adem\u00e1s de no ser muy atractivo para todos los involucrados, tiene un gran impacto en&hellip;<\/p>\n<p class=\"more-link\"><a href=\"https:\/\/lssq-consulting.com\/en\/iso-45001\/\" class=\"themebutton2\">Read More<\/a><\/p>\n","protected":false},"author":2,"featured_media":0,"parent":0,"menu_order":0,"comment_status":"closed","ping_status":"closed","template":"","meta":{"footnotes":""},"categories":[131,63],"tags":[74,79],"class_list":["post-2052","page","type-page","status-publish","hentry","category-consultoria","category-iso-45001","tag-consultoria","tag-iso-45001"],"aioseo_notices":[],"_links":{"self":[{"href":"https:\/\/lssq-consulting.com\/en\/wp-json\/wp\/v2\/pages\/2052","targetHints":{"allow":["GET"]}}],"collection":[{"href":"https:\/\/lssq-consulting.com\/en\/wp-json\/wp\/v2\/pages"}],"about":[{"href":"https:\/\/lssq-consulting.com\/en\/wp-json\/wp\/v2\/types\/page"}],"author":[{"embeddable":true,"href":"https:\/\/lssq-consulting.com\/en\/wp-json\/wp\/v2\/users\/2"}],"replies":[{"embeddable":true,"href":"https:\/\/lssq-consulting.com\/en\/wp-json\/wp\/v2\/comments?post=2052"}],"version-history":[{"count":0,"href":"https:\/\/lssq-consulting.com\/en\/wp-json\/wp\/v2\/pages\/2052\/revisions"}],"wp:attachment":[{"href":"https:\/\/lssq-consulting.com\/en\/wp-json\/wp\/v2\/media?parent=2052"}],"wp:term":[{"taxonomy":"category","embeddable":true,"href":"https:\/\/lssq-consulting.com\/en\/wp-json\/wp\/v2\/categories?post=2052"},{"taxonomy":"post_tag","embeddable":true,"href":"https:\/\/lssq-consulting.com\/en\/wp-json\/wp\/v2\/tags?post=2052"}],"curies":[{"name":"wp","href":"https:\/\/api.w.org\/{rel}","templated":true}]}}