{"id":2037,"date":"2021-01-11T20:13:10","date_gmt":"2021-01-11T19:13:10","guid":{"rendered":"http:\/\/lssq-consulting.com\/?page_id=2037"},"modified":"2021-02-02T20:41:03","modified_gmt":"2021-02-02T19:41:03","slug":"iso-14001","status":"publish","type":"page","link":"https:\/\/lssq-consulting.com\/en\/iso-14001\/","title":{"rendered":"ISO 14001"},"content":{"rendered":"<div class=\"wpb-content-wrapper\"><p>[vc_row full_height=&#8221;yes&#8221; css=&#8221;.vc_custom_1610391623945{background-image: url(http:\/\/lssq-consulting.com\/wp-content\/uploads\/sea-coast-nature-ocean-horizon-mountain-1695-pxhere.com_-scaled.jpg?id=1685) !important;background-position: center !important;background-repeat: no-repeat !important;background-size: cover !important;}&#8221;][vc_column][vc_row_inner css=&#8221;.vc_custom_1610387576111{background-position: center !important;background-repeat: no-repeat !important;background-size: cover !important;}&#8221;][vc_column_inner width=&#8221;2\/3&#8243;][vc_column_text css=&#8221;.vc_custom_1610391663764{margin-bottom: 0px !important;}&#8221;]<\/p>\n<h1 style=\"text-align: left; padding-left: 40px;\"><span style=\"color: #ffffff; font-size: 24pt; font-family: arial, helvetica, sans-serif;\"><strong>CONSULTOR\u00cdA ISO<span style=\"font-family: arial, helvetica, sans-serif;\"> 14001<\/span><\/strong><\/span><\/h1>\n<h4><\/h4>\n<p>[\/vc_column_text][vc_empty_space height=&#8221;180px&#8221;][\/vc_column_inner][vc_column_inner width=&#8221;1\/3&#8243;][\/vc_column_inner][\/vc_row_inner][\/vc_column][\/vc_row][vc_row content_placement=&#8221;middle&#8221;][vc_column width=&#8221;2\/3&#8243;][vc_column_text]<\/p>\n<p style=\"text-align: justify;\"><span style=\"font-family: arial, helvetica, sans-serif;\">La norma ISO 14001:2015 es un est\u00e1ndar internacional que especifica los requisitos para un sistema de gesti\u00f3n ambiental (SGA) eficaz. Puede ser utilizado por cualquier organizaci\u00f3n independientemente de su actividad o sector.<\/span><\/p>\n<p style=\"text-align: justify;\"><span style=\"font-family: arial, helvetica, sans-serif;\">Los requisitos de esta norma exigen la identificaci\u00f3n y evaluaci\u00f3n de los riesgos ambientales asociados a su organizaci\u00f3n. Con nuestra ayuda, esta etapa decisiva quedar\u00e1 definida de un modo muy pr\u00e1ctico y eficaz, al igual que la identificaci\u00f3n de las expectativas en materia ambiental de todas las partes interesadas en su negocio.<\/span><\/p>\n<p style=\"text-align: justify;\"><span style=\"font-family: arial, helvetica, sans-serif;\">Un Sistema de Gesti\u00f3n Ambiental es una herramienta muy \u00fatil para que las organizaciones realicen un control y seguimiento eficaz de todos sus procesos y actividades con impacto en el medio ambiente.<\/span><\/p>\n<p style=\"text-align: justify;\"><span style=\"font-family: arial, helvetica, sans-serif;\">Por todo ello hemos dise\u00f1ado una consultor\u00eda muy pr\u00e1ctica y pr\u00f3xima, fielmente acomodada al rimo de trabajo de su empresa, eludiendo toda sobrecarga de trabajo para sus empleados y responsables.<\/span><\/p>\n<p>[\/vc_column_text][\/vc_column][vc_column width=&#8221;1\/3&#8243;][vc_single_image image=&#8221;2033&#8243; img_size=&#8221;medium&#8221;][\/vc_column][\/vc_row][vc_row content_placement=&#8221;middle&#8221;][vc_column][vc_column_text]<\/p>\n<p style=\"text-align: justify;\"><span style=\"font-family: arial, helvetica, sans-serif; font-size: 18pt; color: #003366;\">Con la certificaci\u00f3n de la norma ISO 14001 todo son ventajas:<\/span><\/p>\n<p>[\/vc_column_text][\/vc_column][\/vc_row][vc_row gap=&#8221;2&#8243; equal_height=&#8221;yes&#8221; css=&#8221;.vc_custom_1610389342000{padding-top: 20px !important;padding-bottom: 20px !important;}&#8221;][vc_column width=&#8221;1\/6&#8243;][vc_single_image image=&#8221;2030&#8243; img_size=&#8221;50&#215;100&#8243; alignment=&#8221;right&#8221;][\/vc_column][vc_column width=&#8221;2\/3&#8243;][vc_column_text]<\/p>\n<h3 style=\"text-align: justify;\"><span style=\"color: #1e73be; font-family: arial, helvetica, sans-serif;\">Contribuye a mejorar el medio ambiente<\/span><\/h3>\n<p style=\"text-align: justify;\"><span style=\"font-family: arial, helvetica, sans-serif;\">La ISO 14001 en su apartado \u00ab<em>0.2 Objetivo<\/em>\u00bb indica que su implantaci\u00f3n proporciona informaci\u00f3n a la alta direcci\u00f3n para contribuir al desarrollo sostenible mediante la protecci\u00f3n del medio ambiente a trav\u00e9s de la prevenci\u00f3n o mitigaci\u00f3n de impactos ambientales adversos. Esta sensibilidad medioambiental es cada vez m\u00e1s frecuente en las empresas y organizaciones.<\/span><\/p>\n<p>[\/vc_column_text][\/vc_column][vc_column width=&#8221;1\/6&#8243;][\/vc_column][\/vc_row][vc_row gap=&#8221;2&#8243; equal_height=&#8221;yes&#8221; css=&#8221;.vc_custom_1610389342000{padding-top: 20px !important;padding-bottom: 20px !important;}&#8221;][vc_column width=&#8221;1\/6&#8243;][vc_single_image image=&#8221;2029&#8243; img_size=&#8221;50&#215;100&#8243; alignment=&#8221;right&#8221;][\/vc_column][vc_column width=&#8221;2\/3&#8243;][vc_column_text]<\/p>\n<h3 style=\"text-align: justify;\"><span style=\"color: #1e73be; font-family: arial, helvetica, sans-serif;\">Mejora la satisfacci\u00f3n del cliente y la imagen p\u00fablica de la empresa<\/span><\/h3>\n<p style=\"text-align: justify;\"><span style=\"font-family: arial, helvetica, sans-serif;\">La sensibilidad social con respecto a la contaminaci\u00f3n, el uso ineficiente de los recursos, la gesti\u00f3n inapropiada de los residuos, el cambio clim\u00e1tico, etc., es un hecho incontestable que ha crecido y sigue creciendo de manera considerable en nuestro tiempo. Implantar un SGA hace ver a sus clientes y resto de partes interesadas el compromiso adquirido por su organizaci\u00f3n con la sostenibilidad y el medio ambiente..<\/span><\/p>\n<p>[\/vc_column_text][\/vc_column][vc_column width=&#8221;1\/6&#8243;][\/vc_column][\/vc_row][vc_row gap=&#8221;2&#8243; equal_height=&#8221;yes&#8221; css=&#8221;.vc_custom_1610389342000{padding-top: 20px !important;padding-bottom: 20px !important;}&#8221;][vc_column width=&#8221;1\/6&#8243;][vc_single_image image=&#8221;2028&#8243; img_size=&#8221;50&#215;100&#8243; alignment=&#8221;right&#8221;][\/vc_column][vc_column width=&#8221;2\/3&#8243;][vc_column_text]<\/p>\n<h3 style=\"text-align: justify;\"><span style=\"color: #1e73be; font-family: arial, helvetica, sans-serif;\">Asegura el cumplimiento de la regulaci\u00f3n y legislaci\u00f3n ambiental\u00a0<\/span><\/h3>\n<p style=\"text-align: justify;\"><span style=\"font-family: arial, helvetica, sans-serif;\">Uno de los principales beneficios de tener certificado un Sistema de Gesti\u00f3n Ambiental basado en la Norma ISO 14001 es que proporciona un marco para la identificaci\u00f3n, seguimiento y cumplimiento de los cada vez m\u00e1s abundantes requisitos ambientales.<\/span><\/p>\n<p>[\/vc_column_text][\/vc_column][vc_column width=&#8221;1\/6&#8243;][\/vc_column][\/vc_row][vc_row gap=&#8221;2&#8243; equal_height=&#8221;yes&#8221; css=&#8221;.vc_custom_1610389342000{padding-top: 20px !important;padding-bottom: 20px !important;}&#8221;][vc_column width=&#8221;1\/6&#8243;][vc_single_image image=&#8221;2027&#8243; img_size=&#8221;50&#215;100&#8243; alignment=&#8221;right&#8221;][\/vc_column][vc_column width=&#8221;2\/3&#8243;][vc_column_text]<\/p>\n<h3 style=\"text-align: justify;\"><span style=\"color: #1e73be; font-family: arial, helvetica, sans-serif;\">Fomenta la creaci\u00f3n de una cultura de mejora continua ambiental<\/span><\/h3>\n<p style=\"text-align: justify;\"><span style=\"font-family: arial, helvetica, sans-serif;\">Otro de los principios de la ISO 14001 es el de buscar la mejora continua con el objetivo de intentar buscar nuevas y mejores formas de reducir su impacto ambiental y ahorrar tiempo y recursos cuando se mejoran los procesos.<\/span><\/p>\n<p>[\/vc_column_text][\/vc_column][vc_column width=&#8221;1\/6&#8243;][\/vc_column][\/vc_row][vc_row gap=&#8221;2&#8243; equal_height=&#8221;yes&#8221; css=&#8221;.vc_custom_1610389342000{padding-top: 20px !important;padding-bottom: 20px !important;}&#8221;][vc_column width=&#8221;1\/6&#8243;][vc_single_image image=&#8221;2026&#8243; img_size=&#8221;50&#215;100&#8243; alignment=&#8221;right&#8221;][\/vc_column][vc_column width=&#8221;2\/3&#8243;][vc_column_text]<\/p>\n<h3 style=\"text-align: justify;\"><span style=\"color: #1e73be; font-family: arial, helvetica, sans-serif;\">Promueve el compromiso de los empleados con el medio ambiente<\/span><\/h3>\n<p style=\"text-align: justify;\"><span style=\"font-family: arial, helvetica, sans-serif;\">La implantaci\u00f3n de un SGA contribuye a incrementar la motivaci\u00f3n de los empleados, al ver que pertenecen a una organizaci\u00f3n comprometida con el medio ambiente. No solo eso, consecutivamente los trabajadores y otras partes interesadas advertir\u00e1n que ellos mismos disponen de voz y opini\u00f3n a la hora de motivar situaciones de mejora.<\/span><\/p>\n<p>[\/vc_column_text][\/vc_column][vc_column width=&#8221;1\/6&#8243;][\/vc_column][\/vc_row][vc_row gap=&#8221;2&#8243; equal_height=&#8221;yes&#8221; css=&#8221;.vc_custom_1610389342000{padding-top: 20px !important;padding-bottom: 20px !important;}&#8221;][vc_column width=&#8221;1\/6&#8243;][vc_single_image image=&#8221;2025&#8243; img_size=&#8221;50&#215;100&#8243; alignment=&#8221;right&#8221;][\/vc_column][vc_column width=&#8221;2\/3&#8243;][vc_column_text]<\/p>\n<h3 style=\"text-align: justify;\"><span style=\"color: #1e73be; font-family: arial, helvetica, sans-serif;\">Mejora la gesti\u00f3n de residuos y vertidos<\/span><\/h3>\n<p style=\"text-align: justify;\"><span style=\"font-family: arial, helvetica, sans-serif;\">La ISO 14001 exige cuantificar correctamente los consumos, emisiones o vertidos de sus procesos de trabajo. Con una sistem\u00e1tica correctamente implementada, los datos generados dejan de ser simples datos para pasar a ser informaci\u00f3n. Aunque se ha demostrado que las organizaciones que fomentan iniciativas como la inversi\u00f3n en tecnolog\u00edas limpias o en programas de reducci\u00f3n de residuos, tienen un mayor control de sus costes ambientales, un Sistema de Gesti\u00f3n Ambiental ayuda a identificar, controlar y reducir el n\u00famero de los incidentes ambientales que se producen, y que pueden costar mucho dinero a la organizaci\u00f3n debido a multas, limpiezas y reparaciones.<\/span><\/p>\n<p>[\/vc_column_text][\/vc_column][vc_column width=&#8221;1\/6&#8243;][\/vc_column][\/vc_row][vc_row css=&#8221;.vc_custom_1610379663197{padding-top: 20px !important;padding-bottom: 20px !important;}&#8221;][vc_column width=&#8221;1\/3&#8243;][vc_gallery type=&#8221;image_grid&#8221; images=&#8221;1807,1756,1724,1711,1701,1696,1704,1705&#8243; onclick=&#8221;&#8221;][\/vc_column][vc_column width=&#8221;2\/3&#8243;][vc_cta h2=&#8221;&#8221;]<span style=\"font-family: arial, helvetica, sans-serif; font-size: 14pt; color: #808080;\">Por qu\u00e9 elegir LSSQ CONSULTING<\/span><\/p>\n<ul>\n<li><span style=\"font-family: arial, helvetica, sans-serif; color: #808080;\">Porque nuestros clientes son siempre lo primero.\u00a0<strong>Siempre<\/strong>.<\/span><\/li>\n<li><span style=\"font-family: arial, helvetica, sans-serif; color: #808080;\">Porque en todos los proyectos que realizamos nuestros clientes conocen siempre de antemano los aspectos y el alcance real de nuestra colaboraci\u00f3n profesional.\u00a0<strong>Sin sorpresas<\/strong>.<\/span><\/li>\n<li><span style=\"font-family: arial, helvetica, sans-serif; color: #808080;\">Porque nuestros clientes conocen, desde el inicio, los honorarios profesionales y los gastos que genera nuestra colaboraci\u00f3n.<\/span><\/li>\n<li><span style=\"font-family: arial, helvetica, sans-serif; color: #808080;\">Porque asignamos a la realizaci\u00f3n de los proyectos a profesionales con la m\u00e1s alta cualificaci\u00f3n: Auditores Jefe, Black Belt , Lean Expert, etc.<\/span><\/li>\n<li><span style=\"font-family: arial, helvetica, sans-serif; color: #808080;\">Porque somos una empresa que mejora continuamente y nos interesamos por cualquier sugerencia, cr\u00edtica o quejas que nuestros clientes tengan oportuno hacernos.\u00a0<strong>Ponemos en pr\u00e1ctica lo que ense\u00f1amos<\/strong>.<\/span><\/li>\n<li><span style=\"font-family: arial, helvetica, sans-serif; color: #808080;\">Porque nuestros clientes est\u00e1n permanentemente informados del grado de avance de los proyectos y le dispensamos un trato humano excelente, no solo profesional.<\/span><\/li>\n<li><span style=\"font-family: arial, helvetica, sans-serif; color: #808080;\">Porque mantenemos la m\u00e1s estricta confidencialidad sobre la informaci\u00f3n de nuestros clientes a la que podamos acceder.<\/span><\/li>\n<li><span style=\"font-family: arial, helvetica, sans-serif; color: #808080;\">Porque, siendo una empresa de consultor\u00eda, concedemos una extrema importancia a la transferencia de conocimientos y a compartir nuestras experiencias.<\/span><\/li>\n<li><span style=\"font-family: arial, helvetica, sans-serif; color: #808080;\">Porque nos enorgullece que nuestros clientes nos exijan cumplir por encima de las expectativas que les hayamos podido generar.<\/span><\/li>\n<\/ul>\n<p>[\/vc_cta][\/vc_column][\/vc_row][vc_row][vc_column width=&#8221;1\/3&#8243;][wpforms id=&#8221;1435&#8243; title=&#8221;false&#8221; description=&#8221;false&#8221;][\/vc_column][vc_column width=&#8221;1\/3&#8243;][vc_btn title=&#8221;SOLICITE INFORMACI\u00d3N O PRESUPUESTO&#8221; color=&#8221;white&#8221; link=&#8221;url:http%3A%2F%2Flssq-consulting.com%2Fcontacto%2F|||rel:nofollow&#8221;][vc_column_text]<\/p>\n<h5><span style=\"color: #003366;\">Si le interesa implantar la norma ISO 14001:2015 en su empresa, escr\u00edbanos y le enviaremos un presupuesto sin compromiso.<\/span><\/h5>\n<h5><\/h5>\n<p>[\/vc_column_text][vc_column_text]<\/p>\n<h5><span style=\"color: #003366;\">S<\/span><span style=\"color: #003366;\">i lo prefiere, puede llamarnos 91 827 13 79 o escribirnos a info@lssq-consulting.com<\/span><\/h5>\n<p>[\/vc_column_text][vc_message]<em>Al pulsar el bot\u00f3n de ENVIAR usted acepta expl\u00edcitamente la pol\u00edtica de protecci\u00f3n de datos. Puede consultar informaci\u00f3n adicional y detallada en nuestra\u00a0<a href=\"http:\/\/lssq-consulting.com\/politica-de-privacidad\/\">Pol\u00edtica de Privacidad<\/a>.<\/em>[\/vc_message][\/vc_column][vc_column width=&#8221;1\/3&#8243;][vc_single_image image=&#8221;1874&#8243; img_size=&#8221;medium&#8221;][\/vc_column][\/vc_row]<\/p>\n<\/div>","protected":false},"excerpt":{"rendered":"<p>[vc_row full_height=&#8221;yes&#8221; css=&#8221;.vc_custom_1610391623945{background-image: url(http:\/\/lssq-consulting.com\/wp-content\/uploads\/sea-coast-nature-ocean-horizon-mountain-1695-pxhere.com_-scaled.jpg?id=1685) !important;background-position: center !important;background-repeat: no-repeat !important;background-size: cover !important;}&#8221;][vc_column][vc_row_inner css=&#8221;.vc_custom_1610387576111{background-position: center !important;background-repeat: no-repeat !important;background-size: cover !important;}&#8221;][vc_column_inner width=&#8221;2\/3&#8243;][vc_column_text css=&#8221;.vc_custom_1610391663764{margin-bottom: 0px !important;}&#8221;] CONSULTOR\u00cdA ISO 14001 [\/vc_column_text][vc_empty_space height=&#8221;180px&#8221;][\/vc_column_inner][vc_column_inner width=&#8221;1\/3&#8243;][\/vc_column_inner][\/vc_row_inner][\/vc_column][\/vc_row][vc_row content_placement=&#8221;middle&#8221;][vc_column width=&#8221;2\/3&#8243;][vc_column_text] La norma ISO 14001:2015 es un est\u00e1ndar internacional que especifica los requisitos para un sistema de gesti\u00f3n ambiental (SGA) eficaz. Puede ser utilizado por cualquier&hellip;<\/p>\n<p class=\"more-link\"><a href=\"https:\/\/lssq-consulting.com\/en\/iso-14001\/\" class=\"themebutton2\">Read More<\/a><\/p>\n","protected":false},"author":2,"featured_media":0,"parent":0,"menu_order":0,"comment_status":"closed","ping_status":"closed","template":"","meta":{"footnotes":""},"categories":[131,61],"tags":[74,78],"class_list":["post-2037","page","type-page","status-publish","hentry","category-consultoria","category-iso-14001","tag-consultoria","tag-iso-14001"],"aioseo_notices":[],"_links":{"self":[{"href":"https:\/\/lssq-consulting.com\/en\/wp-json\/wp\/v2\/pages\/2037","targetHints":{"allow":["GET"]}}],"collection":[{"href":"https:\/\/lssq-consulting.com\/en\/wp-json\/wp\/v2\/pages"}],"about":[{"href":"https:\/\/lssq-consulting.com\/en\/wp-json\/wp\/v2\/types\/page"}],"author":[{"embeddable":true,"href":"https:\/\/lssq-consulting.com\/en\/wp-json\/wp\/v2\/users\/2"}],"replies":[{"embeddable":true,"href":"https:\/\/lssq-consulting.com\/en\/wp-json\/wp\/v2\/comments?post=2037"}],"version-history":[{"count":0,"href":"https:\/\/lssq-consulting.com\/en\/wp-json\/wp\/v2\/pages\/2037\/revisions"}],"wp:attachment":[{"href":"https:\/\/lssq-consulting.com\/en\/wp-json\/wp\/v2\/media?parent=2037"}],"wp:term":[{"taxonomy":"category","embeddable":true,"href":"https:\/\/lssq-consulting.com\/en\/wp-json\/wp\/v2\/categories?post=2037"},{"taxonomy":"post_tag","embeddable":true,"href":"https:\/\/lssq-consulting.com\/en\/wp-json\/wp\/v2\/tags?post=2037"}],"curies":[{"name":"wp","href":"https:\/\/api.w.org\/{rel}","templated":true}]}}