{"id":1946,"date":"2021-01-11T15:55:30","date_gmt":"2021-01-11T14:55:30","guid":{"rendered":"http:\/\/lssq-consulting.com\/?page_id=1946"},"modified":"2022-02-23T16:06:30","modified_gmt":"2022-02-23T15:06:30","slug":"normas-iso","status":"publish","type":"page","link":"https:\/\/lssq-consulting.com\/en\/normas-iso\/","title":{"rendered":"Normas ISO"},"content":{"rendered":"<div class=\"wpb-content-wrapper\"><p>[vc_row css=&#8221;.vc_custom_1610395288917{background-image: url(http:\/\/lssq-consulting.com\/wp-content\/uploads\/notebook-writing-table-leather-pen-notepad-889564-pxhere.com_-scaled.jpg?id=1721) !important;background-position: center !important;background-repeat: no-repeat !important;background-size: cover !important;}&#8221;][vc_column width=&#8221;2\/3&#8243;][vc_empty_space height=&#8221;120px&#8221;][vc_column_text css=&#8221;.vc_custom_1610395491698{margin-bottom: 0px !important;}&#8221;]<\/p>\n<h1 style=\"text-align: left; padding-left: 40px;\"><span style=\"color: #ffffff; font-size: 24pt; font-family: arial, helvetica, sans-serif;\"><strong>CERTIFICACIONES ISO<\/strong><\/span><\/h1>\n<p>[\/vc_column_text][vc_empty_space height=&#8221;120px&#8221;][vc_column_text css=&#8221;.vc_custom_1610395505675{margin-bottom: 0px !important;}&#8221;]<\/p>\n<h5 style=\"text-align: justify; padding-left: 40px;\"><span style=\"color: #ffffff; font-size: 12pt; font-family: arial, helvetica, sans-serif;\">En <strong>LSSQ CONSULTING<\/strong> llevamos m\u00e1s de 15 a\u00f1os especializados en auditor\u00edas, implantaci\u00f3n y certificaci\u00f3n de sistemas de gesti\u00f3n. Gracias a nuestra experiencia podemos ofrecerle un trato personalizado y adecuado a su modelo de negocio. Confiar en <strong>LSSQ CONSULTING<\/strong> es garant\u00eda de \u00e9xito para conseguir certificarse en un Sistema de Gesti\u00f3n basado en normas ISO.<\/span><\/h5>\n<p>[\/vc_column_text][vc_empty_space height=&#8221;120px&#8221;][\/vc_column][vc_column width=&#8221;1\/3&#8243;][\/vc_column][\/vc_row][vc_row][vc_column][\/vc_column][\/vc_row][vc_row][vc_column][vc_empty_space][\/vc_column][\/vc_row][vc_row gap=&#8221;2&#8243; equal_height=&#8221;yes&#8221; css=&#8221;.vc_custom_1610379080879{padding-top: 0px !important;padding-bottom: 0px !important;}&#8221;][vc_column width=&#8221;1\/4&#8243;][vc_message icon_type=&#8221;openiconic&#8221; icon_openiconic=&#8221;vc-oi vc-oi-play&#8221; css=&#8221;.vc_custom_1610395774230{background-color: #cad37c !important;}&#8221;]<\/p>\n<p style=\"text-align: center;\"><span style=\"font-family: arial, helvetica, sans-serif; font-size: 14pt;\"><a href=\"http:\/\/lssq-consulting.com\/iso-27001\/\"><span style=\"color: #000080;\"><strong>ISO 27001<\/strong><\/span><\/a><\/span><\/p>\n<p>[\/vc_message][\/vc_column][vc_column width=&#8221;1\/4&#8243;][vc_message icon_type=&#8221;openiconic&#8221; icon_openiconic=&#8221;vc-oi vc-oi-play&#8221; css=&#8221;.vc_custom_1610395734010{background-color: #cad37c !important;}&#8221;]<\/p>\n<p style=\"text-align: center;\"><span style=\"color: #000080; font-family: arial, helvetica, sans-serif; font-size: 14pt;\"><strong><a style=\"color: #000080;\" href=\"http:\/\/lssq-consulting.com\/iso-9001\/\">ISO 9001<\/a><\/strong><\/span><\/p>\n<p>[\/vc_message][\/vc_column][vc_column width=&#8221;1\/4&#8243;][vc_message icon_type=&#8221;openiconic&#8221; icon_openiconic=&#8221;vc-oi vc-oi-play&#8221; css=&#8221;.vc_custom_1610395747751{background-color: #cad37c !important;}&#8221;]<\/p>\n<p style=\"text-align: center;\"><span style=\"font-family: arial, helvetica, sans-serif; font-size: 14pt;\"><a href=\"http:\/\/lssq-consulting.com\/iso-14001\/\"><span style=\"color: #000080;\"><strong>ISO 14001<\/strong><\/span><\/a><\/span><\/p>\n<p>[\/vc_message][\/vc_column][vc_column width=&#8221;1\/4&#8243;][vc_message icon_type=&#8221;openiconic&#8221; icon_openiconic=&#8221;vc-oi vc-oi-play&#8221; css=&#8221;.vc_custom_1610395761004{background-color: #cad37c !important;}&#8221;]<\/p>\n<p style=\"text-align: center;\"><span style=\"font-family: arial, helvetica, sans-serif; font-size: 14pt;\"><a href=\"http:\/\/lssq-consulting.com\/iso-45001\/\"><span style=\"color: #000080;\"><strong>ISO 45001<\/strong><\/span><\/a><\/span><\/p>\n<p>[\/vc_message][\/vc_column][\/vc_row][vc_row gap=&#8221;2&#8243;][vc_column width=&#8221;1\/3&#8243;][vc_cta h2=&#8221;Consultor\u00eda ISO&#8221;]<\/p>\n<p style=\"text-align: justify;\"><span style=\"font-family: arial, helvetica, sans-serif;\"><span style=\"color: #003366;\"><strong>LSSQ CONSULTING<\/strong><\/span> se especializa en ayudar a las empresas a lograr la certificaci\u00f3n ISO y proporciona todas las herramientas y la capacitaci\u00f3n necesarias para mantenerse certificadas.<\/span><\/p>\n<p style=\"text-align: justify;\"><span style=\"font-family: arial, helvetica, sans-serif;\">El verdadero valor de nuestros sistemas es el consultor dedicado, que lo guiar\u00e1 en cada paso del proceso de certificaci\u00f3n ISO. Desarrollamos su manual de calidad, la\u00a0 documentaci\u00f3n de procesos, realizamos revisiones de gesti\u00f3n, capacitaci\u00f3n en auditor\u00eda interna y proporcionamos todo lo necesario para obtener la certificaci\u00f3n ISO.<\/span><\/p>\n<p>[\/vc_cta][\/vc_column][vc_column width=&#8221;1\/3&#8243;][vc_cta h2=&#8221;Auditor\u00eda ISO&#8221;]<\/p>\n<p style=\"text-align: justify;\"><span style=\"font-family: arial, helvetica, sans-serif;\">Con el desafiante entorno empresarial actual, l<\/span><span style=\"font-family: arial, helvetica, sans-serif;\">a subcontrataci\u00f3n de <span style=\"color: #003366;\"><strong>LSSQ CONSULTING<\/strong> <\/span>para la realizaci\u00f3n de auditor\u00edas ISO, auditor\u00edas internas, an\u00e1lisis de brecha (gap) y auditor\u00edas de proveedores le permite concentrarse en su negocio, sin distraerse o dedicar tiempo a capacitarse para ser auditor.<\/span><\/p>\n<p style=\"text-align: justify;\"><span style=\"font-family: arial, helvetica, sans-serif;\">Nuestros auditores se enfocan en la mejora continua y en fomentar la reducci\u00f3n del riesgo y el aumento de la calidad y la confiabilidad en su empresa.<\/span><\/p>\n<p>[\/vc_cta][\/vc_column][vc_column width=&#8221;1\/3&#8243;][vc_cta h2=&#8221;Mantenimiento ISO&#8221;]<\/p>\n<p style=\"text-align: justify;\"><span style=\"font-family: arial, helvetica, sans-serif;\">Nuestros clientes <\/span><span style=\"font-family: arial, helvetica, sans-serif;\">pueden solicitar la ayuda de <span style=\"color: #003366;\"><strong>LSSQ CONSULTING<\/strong> <\/span>cuando sea necesario para la creaci\u00f3n, actualizaci\u00f3n y publicaci\u00f3n de documentos. <\/span><\/p>\n<p style=\"text-align: justify;\"><span style=\"font-family: arial, helvetica, sans-serif;\">Nuestros consultores est\u00e1n capacitados para procesar cambios de manera integral, sabiendo que un cambio en un procedimiento central puede generar actualizaciones en el Manual del Sistema de Gesti\u00f3n, formularios asociados, procedimientos e instrucciones de trabajo, o simplemente en los registros.<\/span><\/p>\n<p>[\/vc_cta][\/vc_column][\/vc_row][vc_row gap=&#8221;2&#8243; content_placement=&#8221;middle&#8221; css=&#8221;.vc_custom_1610379053574{padding-top: 20px !important;padding-bottom: 10px !important;}&#8221;][vc_column][vc_cta h2=&#8221;Nuestra experiencia y enfoque de consultor\u00eda se puede demostrar con el historial de 100% de clientes certificados a la primera&#8221; txt_align=&#8221;justify&#8221; style=&#8221;outline&#8221; color=&#8221;mulled-wine&#8221;][\/vc_cta][\/vc_column][\/vc_row][vc_row css=&#8221;.vc_custom_1610379106482{padding-top: 20px !important;padding-bottom: 20px !important;}&#8221;][vc_column width=&#8221;1\/3&#8243;][vc_gallery type=&#8221;image_grid&#8221; images=&#8221;1807,1756,1724,1711,1701,1696,1704,1705&#8243; onclick=&#8221;&#8221;][\/vc_column][vc_column width=&#8221;2\/3&#8243;][vc_cta h2=&#8221;&#8221;]<\/p>\n<p style=\"text-align: left;\"><span style=\"font-family: arial, helvetica, sans-serif; color: #808080; font-size: 14pt;\">Por qu\u00e9 elegir LSSQ CONSULTING<\/span><\/p>\n<ul>\n<li><span style=\"font-family: arial, helvetica, sans-serif; color: #808080;\">Porque nuestros clientes son siempre lo primero.\u00a0<strong>Siempre<\/strong>.<\/span><\/li>\n<li><span style=\"font-family: arial, helvetica, sans-serif; color: #808080;\">Porque en todos los proyectos que realizamos nuestros clientes conocen siempre de antemano los aspectos y el alcance real de nuestra colaboraci\u00f3n profesional.\u00a0<strong>Sin sorpresas<\/strong>.<\/span><\/li>\n<li><span style=\"font-family: arial, helvetica, sans-serif; color: #808080;\">Porque nuestros clientes conocen, desde el inicio, los honorarios profesionales y los gastos que genera nuestra colaboraci\u00f3n.<\/span><\/li>\n<li><span style=\"font-family: arial, helvetica, sans-serif; color: #808080;\">Porque asignamos a la realizaci\u00f3n de los proyectos a profesionales con la m\u00e1s alta cualificaci\u00f3n: Auditores Jefe, Black Belt , Lean Expert, etc.<\/span><\/li>\n<li><span style=\"font-family: arial, helvetica, sans-serif; color: #808080;\">Porque somos una empresa que mejora continuamente y nos interesamos por cualquier sugerencia, cr\u00edtica o quejas que nuestros clientes tengan oportuno hacernos.\u00a0<strong>Ponemos en pr\u00e1ctica lo que ense\u00f1amos<\/strong>.<\/span><\/li>\n<li><span style=\"font-family: arial, helvetica, sans-serif; color: #808080;\">Porque nuestros clientes est\u00e1n permanentemente informados del grado de avance de los proyectos y le dispensamos un trato humano excelente, no solo profesional.<\/span><\/li>\n<li><span style=\"font-family: arial, helvetica, sans-serif; color: #808080;\">Porque mantenemos la m\u00e1s estricta confidencialidad sobre la informaci\u00f3n de nuestros clientes a la que podamos acceder.<\/span><\/li>\n<li><span style=\"font-family: arial, helvetica, sans-serif; color: #808080;\">Porque, siendo una empresa de consultor\u00eda, concedemos una extrema importancia a la transferencia de conocimientos y a compartir nuestras experiencias.<\/span><\/li>\n<li><span style=\"font-family: arial, helvetica, sans-serif; color: #808080;\">Porque nos enorgullece que nuestros clientes nos exijan cumplir por encima de las expectativas que les hayamos podido generar.<\/span><\/li>\n<\/ul>\n<p>[\/vc_cta][\/vc_column][\/vc_row][vc_row][vc_column width=&#8221;1\/3&#8243;][wpforms id=&#8221;1435&#8243; title=&#8221;false&#8221; description=&#8221;false&#8221;][\/vc_column][vc_column width=&#8221;1\/3&#8243;][vc_btn title=&#8221;SOLICITE INFORMACI\u00d3N O PRESUPUESTO&#8221; color=&#8221;white&#8221;][vc_column_text]<\/p>\n<h5><span style=\"color: #003366;\">Si le interesa implantar una norma ISO en su empresa, escr\u00edbanos y le enviaremos un presupuesto sin compromiso.<\/span><\/h5>\n<h5><\/h5>\n<p>[\/vc_column_text][vc_column_text]<\/p>\n<h5><span style=\"color: #003366;\">S<\/span><span style=\"color: #003366;\">i lo prefiere, puede llamarnos 91 827 13 79 o escribirnos a info@lssq-consulting.com<\/span><\/h5>\n<p>[\/vc_column_text][vc_message]<em>Al pulsar el bot\u00f3n de ENVIAR usted acepta expl\u00edcitamente la pol\u00edtica de protecci\u00f3n de datos. Puede consultar informaci\u00f3n adicional y detallada en nuestra\u00a0<a href=\"http:\/\/lssq-consulting.com\/politica-de-privacidad\/\">Pol\u00edtica de Privacidad<\/a>.<\/em>[\/vc_message][\/vc_column][vc_column width=&#8221;1\/3&#8243;][vc_single_image image=&#8221;1874&#8243; img_size=&#8221;medium&#8221;][\/vc_column][\/vc_row]<\/p>\n<\/div>","protected":false},"excerpt":{"rendered":"<p>[vc_row css=&#8221;.vc_custom_1610395288917{background-image: url(http:\/\/lssq-consulting.com\/wp-content\/uploads\/notebook-writing-table-leather-pen-notepad-889564-pxhere.com_-scaled.jpg?id=1721) !important;background-position: center !important;background-repeat: no-repeat !important;background-size: cover !important;}&#8221;][vc_column width=&#8221;2\/3&#8243;][vc_empty_space height=&#8221;120px&#8221;][vc_column_text css=&#8221;.vc_custom_1610395491698{margin-bottom: 0px !important;}&#8221;] CERTIFICACIONES ISO [\/vc_column_text][vc_empty_space height=&#8221;120px&#8221;][vc_column_text css=&#8221;.vc_custom_1610395505675{margin-bottom: 0px !important;}&#8221;] En LSSQ CONSULTING llevamos m\u00e1s de 15 a\u00f1os especializados en auditor\u00edas, implantaci\u00f3n y certificaci\u00f3n de sistemas de gesti\u00f3n. Gracias a nuestra experiencia podemos ofrecerle un trato personalizado y adecuado a su modelo de&hellip;<\/p>\n<p class=\"more-link\"><a href=\"https:\/\/lssq-consulting.com\/en\/normas-iso\/\" class=\"themebutton2\">Read More<\/a><\/p>\n","protected":false},"author":2,"featured_media":0,"parent":0,"menu_order":0,"comment_status":"closed","ping_status":"closed","template":"","meta":{"footnotes":""},"categories":[157,131,61,155,63,62],"tags":[268,15],"class_list":["post-1946","page","type-page","status-publish","hentry","category-certificaciones-iso","category-consultoria","category-iso-14001","category-iso-27001","category-iso-45001","category-iso-9001","tag-consultoria-2","tag-normas-iso"],"aioseo_notices":[],"_links":{"self":[{"href":"https:\/\/lssq-consulting.com\/en\/wp-json\/wp\/v2\/pages\/1946","targetHints":{"allow":["GET"]}}],"collection":[{"href":"https:\/\/lssq-consulting.com\/en\/wp-json\/wp\/v2\/pages"}],"about":[{"href":"https:\/\/lssq-consulting.com\/en\/wp-json\/wp\/v2\/types\/page"}],"author":[{"embeddable":true,"href":"https:\/\/lssq-consulting.com\/en\/wp-json\/wp\/v2\/users\/2"}],"replies":[{"embeddable":true,"href":"https:\/\/lssq-consulting.com\/en\/wp-json\/wp\/v2\/comments?post=1946"}],"version-history":[{"count":0,"href":"https:\/\/lssq-consulting.com\/en\/wp-json\/wp\/v2\/pages\/1946\/revisions"}],"wp:attachment":[{"href":"https:\/\/lssq-consulting.com\/en\/wp-json\/wp\/v2\/media?parent=1946"}],"wp:term":[{"taxonomy":"category","embeddable":true,"href":"https:\/\/lssq-consulting.com\/en\/wp-json\/wp\/v2\/categories?post=1946"},{"taxonomy":"post_tag","embeddable":true,"href":"https:\/\/lssq-consulting.com\/en\/wp-json\/wp\/v2\/tags?post=1946"}],"curies":[{"name":"wp","href":"https:\/\/api.w.org\/{rel}","templated":true}]}}