{"id":1264,"date":"2019-10-12T18:37:26","date_gmt":"2019-10-12T17:37:26","guid":{"rendered":"http:\/\/lssq-consulting.com\/?page_id=1264"},"modified":"2021-01-14T21:20:32","modified_gmt":"2021-01-14T20:20:32","slug":"formacion-sg","status":"publish","type":"page","link":"https:\/\/lssq-consulting.com\/en\/formacion-sg\/","title":{"rendered":"Formaci\u00f3n en Sistemas ISO"},"content":{"rendered":"<div class=\"wpb-content-wrapper\"><p>[vc_row][vc_column][vc_cta h2=&#8221;&#8221;]<span style=\"font-family: arial, helvetica, sans-serif; font-size: 24pt; color: #808080;\">CURSOS EN NORMAS ISO<\/span><\/p>\n<p>[\/vc_cta][\/vc_column][\/vc_row][vc_row][vc_column width=&#8221;2\/3&#8243;][vc_column_text]<\/p>\n<div class=\"vc_row wpb_row vc_row-fluid\">\n<div class=\"wpb_column vc_column_container vc_col-sm-12\">\n<div class=\"vc_column-inner \">\n<div class=\"wpb_wrapper\">\n<div class=\"wpb_text_column wpb_content_element vc_custom_1570876425896\">\n<div class=\"wpb_wrapper\">\n<p style=\"text-align: justify;\"><span style=\"font-family: arial, helvetica, sans-serif; color: #808080;\">El mantenimiento de un Sistema de Gesti\u00f3n, tanto de Calidad (9001) como de Medioambiente (14001), Seguridad y Salud (45001), o Seguridad de la Informaci\u00f3n (27001), constituye una inversi\u00f3n y un esfuerzo para las organizaciones. Que sea rentable o no, que pueda otorgar una situaci\u00f3n de ventaja competitiva frente al resto de competidores. Para que represente una mejora inobjetable en su eficacia interna, es necesario capacitar correctamente a trabajadores y responsables.<\/span><\/p>\n<\/div>\n<\/div>\n<\/div>\n<\/div>\n<\/div>\n<\/div>\n<p>[\/vc_column_text][\/vc_column][vc_column width=&#8221;1\/3&#8243;][vc_single_image image=&#8221;63&#8243; img_size=&#8221;medium&#8221; alignment=&#8221;center&#8221;][\/vc_column][\/vc_row][vc_row][vc_column][vc_message]<\/p>\n<h4 style=\"text-align: justify;\"><span style=\"font-family: arial, helvetica, sans-serif;\">Nuestro Curso Especializado en Normas ISO de Sistemas de Gesti\u00f3n est\u00e1 dirigido a directivos, mandos intermedios o t\u00e9cnicos, as\u00ed como a todos aquellos profesionales que quieran adquirir los conocimientos necesarios para efectuar una gesti\u00f3n v\u00e1lida y eficiente.<\/span><\/h4>\n<p>[\/vc_message][\/vc_column][\/vc_row][vc_row][vc_column width=&#8221;1\/3&#8243;][vc_single_image image=&#8221;611&#8243; img_size=&#8221;large&#8221; alignment=&#8221;center&#8221;][\/vc_column][vc_column width=&#8221;2\/3&#8243;][vc_column_text]<\/p>\n<div class=\"vc_row wpb_row vc_row-fluid\">\n<div class=\"wpb_column vc_column_container vc_col-sm-12\">\n<div class=\"vc_column-inner \">\n<div class=\"wpb_wrapper\">\n<div class=\"wpb_text_column wpb_content_element vc_custom_1570876425896\"><\/div>\n<\/div>\n<\/div>\n<\/div>\n<\/div>\n<div class=\"vc_row wpb_row vc_row-fluid\">\n<div class=\"wpb_column vc_column_container vc_col-sm-12\">\n<div class=\"vc_column-inner \">\n<div class=\"wpb_wrapper\">\n<div class=\"wpb_text_column wpb_content_element vc_custom_1570877416229\">\n<div class=\"wpb_wrapper\">\n<ul>\n<li style=\"text-align: justify;\"><span style=\"font-family: arial, helvetica, sans-serif; color: #808080;\">El desarrollo de competencias es una\u00a0<strong>inversi\u00f3n estrat\u00e9gica<\/strong>\u00a0y ha de estar alineada con los objetivos de seguridad, calidad, servicio y costes de la empresa.<\/span><\/li>\n<li style=\"text-align: justify;\"><span style=\"font-family: arial, helvetica, sans-serif; color: #808080;\">Las acciones formativas se disen\u0303an a medida de las necesidades de la empresa, de sus requisitos, legislacio\u0301n aplicable, duracio\u0301n, horarios y grupos de asistencia.<\/span><\/li>\n<li style=\"text-align: justify;\"><span style=\"font-family: arial, helvetica, sans-serif; color: #808080;\">Esta formacio\u0301n \u201c<em>100% a medida<\/em>\u201d permite optimizar su imparticio\u0301n y aplicacio\u0301n a los puestos de trabajo.<\/span><\/li>\n<li style=\"text-align: justify;\"><span style=\"font-family: arial, helvetica, sans-serif; color: #808080;\">La formacio\u0301n esta\u0301 disen\u0303ada y dirigida a la aplicacio\u0301n pra\u0301ctica de los conocimientos en los puestos y funciones con el objetivo de la mejora del desempen\u0303o de los trabajadores.<\/span><\/li>\n<li style=\"text-align: justify;\"><span style=\"font-family: arial, helvetica, sans-serif; color: #808080;\">Los formadores cuentan con abundante experiencia tanto en la imparticio\u0301n de acciones formativas como en la implantaci\u00f3n real a trave\u0301s de su experiencia como consultores y auditores.<\/span><\/li>\n<\/ul>\n<\/div>\n<\/div>\n<\/div>\n<\/div>\n<\/div>\n<\/div>\n<p>[\/vc_column_text][\/vc_column][\/vc_row][vc_row][vc_column width=&#8221;1\/3&#8243;][vc_cta h2=&#8221;&#8221;]<\/p>\n<p style=\"text-align: center;\"><span style=\"font-family: arial, helvetica, sans-serif; font-size: 18pt;\"><b>GESTI\u00d3N DE LA CALIDAD CON ISO 9001<\/b><\/span><\/p>\n<p>[\/vc_cta][vc_single_image image=&#8221;1918&#8243; img_size=&#8221;500&#215;300&#8243;][vc_column_text]<\/p>\n<p style=\"text-align: justify;\"><span style=\"font-family: arial, helvetica, sans-serif; color: #003366;\">La Gesti\u00f3n de la Calidad es un tema muy extenso en el que se abordan muchos temas, entre ellos, la gesti\u00f3n de riesgos, las metodolog\u00edas necesarias para alcanzar la certificaci\u00f3n o las auditor\u00edas internas previas a la auditor\u00eda de certificaci\u00f3n o para mantener la eficacia del sistema realizando auditorias de forma peri\u00f3dica.<\/span><\/p>\n<p style=\"text-align: justify;\"><span style=\"font-family: arial, helvetica, sans-serif; color: #003366;\">Se hace \u00e9nfasis en los indicadores de gesti\u00f3n, que se convierten as\u00ed en los signos vitales de la organizaci\u00f3n. Su continuo monitoreo permite establecer los condiciones e identificar los diversos s\u00edntomas que se derivan del desarrollo normal de las actividades.<\/span><\/p>\n<p style=\"text-align: justify;\"><span style=\"font-family: arial, helvetica, sans-serif; color: #003366;\">Este curso en <b>Sistema de Gesti\u00f3n de la Calidad con ISO 9001 <\/b>est\u00e1 orientado a trabajadores que deseen profundizar en el conocimiento de la norma y que deseen adquirir mayores conocimientos en materia de gesti\u00f3n de la calidad.<\/span><\/p>\n<p>[\/vc_column_text][\/vc_column][vc_column width=&#8221;1\/3&#8243;][vc_cta h2=&#8221;&#8221;]<\/p>\n<p style=\"text-align: center;\"><span style=\"font-family: arial, helvetica, sans-serif; font-size: 18pt;\"><b>GESTI\u00d3N AMBIENTAL CON ISO 14001<\/b><\/span><\/p>\n<p>[\/vc_cta][vc_single_image image=&#8221;2206&#8243; img_size=&#8221;500&#215;300&#8243;][vc_column_text]<\/p>\n<p style=\"text-align: justify;\"><span style=\"font-family: arial, helvetica, sans-serif; color: #003366;\">Un Sistema de Gesti\u00f3n Ambiental es una combinaci\u00f3n de procesos que permiten que una empresa reduzca sus impactos ambientales y aumente su eficiencia para conseguir mejoras tanto econ\u00f3micas como ambientales y operativas.<\/span><\/p>\n<p style=\"text-align: justify;\"><span style=\"font-family: arial, helvetica, sans-serif; color: #003366;\">El Sistema de Gesti\u00f3n Ambiental implica tareas como formaci\u00f3n, inspecciones, establecer una pol\u00edtica y objetivos, gesti\u00f3n de riesgos etc. En un Sistema de Gesti\u00f3n Ambiental hay que identificar las oportunidades de mejora que disminuyan el impacto sobre el medio ambiente de forma continua.<\/span><\/p>\n<p style=\"text-align: justify;\"><span style=\"font-family: arial, helvetica, sans-serif; color: #003366;\">Este curso en <strong>Sistema de Gesti\u00f3n Ambiental con ISO 14001<\/strong> est\u00e1 orientado a trabajadores que deseen profundizar en el conocimiento de la norma y a directivos y responsables de implantar y gestionar un SGA.<\/span><\/p>\n<p>[\/vc_column_text][\/vc_column][vc_column width=&#8221;1\/3&#8243;][vc_cta h2=&#8221;&#8221;]<\/p>\n<p style=\"text-align: center;\"><span style=\"font-family: arial, helvetica, sans-serif; font-size: 18pt;\"><b>GESTI\u00d3N SST CON ISO 45001<\/b><\/span><\/p>\n<p>[\/vc_cta][vc_single_image image=&#8221;2205&#8243; img_size=&#8221;500&#215;300&#8243;][vc_column_text]<\/p>\n<p style=\"text-align: justify;\"><span style=\"font-family: arial, helvetica, sans-serif; color: #003366;\">Seg\u00fan c\u00e1lculos 2017 de la Organizaci\u00f3n Internacional del Trabajo (OIT), cada a\u00f1o se producen 2.78 millones de accidentes mortales en el trabajo (7.700 muertes diarias). Adem\u00e1s, hay aproximadamente 375 millones de lesiones y enfermedades no mortales relacionadas con el trabajo cada a\u00f1o, muchas de las cuales resultan en ausencias prolongadas del trabajo.<\/span><\/p>\n<p style=\"text-align: justify;\"><span style=\"font-family: arial, helvetica, sans-serif; color: #003366;\">La norma ISO 45001: 2018 proporciona un conjunto s\u00f3lido y eficaz de procesos para mejorar la seguridad de los trabajadores.\u00a0<\/span><\/p>\n<p style=\"text-align: justify;\"><span style=\"font-family: arial, helvetica, sans-serif; color: #003366;\">Este curso en <strong>Sistema de Gesti\u00f3n de Seguridad y Salud en el Trabajo con ISO 45001<\/strong> capacita a trabajadores y responsables a comprender el enfoque de la norma y dotarles de las herramientas y conocimientos necesarios para llevar a cabo con \u00e9xito su implantaci\u00f3n y mantenimiento.<\/span><\/p>\n<p>[\/vc_column_text][\/vc_column][\/vc_row][vc_row][vc_column][vc_message]<\/p>\n<p style=\"text-align: center;\"><span style=\"color: #003366; font-family: arial, helvetica, sans-serif;\"><strong>SOLICITE M\u00c1S INFORMACI\u00d3N<\/strong><\/span><\/p>\n<p style=\"text-align: center;\"><span style=\"font-family: arial, helvetica, sans-serif;\">Temario, condiciones, precio<\/span><\/p>\n<p>[\/vc_message][\/vc_column][\/vc_row][vc_row][vc_column width=&#8221;1\/3&#8243;][vc_column_text]<\/p>\n<h6>Si le interesa nuestra capacitaci\u00f3n en Sistemas de Gesti\u00f3n, escr\u00edbanos y le enviaremos informaci\u00f3n y un presupuesto sin compromiso.<\/h6>\n<h6><span style=\"color: #3366ff;\">O si lo prefiere ll\u00e1menos al 91 827 13 79 <\/span><\/h6>\n<p>[\/vc_column_text][vc_message]<em>Al pulsar el bot\u00f3n de ENVIAR usted acepta expl\u00edcitamente la pol\u00edtica de protecci\u00f3n de datos. Puede consultar informaci\u00f3n adicional y detallada en nuestra\u00a0<a href=\"http:\/\/lssq-consulting.com\/politica-de-privacidad\/\">Pol\u00edtica de Privacidad<\/a>.<\/em>[\/vc_message][\/vc_column][vc_column width=&#8221;1\/3&#8243;][vc_single_image image=&#8221;1874&#8243; img_size=&#8221;medium&#8221; alignment=&#8221;center&#8221; style=&#8221;vc_box_shadow&#8221;][\/vc_column][vc_column width=&#8221;1\/3&#8243;][wpforms id=&#8221;1435&#8243; title=&#8221;false&#8221; description=&#8221;false&#8221;][\/vc_column][\/vc_row][vc_row][vc_column][vc_column_text]<\/p>\n<h2 style=\"text-align: center;\"><span style=\"color: #000080;\">Visite nuestra p\u00e1gina sobre <a href=\"http:\/\/lssq-consulting.com\/certificaciones-iso\/\">Implantaci\u00f3n de Sistemas de Gesti\u00f3n<\/a><\/span><\/h2>\n<p>[\/vc_column_text][\/vc_column][\/vc_row]<\/p>\n<\/div>","protected":false},"excerpt":{"rendered":"<p>[vc_row][vc_column][vc_cta h2=&#8221;&#8221;]CURSOS EN NORMAS ISO [\/vc_cta][\/vc_column][\/vc_row][vc_row][vc_column width=&#8221;2\/3&#8243;][vc_column_text] El mantenimiento de un Sistema de Gesti\u00f3n, tanto de Calidad (9001) como de Medioambiente (14001), Seguridad y Salud (45001), o Seguridad de la Informaci\u00f3n (27001), constituye una inversi\u00f3n y un esfuerzo para las organizaciones. Que sea rentable o no, que pueda otorgar una situaci\u00f3n de ventaja competitiva frente&hellip;<\/p>\n<p class=\"more-link\"><a href=\"https:\/\/lssq-consulting.com\/en\/formacion-sg\/\" class=\"themebutton2\">Read More<\/a><\/p>\n","protected":false},"author":2,"featured_media":0,"parent":0,"menu_order":0,"comment_status":"closed","ping_status":"closed","template":"","meta":{"footnotes":""},"categories":[158,61,63,62],"tags":[74,77,78,79,17],"class_list":["post-1264","page","type-page","status-publish","hentry","category-formacion","category-iso-14001","category-iso-45001","category-iso-9001","tag-consultoria","tag-formacion","tag-iso-14001","tag-iso-45001","tag-iso-9001"],"aioseo_notices":[],"_links":{"self":[{"href":"https:\/\/lssq-consulting.com\/en\/wp-json\/wp\/v2\/pages\/1264","targetHints":{"allow":["GET"]}}],"collection":[{"href":"https:\/\/lssq-consulting.com\/en\/wp-json\/wp\/v2\/pages"}],"about":[{"href":"https:\/\/lssq-consulting.com\/en\/wp-json\/wp\/v2\/types\/page"}],"author":[{"embeddable":true,"href":"https:\/\/lssq-consulting.com\/en\/wp-json\/wp\/v2\/users\/2"}],"replies":[{"embeddable":true,"href":"https:\/\/lssq-consulting.com\/en\/wp-json\/wp\/v2\/comments?post=1264"}],"version-history":[{"count":0,"href":"https:\/\/lssq-consulting.com\/en\/wp-json\/wp\/v2\/pages\/1264\/revisions"}],"wp:attachment":[{"href":"https:\/\/lssq-consulting.com\/en\/wp-json\/wp\/v2\/media?parent=1264"}],"wp:term":[{"taxonomy":"category","embeddable":true,"href":"https:\/\/lssq-consulting.com\/en\/wp-json\/wp\/v2\/categories?post=1264"},{"taxonomy":"post_tag","embeddable":true,"href":"https:\/\/lssq-consulting.com\/en\/wp-json\/wp\/v2\/tags?post=1264"}],"curies":[{"name":"wp","href":"https:\/\/api.w.org\/{rel}","templated":true}]}}